{"id":12347,"date":"2025-02-08T10:03:57","date_gmt":"2025-02-08T09:03:57","guid":{"rendered":"https:\/\/www.ebihal.hu\/?post_type=product&#038;p=12347"},"modified":"2025-10-14T20:01:39","modified_gmt":"2025-10-14T19:01:39","slug":"narval-commander-shad-candy-12-cm-uv","status":"publish","type":"product","link":"https:\/\/www.ebihal.hu\/en\/shop\/mucsali\/gumicsali\/narval\/commander-shad\/nvcm-12cm\/narval-commander-shad-candy-12-cm-uv\/","title":{"rendered":"Narval Commander Shad Candy 12 cm UV"},"content":{"rendered":"<p>Nagyhal specialista. A l\u00e1tsz\u00f3lagos egyszer\u0171s\u00e9g ellen\u00e9re ez a &#8222;vibrotail&#8221; t\u00edpus\u00fa csali rendk\u00edv\u00fcl \u00f6sszetett mozg\u00e1st produk\u00e1l \u00e1ll\u00f3- \u00e9s foly\u00f3v\u00edzben egyar\u00e1nt.<\/p>\n<p>A csali puha, de nagyon tart\u00f3s anyagb\u00f3l k\u00e9sz\u00fcl.\u00a0A has el\u00fcls\u0151 r\u00e9sz\u00e9ben van egy &#8222;talp&#8221;, amely ellen\u00e1llhatatlan \u00e9s er\u0151teljes rezg\u00e9seket ad a ragadoz\u00f3k sz\u00e1m\u00e1ra. A farok k\u00f6zepes m\u00e9ret\u0171, mozg\u00e1sa sor\u00e1n nemcsak oldalir\u00e1nyba vibr\u00e1l, hanem a tengelye k\u00f6r\u00fcl is kicsavarodik, ami tov\u00e1bbi turbulenci\u00e1t eredm\u00e9nyez.<\/p>\n<p>Ide\u00e1lis gumicsali csuka \u00e9s harcsa perget\u0151 horg\u00e1szat\u00e1ra.<\/p>\n<p>14 gramm a s\u00falya, 12 cm hossz\u00fa, UV akt\u00edv, 1 db gumihal (4 db rendel\u00e9se eset\u00e9n bontatlan, gy\u00e1ri csomagol\u00e1s\u00e1ban sz\u00e1ll\u00edtjuk).<\/p>\n<p><iframe loading=\"lazy\" src=\"https:\/\/www.youtube.com\/embed\/Y92S9cSHJRA\" width=\"560\" height=\"315\" frameborder=\"0\" allowfullscreen=\"allowfullscreen\"><\/iframe><\/p>\n<h4>Additional information<\/h4>\n<table class=\"woocommerce-product-attributes shop_attributes\" aria-label=\"Product Details\" data-no-translation-aria-label=\"\">\n\t\t\t<tr class=\"woocommerce-product-attributes-item woocommerce-product-attributes-item--weight\">\n\t\t\t<th class=\"woocommerce-product-attributes-item__label\" scope=\"row\" data-no-translation=\"\" data-trp-gettext=\"\">Weight<\/th>\n\t\t\t<td class=\"woocommerce-product-attributes-item__value\">0.014 kg<\/td>\n\t\t<\/tr>\n\t\t\t<tr class=\"woocommerce-product-attributes-item woocommerce-product-attributes-item--attribute_pa_brand\">\n\t\t\t<th class=\"woocommerce-product-attributes-item__label\" scope=\"row\">Brand<\/th>\n\t\t\t<td class=\"woocommerce-product-attributes-item__value\"><p>Narval<\/p>\n<\/td>\n\t\t<\/tr>\n\t\t\t<tr class=\"woocommerce-product-attributes-item woocommerce-product-attributes-item--attribute_pa_color\">\n\t\t\t<th class=\"woocommerce-product-attributes-item__label\" scope=\"row\">Color<\/th>\n\t\t\t<td class=\"woocommerce-product-attributes-item__value\"><p>Candy<\/p>\n<\/td>\n\t\t<\/tr>\n\t\t\t<tr class=\"woocommerce-product-attributes-item woocommerce-product-attributes-item--attribute_pa_meret\">\n\t\t\t<th class=\"woocommerce-product-attributes-item__label\" scope=\"row\">Size<\/th>\n\t\t\t<td class=\"woocommerce-product-attributes-item__value\"><p>120 mm<\/p>\n<\/td>\n\t\t<\/tr>\n\t\t\t<tr class=\"woocommerce-product-attributes-item woocommerce-product-attributes-item--attribute_pa_madein\">\n\t\t\t<th class=\"woocommerce-product-attributes-item__label\" scope=\"row\">Country of origin<\/th>\n\t\t\t<td class=\"woocommerce-product-attributes-item__value\"><p>Oroszorsz\u00e1g<\/p>\n<\/td>\n\t\t<\/tr>\n\t\t\t<tr class=\"woocommerce-product-attributes-item woocommerce-product-attributes-item--attribute_pa_kiszereles\">\n\t\t\t<th class=\"woocommerce-product-attributes-item__label\" scope=\"row\">Packaging<\/th>\n\t\t\t<td class=\"woocommerce-product-attributes-item__value\"><p>1 piece<\/p>\n<\/td>\n\t\t<\/tr>\n\t<\/table>","protected":false},"excerpt":{"rendered":"<p>1 db gumihal<\/p>","protected":false},"featured_media":8809,"comment_status":"open","ping_status":"closed","template":"","meta":[],"product_cat":[175,160,74,40,138],"product_tag":[927,173,147,818,148,142,430,817],"class_list":{"0":"post-12347","1":"product","2":"type-product","3":"status-publish","4":"has-post-thumbnail","6":"product_brand-narval","7":"product_cat-nvcm-12cm","8":"product_cat-commander-shad","9":"product_cat-gumicsali","10":"product_cat-mucsali","11":"product_cat-narval","12":"product_tag-blue-back-shiner","13":"product_tag-commander-shad","14":"product_tag-csuka","15":"product_tag-gumihal","16":"product_tag-harcsa","17":"product_tag-narval","18":"product_tag-uv","19":"product_tag-xl","21":"first","22":"instock","23":"shipping-taxable","24":"purchasable","25":"product-type-simple"},"supplier_id":1899,"supplier_sku":"","barcode":null,"atum_controlled":true,"out_stock_date":null,"out_stock_threshold":null,"inheritable":false,"inbound_stock":0,"stock_on_hold":0,"sold_today":0,"sales_last_days":0,"reserved_stock":0,"customer_returns":0,"warehouse_damage":0,"lost_in_post":0,"other_logs":0,"out_stock_days":0,"lost_sales":0,"has_location":false,"update_date":"2026-04-15T00:32:37","atum_locations":[],"atum_stock_status":"instock","restock_status":false,"low_stock_amount":"","sales_update_date":"2026-04-15T00:32:36","calc_backorders":null,"yoast_head":"<!-- This site is optimized with the Yoast SEO plugin v27.4 - https:\/\/yoast.com\/product\/yoast-seo-wordpress\/ -->\n<title>Narval Commander Shad Candy 12 cm UV - Ebihal<\/title>\n<meta name=\"description\" content=\"A Narval Commander Shad igazi nagyhal-specialista. A Candy 12 cm rendk\u00edv\u00fcl \u00f6sszetett mozg\u00e1st produk\u00e1l \u00e1ll\u00f3- \u00e9s foly\u00f3v\u00edzben.\" \/>\n<meta name=\"robots\" content=\"index, follow, max-snippet:-1, max-image-preview:large, max-video-preview:-1\" \/>\n<link rel=\"canonical\" href=\"https:\/\/www.ebihal.hu\/en\/shop\/mucsali\/gumicsali\/narval\/commander-shad\/nvcm-12cm\/narval-commander-shad-candy-12-cm-uv\/\" \/>\n<meta property=\"og:locale\" content=\"en_GB\" \/>\n<meta property=\"og:type\" content=\"article\" \/>\n<meta property=\"og:title\" content=\"Narval Commander Shad Candy 12 cm UV - Ebihal\" \/>\n<meta property=\"og:description\" content=\"A Narval Commander Shad igazi nagyhal-specialista. A Candy 12 cm rendk\u00edv\u00fcl \u00f6sszetett mozg\u00e1st produk\u00e1l \u00e1ll\u00f3- \u00e9s foly\u00f3v\u00edzben.\" \/>\n<meta property=\"og:url\" content=\"https:\/\/www.ebihal.hu\/en\/shop\/mucsali\/gumicsali\/narval\/commander-shad\/nvcm-12cm\/narval-commander-shad-candy-12-cm-uv\/\" \/>\n<meta property=\"og:site_name\" content=\"Ebihal\" \/>\n<meta property=\"article:publisher\" content=\"https:\/\/www.facebook.com\/ebihal\" \/>\n<meta property=\"article:modified_time\" content=\"2025-10-14T19:01:39+00:00\" \/>\n<meta property=\"og:image\" content=\"https:\/\/www.ebihal.hu\/wp-content\/uploads\/2023\/01\/033-1.jpg\" \/>\n\t<meta property=\"og:image:width\" content=\"600\" \/>\n\t<meta property=\"og:image:height\" content=\"600\" \/>\n\t<meta property=\"og:image:type\" content=\"image\/jpeg\" \/>\n<meta name=\"twitter:card\" content=\"summary_large_image\" \/>\n<meta name=\"twitter:label1\" content=\"Estimated reading time\" \/>\n\t<meta name=\"twitter:data1\" content=\"1 minute\" \/>\n<script type=\"application\/ld+json\" class=\"yoast-schema-graph\">{\"@context\":\"https:\\\/\\\/schema.org\",\"@graph\":[{\"@type\":\"WebPage\",\"@id\":\"https:\\\/\\\/www.ebihal.hu\\\/shop\\\/mucsali\\\/gumicsali\\\/narval\\\/commander-shad\\\/nvcm-12cm\\\/narval-commander-shad-candy-12-cm-uv\\\/\",\"url\":\"https:\\\/\\\/www.ebihal.hu\\\/shop\\\/mucsali\\\/gumicsali\\\/narval\\\/commander-shad\\\/nvcm-12cm\\\/narval-commander-shad-candy-12-cm-uv\\\/\",\"name\":\"Narval Commander Shad Candy 12 cm UV - Ebihal\",\"isPartOf\":{\"@id\":\"https:\\\/\\\/www.ebihal.hu\\\/#website\"},\"primaryImageOfPage\":{\"@id\":\"https:\\\/\\\/www.ebihal.hu\\\/shop\\\/mucsali\\\/gumicsali\\\/narval\\\/commander-shad\\\/nvcm-12cm\\\/narval-commander-shad-candy-12-cm-uv\\\/#primaryimage\"},\"image\":{\"@id\":\"https:\\\/\\\/www.ebihal.hu\\\/shop\\\/mucsali\\\/gumicsali\\\/narval\\\/commander-shad\\\/nvcm-12cm\\\/narval-commander-shad-candy-12-cm-uv\\\/#primaryimage\"},\"thumbnailUrl\":\"https:\\\/\\\/www.ebihal.hu\\\/wp-content\\\/uploads\\\/2023\\\/01\\\/033-1.jpg\",\"datePublished\":\"2025-02-08T09:03:57+00:00\",\"dateModified\":\"2025-10-14T19:01:39+00:00\",\"description\":\"A Narval Commander Shad igazi nagyhal-specialista. A Candy 12 cm rendk\u00edv\u00fcl \u00f6sszetett mozg\u00e1st produk\u00e1l \u00e1ll\u00f3- \u00e9s foly\u00f3v\u00edzben.\",\"breadcrumb\":{\"@id\":\"https:\\\/\\\/www.ebihal.hu\\\/shop\\\/mucsali\\\/gumicsali\\\/narval\\\/commander-shad\\\/nvcm-12cm\\\/narval-commander-shad-candy-12-cm-uv\\\/#breadcrumb\"},\"inLanguage\":\"en-GB\",\"potentialAction\":[{\"@type\":\"ReadAction\",\"target\":[\"https:\\\/\\\/www.ebihal.hu\\\/shop\\\/mucsali\\\/gumicsali\\\/narval\\\/commander-shad\\\/nvcm-12cm\\\/narval-commander-shad-candy-12-cm-uv\\\/\"]}]},{\"@type\":\"ImageObject\",\"inLanguage\":\"en-GB\",\"@id\":\"https:\\\/\\\/www.ebihal.hu\\\/shop\\\/mucsali\\\/gumicsali\\\/narval\\\/commander-shad\\\/nvcm-12cm\\\/narval-commander-shad-candy-12-cm-uv\\\/#primaryimage\",\"url\":\"https:\\\/\\\/www.ebihal.hu\\\/wp-content\\\/uploads\\\/2023\\\/01\\\/033-1.jpg\",\"contentUrl\":\"https:\\\/\\\/www.ebihal.hu\\\/wp-content\\\/uploads\\\/2023\\\/01\\\/033-1.jpg\",\"width\":600,\"height\":600,\"caption\":\"Narval Commander Shad Candy\"},{\"@type\":\"BreadcrumbList\",\"@id\":\"https:\\\/\\\/www.ebihal.hu\\\/shop\\\/mucsali\\\/gumicsali\\\/narval\\\/commander-shad\\\/nvcm-12cm\\\/narval-commander-shad-candy-12-cm-uv\\\/#breadcrumb\",\"itemListElement\":[{\"@type\":\"ListItem\",\"position\":1,\"name\":\"Kezd\u0151lap\",\"item\":\"https:\\\/\\\/www.ebihal.hu\\\/\"},{\"@type\":\"ListItem\",\"position\":2,\"name\":\"M\u0171csali \u00e1ruh\u00e1z\",\"item\":\"https:\\\/\\\/www.ebihal.hu\\\/\"},{\"@type\":\"ListItem\",\"position\":3,\"name\":\"Narval Commander Shad Candy 12 cm UV\"}]},{\"@type\":\"WebSite\",\"@id\":\"https:\\\/\\\/www.ebihal.hu\\\/#website\",\"url\":\"https:\\\/\\\/www.ebihal.hu\\\/\",\"name\":\"Ebihal\",\"description\":\"Fish &amp; Jigs\",\"publisher\":{\"@id\":\"https:\\\/\\\/www.ebihal.hu\\\/#organization\"},\"potentialAction\":[{\"@type\":\"SearchAction\",\"target\":{\"@type\":\"EntryPoint\",\"urlTemplate\":\"https:\\\/\\\/www.ebihal.hu\\\/?s={search_term_string}\"},\"query-input\":{\"@type\":\"PropertyValueSpecification\",\"valueRequired\":true,\"valueName\":\"search_term_string\"}}],\"inLanguage\":\"en-GB\"},{\"@type\":\"Organization\",\"@id\":\"https:\\\/\\\/www.ebihal.hu\\\/#organization\",\"name\":\"Bir\u00f3 Csaba egy\u00e9ni v\u00e1llalkoz\u00f3\",\"url\":\"https:\\\/\\\/www.ebihal.hu\\\/\",\"logo\":{\"@type\":\"ImageObject\",\"inLanguage\":\"en-GB\",\"@id\":\"https:\\\/\\\/www.ebihal.hu\\\/#\\\/schema\\\/logo\\\/image\\\/\",\"url\":\"https:\\\/\\\/www.ebihal.hu\\\/wp-content\\\/uploads\\\/2021\\\/02\\\/brand_logo_mini.png\",\"contentUrl\":\"https:\\\/\\\/www.ebihal.hu\\\/wp-content\\\/uploads\\\/2021\\\/02\\\/brand_logo_mini.png\",\"width\":300,\"height\":300,\"caption\":\"Bir\u00f3 Csaba egy\u00e9ni v\u00e1llalkoz\u00f3\"},\"image\":{\"@id\":\"https:\\\/\\\/www.ebihal.hu\\\/#\\\/schema\\\/logo\\\/image\\\/\"},\"sameAs\":[\"https:\\\/\\\/www.facebook.com\\\/ebihal\"]}]}<\/script>\n<!-- \/ Yoast SEO plugin. -->","yoast_head_json":{"title":"Narval Commander Shad Candy 12 cm UV - Ebihal","description":"A Narval Commander Shad igazi nagyhal-specialista. A Candy 12 cm rendk\u00edv\u00fcl \u00f6sszetett mozg\u00e1st produk\u00e1l \u00e1ll\u00f3- \u00e9s foly\u00f3v\u00edzben.","robots":{"index":"index","follow":"follow","max-snippet":"max-snippet:-1","max-image-preview":"max-image-preview:large","max-video-preview":"max-video-preview:-1"},"canonical":"https:\/\/www.ebihal.hu\/en\/shop\/mucsali\/gumicsali\/narval\/commander-shad\/nvcm-12cm\/narval-commander-shad-candy-12-cm-uv\/","og_locale":"en_GB","og_type":"article","og_title":"Narval Commander Shad Candy 12 cm UV - Ebihal","og_description":"A Narval Commander Shad igazi nagyhal-specialista. A Candy 12 cm rendk\u00edv\u00fcl \u00f6sszetett mozg\u00e1st produk\u00e1l \u00e1ll\u00f3- \u00e9s foly\u00f3v\u00edzben.","og_url":"https:\/\/www.ebihal.hu\/en\/shop\/mucsali\/gumicsali\/narval\/commander-shad\/nvcm-12cm\/narval-commander-shad-candy-12-cm-uv\/","og_site_name":"Ebihal","article_publisher":"https:\/\/www.facebook.com\/ebihal","article_modified_time":"2025-10-14T19:01:39+00:00","og_image":[{"width":600,"height":600,"url":"https:\/\/www.ebihal.hu\/wp-content\/uploads\/2023\/01\/033-1.jpg","type":"image\/jpeg"}],"twitter_card":"summary_large_image","twitter_misc":{"Estimated reading time":"1 minute"},"schema":{"@context":"https:\/\/schema.org","@graph":[{"@type":"WebPage","@id":"https:\/\/www.ebihal.hu\/shop\/mucsali\/gumicsali\/narval\/commander-shad\/nvcm-12cm\/narval-commander-shad-candy-12-cm-uv\/","url":"https:\/\/www.ebihal.hu\/shop\/mucsali\/gumicsali\/narval\/commander-shad\/nvcm-12cm\/narval-commander-shad-candy-12-cm-uv\/","name":"Narval Commander Shad Candy 12 cm UV - Ebihal","isPartOf":{"@id":"https:\/\/www.ebihal.hu\/#website"},"primaryImageOfPage":{"@id":"https:\/\/www.ebihal.hu\/shop\/mucsali\/gumicsali\/narval\/commander-shad\/nvcm-12cm\/narval-commander-shad-candy-12-cm-uv\/#primaryimage"},"image":{"@id":"https:\/\/www.ebihal.hu\/shop\/mucsali\/gumicsali\/narval\/commander-shad\/nvcm-12cm\/narval-commander-shad-candy-12-cm-uv\/#primaryimage"},"thumbnailUrl":"https:\/\/www.ebihal.hu\/wp-content\/uploads\/2023\/01\/033-1.jpg","datePublished":"2025-02-08T09:03:57+00:00","dateModified":"2025-10-14T19:01:39+00:00","description":"A Narval Commander Shad igazi nagyhal-specialista. A Candy 12 cm rendk\u00edv\u00fcl \u00f6sszetett mozg\u00e1st produk\u00e1l \u00e1ll\u00f3- \u00e9s foly\u00f3v\u00edzben.","breadcrumb":{"@id":"https:\/\/www.ebihal.hu\/shop\/mucsali\/gumicsali\/narval\/commander-shad\/nvcm-12cm\/narval-commander-shad-candy-12-cm-uv\/#breadcrumb"},"inLanguage":"en-GB","potentialAction":[{"@type":"ReadAction","target":["https:\/\/www.ebihal.hu\/shop\/mucsali\/gumicsali\/narval\/commander-shad\/nvcm-12cm\/narval-commander-shad-candy-12-cm-uv\/"]}]},{"@type":"ImageObject","inLanguage":"en-GB","@id":"https:\/\/www.ebihal.hu\/shop\/mucsali\/gumicsali\/narval\/commander-shad\/nvcm-12cm\/narval-commander-shad-candy-12-cm-uv\/#primaryimage","url":"https:\/\/www.ebihal.hu\/wp-content\/uploads\/2023\/01\/033-1.jpg","contentUrl":"https:\/\/www.ebihal.hu\/wp-content\/uploads\/2023\/01\/033-1.jpg","width":600,"height":600,"caption":"Narval Commander Shad Candy"},{"@type":"BreadcrumbList","@id":"https:\/\/www.ebihal.hu\/shop\/mucsali\/gumicsali\/narval\/commander-shad\/nvcm-12cm\/narval-commander-shad-candy-12-cm-uv\/#breadcrumb","itemListElement":[{"@type":"ListItem","position":1,"name":"Kezd\u0151lap","item":"https:\/\/www.ebihal.hu\/"},{"@type":"ListItem","position":2,"name":"M\u0171csali \u00e1ruh\u00e1z","item":"https:\/\/www.ebihal.hu\/"},{"@type":"ListItem","position":3,"name":"Narval Commander Shad Candy 12 cm UV"}]},{"@type":"WebSite","@id":"https:\/\/www.ebihal.hu\/#website","url":"https:\/\/www.ebihal.hu\/","name":"Ebihal","description":"Fish &amp; Jigs","publisher":{"@id":"https:\/\/www.ebihal.hu\/#organization"},"potentialAction":[{"@type":"SearchAction","target":{"@type":"EntryPoint","urlTemplate":"https:\/\/www.ebihal.hu\/?s={search_term_string}"},"query-input":{"@type":"PropertyValueSpecification","valueRequired":true,"valueName":"search_term_string"}}],"inLanguage":"en-GB"},{"@type":"Organization","@id":"https:\/\/www.ebihal.hu\/#organization","name":"Bir\u00f3 Csaba egy\u00e9ni v\u00e1llalkoz\u00f3","url":"https:\/\/www.ebihal.hu\/","logo":{"@type":"ImageObject","inLanguage":"en-GB","@id":"https:\/\/www.ebihal.hu\/#\/schema\/logo\/image\/","url":"https:\/\/www.ebihal.hu\/wp-content\/uploads\/2021\/02\/brand_logo_mini.png","contentUrl":"https:\/\/www.ebihal.hu\/wp-content\/uploads\/2021\/02\/brand_logo_mini.png","width":300,"height":300,"caption":"Bir\u00f3 Csaba egy\u00e9ni v\u00e1llalkoz\u00f3"},"image":{"@id":"https:\/\/www.ebihal.hu\/#\/schema\/logo\/image\/"},"sameAs":["https:\/\/www.facebook.com\/ebihal"]}]}},"_links":{"self":[{"href":"https:\/\/www.ebihal.hu\/en\/wp-json\/wp\/v2\/product\/12347","targetHints":{"allow":["GET"]}}],"collection":[{"href":"https:\/\/www.ebihal.hu\/en\/wp-json\/wp\/v2\/product"}],"about":[{"href":"https:\/\/www.ebihal.hu\/en\/wp-json\/wp\/v2\/types\/product"}],"replies":[{"embeddable":true,"href":"https:\/\/www.ebihal.hu\/en\/wp-json\/wp\/v2\/comments?post=12347"}],"wp:featuredmedia":[{"embeddable":true,"href":"https:\/\/www.ebihal.hu\/en\/wp-json\/wp\/v2\/media\/8809"}],"wp:attachment":[{"href":"https:\/\/www.ebihal.hu\/en\/wp-json\/wp\/v2\/media?parent=12347"}],"wp:term":[{"taxonomy":"product_cat","embeddable":true,"href":"https:\/\/www.ebihal.hu\/en\/wp-json\/wp\/v2\/product_cat?post=12347"},{"taxonomy":"product_tag","embeddable":true,"href":"https:\/\/www.ebihal.hu\/en\/wp-json\/wp\/v2\/product_tag?post=12347"}],"curies":[{"name":"wp","href":"https:\/\/api.w.org\/{rel}","templated":true}]}}