{"id":12073,"date":"2024-11-25T08:39:43","date_gmt":"2024-11-25T07:39:43","guid":{"rendered":"https:\/\/www.ebihal.hu\/?post_type=product&#038;p=12073"},"modified":"2026-03-05T08:12:45","modified_gmt":"2026-03-05T07:12:45","slug":"fanatik-larva-3-004-szitakoto-larva-gumicsali","status":"publish","type":"product","link":"https:\/\/www.ebihal.hu\/en\/shop\/mucsali\/gumicsali\/fanatik\/fanatik-larva\/larva-3\/fanatik-larva-3-004-szitakoto-larva-gumicsali\/","title":{"rendered":"Fanatik Larva 3&#8243; 004 szitak\u00f6t\u0151 l\u00e1rva gumicsali"},"content":{"rendered":"<p>Az ukr\u00e1n Fanatik c\u00e9g kiv\u00e1l\u00f3 szilikonjai k\u00f6z\u00fcl kiemelkedik a Larva sorozat. Mind \u00e1llag\u00e1ban, mind sz\u00ednez\u00e9s\u00e9ben rendk\u00edv\u00fcl ig\u00e9nyes munka. Horog\u00e1ll\u00f3s\u00e1ga h\u00edresen j\u00f3 &#8211; a l\u00e1gys\u00e1g, rugalmass\u00e1g nem megy a sz\u00edv\u00f3ss\u00e1g rov\u00e1s\u00e1ra. Hazai horg\u00e1szok b\u00edztat\u00e1s\u00e1ra, a legfog\u00f3sabb sz\u00ednekben tartjuk. T\u0171zhet\u0151 direktben jigfejre, de m\u00e9g ink\u00e1bb haszn\u00e1ljuk chebuval, jig-rigen!<br \/>\nEbben a m\u00e9retben m\u00e1r eredm\u00e9nyesen horg\u00e1szhatunk vele <strong>b\u00e1rmelyik ragadoz\u00f3<\/strong> halfajunkra. V\u00e9lem\u00e9ny\u00fcnk szerint az egyik legjobb <strong>szitak\u00f6t\u0151 imit\u00e1ci\u00f3<\/strong> a piacon, b\u00e1r van m\u00e9g k\u00e9t igencsak \u00edg\u00e9retes m\u00e1rka ezen a fronton: \u0151k pedig az M5 Craft <a href=\"https:\/\/www.ebihal.hu\/en\/horgaszat\/mucsali\/gumicsali\/m5-craft\/kozyavka\/\">Kozyavka<\/a> \u00e9s a Siberian Shaman <a href=\"https:\/\/www.ebihal.hu\/en\/horgaszat\/mucsali\/gumicsali\/saman\/lutka\/\">Lutka<\/a> l\u00e1rv\u00e1i.<\/p>\n<p>75 mm hossz\u00fa, 2,8 g,\u00a0 aromatiz\u00e1lt,\u00a0 #004 sz\u00ednk\u00f3d, 6 db\/csomag.<\/p>\n<p><iframe loading=\"lazy\" title=\"YouTube video player\" src=\"https:\/\/www.youtube.com\/embed\/E2s4WoiAANo\" width=\"560\" height=\"315\" frameborder=\"0\" allowfullscreen=\"allowfullscreen\"><\/iframe><\/p>\n<h4>Additional information<\/h4>\n<table class=\"woocommerce-product-attributes shop_attributes\" aria-label=\"Product Details\" data-no-translation-aria-label=\"\">\n\t\t\t<tr class=\"woocommerce-product-attributes-item woocommerce-product-attributes-item--weight\">\n\t\t\t<th class=\"woocommerce-product-attributes-item__label\" scope=\"row\" data-no-translation=\"\" data-trp-gettext=\"\">Weight<\/th>\n\t\t\t<td class=\"woocommerce-product-attributes-item__value\">0.022 kg<\/td>\n\t\t<\/tr>\n\t\t\t<tr class=\"woocommerce-product-attributes-item woocommerce-product-attributes-item--attribute_pa_brand\">\n\t\t\t<th class=\"woocommerce-product-attributes-item__label\" scope=\"row\">Brand<\/th>\n\t\t\t<td class=\"woocommerce-product-attributes-item__value\"><p>Fanatik<\/p>\n<\/td>\n\t\t<\/tr>\n\t\t\t<tr class=\"woocommerce-product-attributes-item woocommerce-product-attributes-item--attribute_pa_szinkod\">\n\t\t\t<th class=\"woocommerce-product-attributes-item__label\" scope=\"row\">Color code<\/th>\n\t\t\t<td class=\"woocommerce-product-attributes-item__value\"><p>004<\/p>\n<\/td>\n\t\t<\/tr>\n\t\t\t<tr class=\"woocommerce-product-attributes-item woocommerce-product-attributes-item--attribute_pa_meret\">\n\t\t\t<th class=\"woocommerce-product-attributes-item__label\" scope=\"row\">Size<\/th>\n\t\t\t<td class=\"woocommerce-product-attributes-item__value\"><p>75 mm<\/p>\n<\/td>\n\t\t<\/tr>\n\t\t\t<tr class=\"woocommerce-product-attributes-item woocommerce-product-attributes-item--attribute_pa_madein\">\n\t\t\t<th class=\"woocommerce-product-attributes-item__label\" scope=\"row\">Country of origin<\/th>\n\t\t\t<td class=\"woocommerce-product-attributes-item__value\"><p>Ukrajna<\/p>\n<\/td>\n\t\t<\/tr>\n\t\t\t<tr class=\"woocommerce-product-attributes-item woocommerce-product-attributes-item--attribute_pa_kiszereles\">\n\t\t\t<th class=\"woocommerce-product-attributes-item__label\" scope=\"row\">Packaging<\/th>\n\t\t\t<td class=\"woocommerce-product-attributes-item__value\"><p>1 plastic bag<\/p>\n<\/td>\n\t\t<\/tr>\n\t\t\t<tr class=\"woocommerce-product-attributes-item woocommerce-product-attributes-item--attribute_pa_darabszam\">\n\t\t\t<th class=\"woocommerce-product-attributes-item__label\" scope=\"row\">Darabsz\u00e1m<\/th>\n\t\t\t<td class=\"woocommerce-product-attributes-item__value\"><p>6<\/p>\n<\/td>\n\t\t<\/tr>\n\t<\/table>","protected":false},"excerpt":{"rendered":"<p>6 db\/csomag<\/p>","protected":false},"featured_media":5628,"comment_status":"open","ping_status":"closed","template":"","meta":[],"product_cat":[1244,74,1257,1992,40,605],"product_tag":[147,239,1249,148,339,814,816,241,146],"class_list":{"0":"post-12073","1":"product","2":"type-product","3":"status-publish","4":"has-post-thumbnail","6":"product_brand-fanatik","7":"product_cat-fanatik","8":"product_cat-gumicsali","9":"product_cat-fanatik-larva","10":"product_cat-larva-3","11":"product_cat-mucsali","12":"product_cat-ujdonsagok","13":"product_tag-csuka","14":"product_tag-domolyko","15":"product_tag-fanatik","16":"product_tag-harcsa","17":"product_tag-kosullo","18":"product_tag-l","19":"product_tag-larva","20":"product_tag-suger","21":"product_tag-sullo","23":"first","24":"instock","25":"sale","26":"shipping-taxable","27":"purchasable","28":"product-type-simple"},"supplier_id":null,"supplier_sku":"","barcode":null,"atum_controlled":true,"out_stock_date":null,"out_stock_threshold":null,"inheritable":false,"inbound_stock":0,"stock_on_hold":0,"sold_today":0,"sales_last_days":0,"reserved_stock":0,"customer_returns":0,"warehouse_damage":0,"lost_in_post":0,"other_logs":0,"out_stock_days":0,"lost_sales":0,"has_location":false,"update_date":"2026-04-15T00:32:48","atum_locations":[],"atum_stock_status":"instock","restock_status":false,"low_stock_amount":"","sales_update_date":"2026-04-15T00:32:48","calc_backorders":null,"yoast_head":"<!-- This site is optimized with the Yoast SEO plugin v27.4 - https:\/\/yoast.com\/product\/yoast-seo-wordpress\/ -->\n<title>Fanatik Larva 3&quot; 004 szitak\u00f6t\u0151 l\u00e1rva gumicsali - Ebihal<\/title>\n<meta name=\"description\" content=\"A Fanatik Larva az egyik legjobb UL csali. Horog\u00e1ll\u00f3s\u00e1ga h\u00edresen j\u00f3 - a l\u00e1gys\u00e1g, rugalmass\u00e1g nem megy a sz\u00edv\u00f3ss\u00e1g rov\u00e1s\u00e1ra. #004 sz\u00edn, 75 mm.\" \/>\n<meta name=\"robots\" content=\"index, follow, max-snippet:-1, max-image-preview:large, max-video-preview:-1\" \/>\n<link rel=\"canonical\" href=\"https:\/\/www.ebihal.hu\/en\/shop\/mucsali\/gumicsali\/fanatik\/fanatik-larva\/larva-3\/fanatik-larva-3-004-szitakoto-larva-gumicsali\/\" \/>\n<meta property=\"og:locale\" content=\"en_GB\" \/>\n<meta property=\"og:type\" content=\"article\" \/>\n<meta property=\"og:title\" content=\"Fanatik Larva 3&quot; 004 szitak\u00f6t\u0151 l\u00e1rva gumicsali - Ebihal\" \/>\n<meta property=\"og:description\" content=\"A Fanatik Larva az egyik legjobb UL csali. Horog\u00e1ll\u00f3s\u00e1ga h\u00edresen j\u00f3 - a l\u00e1gys\u00e1g, rugalmass\u00e1g nem megy a sz\u00edv\u00f3ss\u00e1g rov\u00e1s\u00e1ra. #004 sz\u00edn, 75 mm.\" \/>\n<meta property=\"og:url\" content=\"https:\/\/www.ebihal.hu\/en\/shop\/mucsali\/gumicsali\/fanatik\/fanatik-larva\/larva-3\/fanatik-larva-3-004-szitakoto-larva-gumicsali\/\" \/>\n<meta property=\"og:site_name\" content=\"Ebihal\" \/>\n<meta property=\"article:publisher\" content=\"https:\/\/www.facebook.com\/ebihal\" \/>\n<meta property=\"article:modified_time\" content=\"2026-03-05T07:12:45+00:00\" \/>\n<meta property=\"og:image\" content=\"https:\/\/www.ebihal.hu\/wp-content\/uploads\/2021\/11\/fanatik_larva_004.jpg\" \/>\n\t<meta property=\"og:image:width\" content=\"500\" \/>\n\t<meta property=\"og:image:height\" content=\"500\" \/>\n\t<meta property=\"og:image:type\" content=\"image\/jpeg\" \/>\n<meta name=\"twitter:card\" content=\"summary_large_image\" \/>\n<meta name=\"twitter:label1\" content=\"Estimated reading time\" \/>\n\t<meta name=\"twitter:data1\" content=\"1 minute\" \/>\n<script type=\"application\/ld+json\" class=\"yoast-schema-graph\">{\"@context\":\"https:\\\/\\\/schema.org\",\"@graph\":[{\"@type\":\"WebPage\",\"@id\":\"https:\\\/\\\/www.ebihal.hu\\\/en\\\/shop\\\/mucsali\\\/gumicsali\\\/fanatik\\\/fanatik-larva\\\/larva-3\\\/fanatik-larva-3-004-szitakoto-larva-gumicsali\\\/\",\"url\":\"https:\\\/\\\/www.ebihal.hu\\\/en\\\/shop\\\/mucsali\\\/gumicsali\\\/fanatik\\\/fanatik-larva\\\/larva-3\\\/fanatik-larva-3-004-szitakoto-larva-gumicsali\\\/\",\"name\":\"Fanatik Larva 3\\\" 004 szitak\u00f6t\u0151 l\u00e1rva gumicsali - Ebihal\",\"isPartOf\":{\"@id\":\"https:\\\/\\\/www.ebihal.hu\\\/#website\"},\"primaryImageOfPage\":{\"@id\":\"https:\\\/\\\/www.ebihal.hu\\\/en\\\/shop\\\/mucsali\\\/gumicsali\\\/fanatik\\\/fanatik-larva\\\/larva-3\\\/fanatik-larva-3-004-szitakoto-larva-gumicsali\\\/#primaryimage\"},\"image\":{\"@id\":\"https:\\\/\\\/www.ebihal.hu\\\/en\\\/shop\\\/mucsali\\\/gumicsali\\\/fanatik\\\/fanatik-larva\\\/larva-3\\\/fanatik-larva-3-004-szitakoto-larva-gumicsali\\\/#primaryimage\"},\"thumbnailUrl\":\"https:\\\/\\\/www.ebihal.hu\\\/wp-content\\\/uploads\\\/2021\\\/11\\\/fanatik_larva_004.jpg\",\"datePublished\":\"2024-11-25T07:39:43+00:00\",\"dateModified\":\"2026-03-05T07:12:45+00:00\",\"description\":\"A Fanatik Larva az egyik legjobb UL csali. Horog\u00e1ll\u00f3s\u00e1ga h\u00edresen j\u00f3 - a l\u00e1gys\u00e1g, rugalmass\u00e1g nem megy a sz\u00edv\u00f3ss\u00e1g rov\u00e1s\u00e1ra. #004 sz\u00edn, 75 mm.\",\"breadcrumb\":{\"@id\":\"https:\\\/\\\/www.ebihal.hu\\\/en\\\/shop\\\/mucsali\\\/gumicsali\\\/fanatik\\\/fanatik-larva\\\/larva-3\\\/fanatik-larva-3-004-szitakoto-larva-gumicsali\\\/#breadcrumb\"},\"inLanguage\":\"en-GB\",\"potentialAction\":[{\"@type\":\"ReadAction\",\"target\":[\"https:\\\/\\\/www.ebihal.hu\\\/en\\\/shop\\\/mucsali\\\/gumicsali\\\/fanatik\\\/fanatik-larva\\\/larva-3\\\/fanatik-larva-3-004-szitakoto-larva-gumicsali\\\/\"]}]},{\"@type\":\"ImageObject\",\"inLanguage\":\"en-GB\",\"@id\":\"https:\\\/\\\/www.ebihal.hu\\\/en\\\/shop\\\/mucsali\\\/gumicsali\\\/fanatik\\\/fanatik-larva\\\/larva-3\\\/fanatik-larva-3-004-szitakoto-larva-gumicsali\\\/#primaryimage\",\"url\":\"https:\\\/\\\/www.ebihal.hu\\\/wp-content\\\/uploads\\\/2021\\\/11\\\/fanatik_larva_004.jpg\",\"contentUrl\":\"https:\\\/\\\/www.ebihal.hu\\\/wp-content\\\/uploads\\\/2021\\\/11\\\/fanatik_larva_004.jpg\",\"width\":500,\"height\":500,\"caption\":\"Fanatik Larva #004\"},{\"@type\":\"BreadcrumbList\",\"@id\":\"https:\\\/\\\/www.ebihal.hu\\\/en\\\/shop\\\/mucsali\\\/gumicsali\\\/fanatik\\\/fanatik-larva\\\/larva-3\\\/fanatik-larva-3-004-szitakoto-larva-gumicsali\\\/#breadcrumb\",\"itemListElement\":[{\"@type\":\"ListItem\",\"position\":1,\"name\":\"Kezd\u0151lap\",\"item\":\"https:\\\/\\\/www.ebihal.hu\\\/\"},{\"@type\":\"ListItem\",\"position\":2,\"name\":\"M\u0171csali \u00e1ruh\u00e1z\",\"item\":\"https:\\\/\\\/www.ebihal.hu\\\/\"},{\"@type\":\"ListItem\",\"position\":3,\"name\":\"Fanatik Larva 3&#8243; 004 szitak\u00f6t\u0151 l\u00e1rva gumicsali\"}]},{\"@type\":\"WebSite\",\"@id\":\"https:\\\/\\\/www.ebihal.hu\\\/#website\",\"url\":\"https:\\\/\\\/www.ebihal.hu\\\/\",\"name\":\"Ebihal\",\"description\":\"Fish &amp; Jigs\",\"publisher\":{\"@id\":\"https:\\\/\\\/www.ebihal.hu\\\/#organization\"},\"potentialAction\":[{\"@type\":\"SearchAction\",\"target\":{\"@type\":\"EntryPoint\",\"urlTemplate\":\"https:\\\/\\\/www.ebihal.hu\\\/?s={search_term_string}\"},\"query-input\":{\"@type\":\"PropertyValueSpecification\",\"valueRequired\":true,\"valueName\":\"search_term_string\"}}],\"inLanguage\":\"en-GB\"},{\"@type\":\"Organization\",\"@id\":\"https:\\\/\\\/www.ebihal.hu\\\/#organization\",\"name\":\"Bir\u00f3 Csaba egy\u00e9ni v\u00e1llalkoz\u00f3\",\"url\":\"https:\\\/\\\/www.ebihal.hu\\\/\",\"logo\":{\"@type\":\"ImageObject\",\"inLanguage\":\"en-GB\",\"@id\":\"https:\\\/\\\/www.ebihal.hu\\\/#\\\/schema\\\/logo\\\/image\\\/\",\"url\":\"https:\\\/\\\/www.ebihal.hu\\\/wp-content\\\/uploads\\\/2021\\\/02\\\/brand_logo_mini.png\",\"contentUrl\":\"https:\\\/\\\/www.ebihal.hu\\\/wp-content\\\/uploads\\\/2021\\\/02\\\/brand_logo_mini.png\",\"width\":300,\"height\":300,\"caption\":\"Bir\u00f3 Csaba egy\u00e9ni v\u00e1llalkoz\u00f3\"},\"image\":{\"@id\":\"https:\\\/\\\/www.ebihal.hu\\\/#\\\/schema\\\/logo\\\/image\\\/\"},\"sameAs\":[\"https:\\\/\\\/www.facebook.com\\\/ebihal\"]}]}<\/script>\n<!-- \/ Yoast SEO plugin. -->","yoast_head_json":{"title":"Fanatik Larva 3\" 004 szitak\u00f6t\u0151 l\u00e1rva gumicsali - Ebihal","description":"A Fanatik Larva az egyik legjobb UL csali. Horog\u00e1ll\u00f3s\u00e1ga h\u00edresen j\u00f3 - a l\u00e1gys\u00e1g, rugalmass\u00e1g nem megy a sz\u00edv\u00f3ss\u00e1g rov\u00e1s\u00e1ra. #004 sz\u00edn, 75 mm.","robots":{"index":"index","follow":"follow","max-snippet":"max-snippet:-1","max-image-preview":"max-image-preview:large","max-video-preview":"max-video-preview:-1"},"canonical":"https:\/\/www.ebihal.hu\/en\/shop\/mucsali\/gumicsali\/fanatik\/fanatik-larva\/larva-3\/fanatik-larva-3-004-szitakoto-larva-gumicsali\/","og_locale":"en_GB","og_type":"article","og_title":"Fanatik Larva 3\" 004 szitak\u00f6t\u0151 l\u00e1rva gumicsali - Ebihal","og_description":"A Fanatik Larva az egyik legjobb UL csali. Horog\u00e1ll\u00f3s\u00e1ga h\u00edresen j\u00f3 - a l\u00e1gys\u00e1g, rugalmass\u00e1g nem megy a sz\u00edv\u00f3ss\u00e1g rov\u00e1s\u00e1ra. #004 sz\u00edn, 75 mm.","og_url":"https:\/\/www.ebihal.hu\/en\/shop\/mucsali\/gumicsali\/fanatik\/fanatik-larva\/larva-3\/fanatik-larva-3-004-szitakoto-larva-gumicsali\/","og_site_name":"Ebihal","article_publisher":"https:\/\/www.facebook.com\/ebihal","article_modified_time":"2026-03-05T07:12:45+00:00","og_image":[{"width":500,"height":500,"url":"https:\/\/www.ebihal.hu\/wp-content\/uploads\/2021\/11\/fanatik_larva_004.jpg","type":"image\/jpeg"}],"twitter_card":"summary_large_image","twitter_misc":{"Estimated reading time":"1 minute"},"schema":{"@context":"https:\/\/schema.org","@graph":[{"@type":"WebPage","@id":"https:\/\/www.ebihal.hu\/en\/shop\/mucsali\/gumicsali\/fanatik\/fanatik-larva\/larva-3\/fanatik-larva-3-004-szitakoto-larva-gumicsali\/","url":"https:\/\/www.ebihal.hu\/en\/shop\/mucsali\/gumicsali\/fanatik\/fanatik-larva\/larva-3\/fanatik-larva-3-004-szitakoto-larva-gumicsali\/","name":"Fanatik Larva 3\" 004 szitak\u00f6t\u0151 l\u00e1rva gumicsali - Ebihal","isPartOf":{"@id":"https:\/\/www.ebihal.hu\/#website"},"primaryImageOfPage":{"@id":"https:\/\/www.ebihal.hu\/en\/shop\/mucsali\/gumicsali\/fanatik\/fanatik-larva\/larva-3\/fanatik-larva-3-004-szitakoto-larva-gumicsali\/#primaryimage"},"image":{"@id":"https:\/\/www.ebihal.hu\/en\/shop\/mucsali\/gumicsali\/fanatik\/fanatik-larva\/larva-3\/fanatik-larva-3-004-szitakoto-larva-gumicsali\/#primaryimage"},"thumbnailUrl":"https:\/\/www.ebihal.hu\/wp-content\/uploads\/2021\/11\/fanatik_larva_004.jpg","datePublished":"2024-11-25T07:39:43+00:00","dateModified":"2026-03-05T07:12:45+00:00","description":"A Fanatik Larva az egyik legjobb UL csali. Horog\u00e1ll\u00f3s\u00e1ga h\u00edresen j\u00f3 - a l\u00e1gys\u00e1g, rugalmass\u00e1g nem megy a sz\u00edv\u00f3ss\u00e1g rov\u00e1s\u00e1ra. #004 sz\u00edn, 75 mm.","breadcrumb":{"@id":"https:\/\/www.ebihal.hu\/en\/shop\/mucsali\/gumicsali\/fanatik\/fanatik-larva\/larva-3\/fanatik-larva-3-004-szitakoto-larva-gumicsali\/#breadcrumb"},"inLanguage":"en-GB","potentialAction":[{"@type":"ReadAction","target":["https:\/\/www.ebihal.hu\/en\/shop\/mucsali\/gumicsali\/fanatik\/fanatik-larva\/larva-3\/fanatik-larva-3-004-szitakoto-larva-gumicsali\/"]}]},{"@type":"ImageObject","inLanguage":"en-GB","@id":"https:\/\/www.ebihal.hu\/en\/shop\/mucsali\/gumicsali\/fanatik\/fanatik-larva\/larva-3\/fanatik-larva-3-004-szitakoto-larva-gumicsali\/#primaryimage","url":"https:\/\/www.ebihal.hu\/wp-content\/uploads\/2021\/11\/fanatik_larva_004.jpg","contentUrl":"https:\/\/www.ebihal.hu\/wp-content\/uploads\/2021\/11\/fanatik_larva_004.jpg","width":500,"height":500,"caption":"Fanatik Larva #004"},{"@type":"BreadcrumbList","@id":"https:\/\/www.ebihal.hu\/en\/shop\/mucsali\/gumicsali\/fanatik\/fanatik-larva\/larva-3\/fanatik-larva-3-004-szitakoto-larva-gumicsali\/#breadcrumb","itemListElement":[{"@type":"ListItem","position":1,"name":"Kezd\u0151lap","item":"https:\/\/www.ebihal.hu\/"},{"@type":"ListItem","position":2,"name":"M\u0171csali \u00e1ruh\u00e1z","item":"https:\/\/www.ebihal.hu\/"},{"@type":"ListItem","position":3,"name":"Fanatik Larva 3&#8243; 004 szitak\u00f6t\u0151 l\u00e1rva gumicsali"}]},{"@type":"WebSite","@id":"https:\/\/www.ebihal.hu\/#website","url":"https:\/\/www.ebihal.hu\/","name":"Ebihal","description":"Fish &amp; Jigs","publisher":{"@id":"https:\/\/www.ebihal.hu\/#organization"},"potentialAction":[{"@type":"SearchAction","target":{"@type":"EntryPoint","urlTemplate":"https:\/\/www.ebihal.hu\/?s={search_term_string}"},"query-input":{"@type":"PropertyValueSpecification","valueRequired":true,"valueName":"search_term_string"}}],"inLanguage":"en-GB"},{"@type":"Organization","@id":"https:\/\/www.ebihal.hu\/#organization","name":"Bir\u00f3 Csaba egy\u00e9ni v\u00e1llalkoz\u00f3","url":"https:\/\/www.ebihal.hu\/","logo":{"@type":"ImageObject","inLanguage":"en-GB","@id":"https:\/\/www.ebihal.hu\/#\/schema\/logo\/image\/","url":"https:\/\/www.ebihal.hu\/wp-content\/uploads\/2021\/02\/brand_logo_mini.png","contentUrl":"https:\/\/www.ebihal.hu\/wp-content\/uploads\/2021\/02\/brand_logo_mini.png","width":300,"height":300,"caption":"Bir\u00f3 Csaba egy\u00e9ni v\u00e1llalkoz\u00f3"},"image":{"@id":"https:\/\/www.ebihal.hu\/#\/schema\/logo\/image\/"},"sameAs":["https:\/\/www.facebook.com\/ebihal"]}]}},"_links":{"self":[{"href":"https:\/\/www.ebihal.hu\/en\/wp-json\/wp\/v2\/product\/12073","targetHints":{"allow":["GET"]}}],"collection":[{"href":"https:\/\/www.ebihal.hu\/en\/wp-json\/wp\/v2\/product"}],"about":[{"href":"https:\/\/www.ebihal.hu\/en\/wp-json\/wp\/v2\/types\/product"}],"replies":[{"embeddable":true,"href":"https:\/\/www.ebihal.hu\/en\/wp-json\/wp\/v2\/comments?post=12073"}],"wp:featuredmedia":[{"embeddable":true,"href":"https:\/\/www.ebihal.hu\/en\/wp-json\/wp\/v2\/media\/5628"}],"wp:attachment":[{"href":"https:\/\/www.ebihal.hu\/en\/wp-json\/wp\/v2\/media?parent=12073"}],"wp:term":[{"taxonomy":"product_cat","embeddable":true,"href":"https:\/\/www.ebihal.hu\/en\/wp-json\/wp\/v2\/product_cat?post=12073"},{"taxonomy":"product_tag","embeddable":true,"href":"https:\/\/www.ebihal.hu\/en\/wp-json\/wp\/v2\/product_tag?post=12073"}],"curies":[{"name":"wp","href":"https:\/\/api.w.org\/{rel}","templated":true}]}}