{"id":11870,"date":"2024-10-11T13:32:52","date_gmt":"2024-10-11T12:32:52","guid":{"rendered":"https:\/\/www.ebihal.hu\/?post_type=product&#038;p=11870"},"modified":"2026-03-27T20:03:50","modified_gmt":"2026-03-27T19:03:50","slug":"gurza-worm-777-le-offset-horog","status":"publish","type":"product","link":"https:\/\/www.ebihal.hu\/en\/shop\/kiegeszitok\/horgok\/gurza\/gurza-worm-777-le-offset-horog\/","title":{"rendered":"Gurza Worm 777 LE offset horog"},"content":{"rendered":"<p>Az ukr\u00e1n Gurza m\u00e1rka 777 LE t\u00edpus\u00fa offset horgai a m\u00e1rka legnagyobb \u00f6b\u00f6llel k\u00e9sz\u00fclt term\u00e9kei.<br \/>\nKov\u00e1csolt, er\u0151s sz\u00e1r, t\u0171\u00e9les hegy, nagy gy\u0171r\u0171s szem jellemzi. V-Steel (0,80-0,85% sz\u00e9ntartalommal, van\u00e1dium adal\u00e9kkal).<\/p>\n<p>5 db\/csomag, black nickel bevonat, nagy szem.<\/p>\n<table>\n<tbody>\n<tr>\n<td>Size<\/td>\n<td>Cikksz\u00e1m<\/td>\n<td>\u00c1tm\u00e9r\u0151 mm<\/td>\n<td>Horog s\u00falya g<\/td>\n<td>horog\/csomag<\/td>\n<\/tr>\n<tr>\n<td>#2<\/td>\n<td>KE-3218-002<\/td>\n<td>0,82<\/td>\n<td>0,249<\/td>\n<td>5 db<\/td>\n<\/tr>\n<tr>\n<td>#1<\/td>\n<td>KE-3218-001<\/td>\n<td>0,87<\/td>\n<td>0,295<\/td>\n<td>5 db<\/td>\n<\/tr>\n<tr>\n<td>#1\/0<\/td>\n<td>KE-3218-100<\/td>\n<td>0,91<\/td>\n<td>0.360<\/td>\n<td>5 db<\/td>\n<\/tr>\n<tr>\n<td>#2\/0<\/td>\n<td>KE-3218-200<\/td>\n<td>0,99<\/td>\n<td>0,454<\/td>\n<td>5 db<\/td>\n<\/tr>\n<tr>\n<td>#3\/0<\/td>\n<td>KE-3218-300<\/td>\n<td>1,05<\/td>\n<td>0,566<\/td>\n<td>5 db<\/td>\n<\/tr>\n<tr>\n<td>#4\/0<\/td>\n<td>KE-3218-400<\/td>\n<td>1,15<\/td>\n<td>0,706<\/td>\n<td>5 db<\/td>\n<\/tr>\n<\/tbody>\n<\/table>\n<h4>Additional information<\/h4>\n<table class=\"woocommerce-product-attributes shop_attributes\" aria-label=\"Product Details\" data-no-translation-aria-label=\"\">\n\t\t\t<tr class=\"woocommerce-product-attributes-item woocommerce-product-attributes-item--weight\">\n\t\t\t<th class=\"woocommerce-product-attributes-item__label\" scope=\"row\" data-no-translation=\"\" data-trp-gettext=\"\">Weight<\/th>\n\t\t\t<td class=\"woocommerce-product-attributes-item__value\" data-no-translation=\"\" data-trp-gettext=\"\">N\/A<\/td>\n\t\t<\/tr>\n\t\t\t<tr class=\"woocommerce-product-attributes-item woocommerce-product-attributes-item--attribute_pa_brand\">\n\t\t\t<th class=\"woocommerce-product-attributes-item__label\" scope=\"row\">Brand<\/th>\n\t\t\t<td class=\"woocommerce-product-attributes-item__value\"><p>Gurza<\/p>\n<\/td>\n\t\t<\/tr>\n\t\t\t<tr class=\"woocommerce-product-attributes-item woocommerce-product-attributes-item--attribute_pa_horogmeret\">\n\t\t\t<th class=\"woocommerce-product-attributes-item__label\" scope=\"row\">Horogm\u00e9ret<\/th>\n\t\t\t<td class=\"woocommerce-product-attributes-item__value\"><p>#1, #1\/0, #2\/0, #3\/0, #4\/0, #2<\/p>\n<\/td>\n\t\t<\/tr>\n\t\t\t<tr class=\"woocommerce-product-attributes-item woocommerce-product-attributes-item--attribute_pa_madein\">\n\t\t\t<th class=\"woocommerce-product-attributes-item__label\" scope=\"row\">Country of origin<\/th>\n\t\t\t<td class=\"woocommerce-product-attributes-item__value\"><p>Ukrajna<\/p>\n<\/td>\n\t\t<\/tr>\n\t\t\t<tr class=\"woocommerce-product-attributes-item woocommerce-product-attributes-item--attribute_pa_kiszereles\">\n\t\t\t<th class=\"woocommerce-product-attributes-item__label\" scope=\"row\">Packaging<\/th>\n\t\t\t<td class=\"woocommerce-product-attributes-item__value\"><p>1 plastic bag<\/p>\n<\/td>\n\t\t<\/tr>\n\t\t\t<tr class=\"woocommerce-product-attributes-item woocommerce-product-attributes-item--attribute_pa_darabszam\">\n\t\t\t<th class=\"woocommerce-product-attributes-item__label\" scope=\"row\">Darabsz\u00e1m<\/th>\n\t\t\t<td class=\"woocommerce-product-attributes-item__value\"><p>5<\/p>\n<\/td>\n\t\t<\/tr>\n\t<\/table>","protected":false},"excerpt":{"rendered":"<p>Az ukr\u00e1n Gurza m\u00e1rka 777 LE t\u00edpus\u00fa offset horgai a m\u00e1rka legnagyobb \u00f6b\u00f6llel k\u00e9sz\u00fclt term\u00e9kei. Kov\u00e1csolt, er\u0151s sz\u00e1r, t\u0171\u00e9les hegy, nagy gy\u0171r\u0171s szem jellemzi. V-Steel (0,80-0,85% sz\u00e9ntartalommal, van\u00e1dium adal\u00e9kkal). 5 db\/csomag, black nickel bevonat, nagy szem. M\u00e9ret Cikksz\u00e1m \u00c1tm\u00e9r\u0151 mm Horog s\u00falya g horog\/csomag #2 KE-3218-002 0,82 0,249 5 db&hellip; <\/p>","protected":false},"featured_media":11878,"comment_status":"open","ping_status":"closed","template":"","meta":[],"product_cat":[254,97,88],"product_tag":[1984,255,256],"class_list":{"0":"post-11870","1":"product","2":"type-product","3":"status-publish","4":"has-post-thumbnail","6":"product_brand-gurza","7":"product_cat-gurza","8":"product_cat-horgok","9":"product_cat-kiegeszitok","10":"product_tag-1984","11":"product_tag-gurza","12":"product_tag-worm","14":"first","15":"instock","16":"shipping-taxable","17":"purchasable","18":"product-type-variable"},"supplier_id":null,"supplier_sku":"","barcode":null,"atum_controlled":true,"out_stock_date":null,"out_stock_threshold":null,"inheritable":true,"inbound_stock":0,"stock_on_hold":0,"sold_today":0,"sales_last_days":0,"reserved_stock":0,"customer_returns":0,"warehouse_damage":0,"lost_in_post":0,"other_logs":0,"out_stock_days":0,"lost_sales":0,"has_location":false,"update_date":"2026-04-15T00:31:42","atum_locations":[],"atum_stock_status":"instock","restock_status":false,"low_stock_amount":"","sales_update_date":"2026-04-15T00:31:42","calc_backorders":null,"yoast_head":"<!-- This site is optimized with the Yoast SEO plugin v27.4 - https:\/\/yoast.com\/product\/yoast-seo-wordpress\/ -->\n<title>Gurza Worm 777 LE offset horog horog - Ebihal<\/title>\n<meta name=\"description\" content=\"Az ukr\u00e1n Gurza m\u00e1rka 777 LE t\u00edpus\u00fa offset horgai a m\u00e1rka legnagyobb \u00f6b\u00f6llel k\u00e9sz\u00fclt term\u00e9kei. Kov\u00e1csolt, er\u0151s sz\u00e1r, t\u0171\u00e9les hegy, nagy gy\u0171r\u0171s szem jellemzi.\" \/>\n<meta name=\"robots\" content=\"index, follow, max-snippet:-1, max-image-preview:large, max-video-preview:-1\" \/>\n<link rel=\"canonical\" href=\"https:\/\/www.ebihal.hu\/en\/shop\/kiegeszitok\/horgok\/gurza\/gurza-worm-777-le-offset-horog\/\" \/>\n<meta property=\"og:locale\" content=\"en_GB\" \/>\n<meta property=\"og:type\" content=\"article\" \/>\n<meta property=\"og:title\" content=\"Gurza Worm 777 LE offset horog horog - Ebihal\" \/>\n<meta property=\"og:description\" content=\"Az ukr\u00e1n Gurza m\u00e1rka 777 LE t\u00edpus\u00fa offset horgai a m\u00e1rka legnagyobb \u00f6b\u00f6llel k\u00e9sz\u00fclt term\u00e9kei. Kov\u00e1csolt, er\u0151s sz\u00e1r, t\u0171\u00e9les hegy, nagy gy\u0171r\u0171s szem jellemzi.\" \/>\n<meta property=\"og:url\" content=\"https:\/\/www.ebihal.hu\/en\/shop\/kiegeszitok\/horgok\/gurza\/gurza-worm-777-le-offset-horog\/\" \/>\n<meta property=\"og:site_name\" content=\"Ebihal\" \/>\n<meta property=\"article:publisher\" content=\"https:\/\/www.facebook.com\/ebihal\" \/>\n<meta property=\"article:modified_time\" content=\"2026-03-27T19:03:50+00:00\" \/>\n<meta property=\"og:image\" content=\"https:\/\/www.ebihal.hu\/wp-content\/uploads\/2024\/10\/worm-777-le.jpg\" \/>\n\t<meta property=\"og:image:width\" content=\"1000\" \/>\n\t<meta property=\"og:image:height\" content=\"1000\" \/>\n\t<meta property=\"og:image:type\" content=\"image\/jpeg\" \/>\n<meta name=\"twitter:card\" content=\"summary_large_image\" \/>\n<meta name=\"twitter:label1\" content=\"Estimated reading time\" \/>\n\t<meta name=\"twitter:data1\" content=\"1 minute\" \/>\n<script type=\"application\/ld+json\" class=\"yoast-schema-graph\">{\"@context\":\"https:\\\/\\\/schema.org\",\"@graph\":[{\"@type\":\"WebPage\",\"@id\":\"https:\\\/\\\/www.ebihal.hu\\\/shop\\\/kiegeszitok\\\/horgok\\\/gurza\\\/gurza-worm-777-le-offset-horog\\\/\",\"url\":\"https:\\\/\\\/www.ebihal.hu\\\/shop\\\/kiegeszitok\\\/horgok\\\/gurza\\\/gurza-worm-777-le-offset-horog\\\/\",\"name\":\"Gurza Worm 777 LE offset horog horog - Ebihal\",\"isPartOf\":{\"@id\":\"https:\\\/\\\/www.ebihal.hu\\\/#website\"},\"primaryImageOfPage\":{\"@id\":\"https:\\\/\\\/www.ebihal.hu\\\/shop\\\/kiegeszitok\\\/horgok\\\/gurza\\\/gurza-worm-777-le-offset-horog\\\/#primaryimage\"},\"image\":{\"@id\":\"https:\\\/\\\/www.ebihal.hu\\\/shop\\\/kiegeszitok\\\/horgok\\\/gurza\\\/gurza-worm-777-le-offset-horog\\\/#primaryimage\"},\"thumbnailUrl\":\"https:\\\/\\\/www.ebihal.hu\\\/wp-content\\\/uploads\\\/2024\\\/10\\\/worm-777-le.jpg\",\"datePublished\":\"2024-10-11T12:32:52+00:00\",\"dateModified\":\"2026-03-27T19:03:50+00:00\",\"description\":\"Az ukr\u00e1n Gurza m\u00e1rka 777 LE t\u00edpus\u00fa offset horgai a m\u00e1rka legnagyobb \u00f6b\u00f6llel k\u00e9sz\u00fclt term\u00e9kei. Kov\u00e1csolt, er\u0151s sz\u00e1r, t\u0171\u00e9les hegy, nagy gy\u0171r\u0171s szem jellemzi.\",\"breadcrumb\":{\"@id\":\"https:\\\/\\\/www.ebihal.hu\\\/shop\\\/kiegeszitok\\\/horgok\\\/gurza\\\/gurza-worm-777-le-offset-horog\\\/#breadcrumb\"},\"inLanguage\":\"en-GB\",\"potentialAction\":[{\"@type\":\"ReadAction\",\"target\":[\"https:\\\/\\\/www.ebihal.hu\\\/shop\\\/kiegeszitok\\\/horgok\\\/gurza\\\/gurza-worm-777-le-offset-horog\\\/\"]}]},{\"@type\":\"ImageObject\",\"inLanguage\":\"en-GB\",\"@id\":\"https:\\\/\\\/www.ebihal.hu\\\/shop\\\/kiegeszitok\\\/horgok\\\/gurza\\\/gurza-worm-777-le-offset-horog\\\/#primaryimage\",\"url\":\"https:\\\/\\\/www.ebihal.hu\\\/wp-content\\\/uploads\\\/2024\\\/10\\\/worm-777-le.jpg\",\"contentUrl\":\"https:\\\/\\\/www.ebihal.hu\\\/wp-content\\\/uploads\\\/2024\\\/10\\\/worm-777-le.jpg\",\"width\":1000,\"height\":1000,\"caption\":\"Gurza Worm 777 LE\"},{\"@type\":\"BreadcrumbList\",\"@id\":\"https:\\\/\\\/www.ebihal.hu\\\/shop\\\/kiegeszitok\\\/horgok\\\/gurza\\\/gurza-worm-777-le-offset-horog\\\/#breadcrumb\",\"itemListElement\":[{\"@type\":\"ListItem\",\"position\":1,\"name\":\"Kezd\u0151lap\",\"item\":\"https:\\\/\\\/www.ebihal.hu\\\/\"},{\"@type\":\"ListItem\",\"position\":2,\"name\":\"M\u0171csali \u00e1ruh\u00e1z\",\"item\":\"https:\\\/\\\/www.ebihal.hu\\\/\"},{\"@type\":\"ListItem\",\"position\":3,\"name\":\"Gurza Worm 777 LE offset horog\"}]},{\"@type\":\"WebSite\",\"@id\":\"https:\\\/\\\/www.ebihal.hu\\\/#website\",\"url\":\"https:\\\/\\\/www.ebihal.hu\\\/\",\"name\":\"Ebihal\",\"description\":\"Fish &amp; Jigs\",\"publisher\":{\"@id\":\"https:\\\/\\\/www.ebihal.hu\\\/#organization\"},\"potentialAction\":[{\"@type\":\"SearchAction\",\"target\":{\"@type\":\"EntryPoint\",\"urlTemplate\":\"https:\\\/\\\/www.ebihal.hu\\\/?s={search_term_string}\"},\"query-input\":{\"@type\":\"PropertyValueSpecification\",\"valueRequired\":true,\"valueName\":\"search_term_string\"}}],\"inLanguage\":\"en-GB\"},{\"@type\":\"Organization\",\"@id\":\"https:\\\/\\\/www.ebihal.hu\\\/#organization\",\"name\":\"Bir\u00f3 Csaba egy\u00e9ni v\u00e1llalkoz\u00f3\",\"url\":\"https:\\\/\\\/www.ebihal.hu\\\/\",\"logo\":{\"@type\":\"ImageObject\",\"inLanguage\":\"en-GB\",\"@id\":\"https:\\\/\\\/www.ebihal.hu\\\/#\\\/schema\\\/logo\\\/image\\\/\",\"url\":\"https:\\\/\\\/www.ebihal.hu\\\/wp-content\\\/uploads\\\/2021\\\/02\\\/brand_logo_mini.png\",\"contentUrl\":\"https:\\\/\\\/www.ebihal.hu\\\/wp-content\\\/uploads\\\/2021\\\/02\\\/brand_logo_mini.png\",\"width\":300,\"height\":300,\"caption\":\"Bir\u00f3 Csaba egy\u00e9ni v\u00e1llalkoz\u00f3\"},\"image\":{\"@id\":\"https:\\\/\\\/www.ebihal.hu\\\/#\\\/schema\\\/logo\\\/image\\\/\"},\"sameAs\":[\"https:\\\/\\\/www.facebook.com\\\/ebihal\"]}]}<\/script>\n<!-- \/ Yoast SEO plugin. -->","yoast_head_json":{"title":"Gurza Worm 777 LE offset horog horog - Ebihal","description":"Az ukr\u00e1n Gurza m\u00e1rka 777 LE t\u00edpus\u00fa offset horgai a m\u00e1rka legnagyobb \u00f6b\u00f6llel k\u00e9sz\u00fclt term\u00e9kei. Kov\u00e1csolt, er\u0151s sz\u00e1r, t\u0171\u00e9les hegy, nagy gy\u0171r\u0171s szem jellemzi.","robots":{"index":"index","follow":"follow","max-snippet":"max-snippet:-1","max-image-preview":"max-image-preview:large","max-video-preview":"max-video-preview:-1"},"canonical":"https:\/\/www.ebihal.hu\/en\/shop\/kiegeszitok\/horgok\/gurza\/gurza-worm-777-le-offset-horog\/","og_locale":"en_GB","og_type":"article","og_title":"Gurza Worm 777 LE offset horog horog - Ebihal","og_description":"Az ukr\u00e1n Gurza m\u00e1rka 777 LE t\u00edpus\u00fa offset horgai a m\u00e1rka legnagyobb \u00f6b\u00f6llel k\u00e9sz\u00fclt term\u00e9kei. Kov\u00e1csolt, er\u0151s sz\u00e1r, t\u0171\u00e9les hegy, nagy gy\u0171r\u0171s szem jellemzi.","og_url":"https:\/\/www.ebihal.hu\/en\/shop\/kiegeszitok\/horgok\/gurza\/gurza-worm-777-le-offset-horog\/","og_site_name":"Ebihal","article_publisher":"https:\/\/www.facebook.com\/ebihal","article_modified_time":"2026-03-27T19:03:50+00:00","og_image":[{"width":1000,"height":1000,"url":"https:\/\/www.ebihal.hu\/wp-content\/uploads\/2024\/10\/worm-777-le.jpg","type":"image\/jpeg"}],"twitter_card":"summary_large_image","twitter_misc":{"Estimated reading time":"1 minute"},"schema":{"@context":"https:\/\/schema.org","@graph":[{"@type":"WebPage","@id":"https:\/\/www.ebihal.hu\/shop\/kiegeszitok\/horgok\/gurza\/gurza-worm-777-le-offset-horog\/","url":"https:\/\/www.ebihal.hu\/shop\/kiegeszitok\/horgok\/gurza\/gurza-worm-777-le-offset-horog\/","name":"Gurza Worm 777 LE offset horog horog - Ebihal","isPartOf":{"@id":"https:\/\/www.ebihal.hu\/#website"},"primaryImageOfPage":{"@id":"https:\/\/www.ebihal.hu\/shop\/kiegeszitok\/horgok\/gurza\/gurza-worm-777-le-offset-horog\/#primaryimage"},"image":{"@id":"https:\/\/www.ebihal.hu\/shop\/kiegeszitok\/horgok\/gurza\/gurza-worm-777-le-offset-horog\/#primaryimage"},"thumbnailUrl":"https:\/\/www.ebihal.hu\/wp-content\/uploads\/2024\/10\/worm-777-le.jpg","datePublished":"2024-10-11T12:32:52+00:00","dateModified":"2026-03-27T19:03:50+00:00","description":"Az ukr\u00e1n Gurza m\u00e1rka 777 LE t\u00edpus\u00fa offset horgai a m\u00e1rka legnagyobb \u00f6b\u00f6llel k\u00e9sz\u00fclt term\u00e9kei. Kov\u00e1csolt, er\u0151s sz\u00e1r, t\u0171\u00e9les hegy, nagy gy\u0171r\u0171s szem jellemzi.","breadcrumb":{"@id":"https:\/\/www.ebihal.hu\/shop\/kiegeszitok\/horgok\/gurza\/gurza-worm-777-le-offset-horog\/#breadcrumb"},"inLanguage":"en-GB","potentialAction":[{"@type":"ReadAction","target":["https:\/\/www.ebihal.hu\/shop\/kiegeszitok\/horgok\/gurza\/gurza-worm-777-le-offset-horog\/"]}]},{"@type":"ImageObject","inLanguage":"en-GB","@id":"https:\/\/www.ebihal.hu\/shop\/kiegeszitok\/horgok\/gurza\/gurza-worm-777-le-offset-horog\/#primaryimage","url":"https:\/\/www.ebihal.hu\/wp-content\/uploads\/2024\/10\/worm-777-le.jpg","contentUrl":"https:\/\/www.ebihal.hu\/wp-content\/uploads\/2024\/10\/worm-777-le.jpg","width":1000,"height":1000,"caption":"Gurza Worm 777 LE"},{"@type":"BreadcrumbList","@id":"https:\/\/www.ebihal.hu\/shop\/kiegeszitok\/horgok\/gurza\/gurza-worm-777-le-offset-horog\/#breadcrumb","itemListElement":[{"@type":"ListItem","position":1,"name":"Kezd\u0151lap","item":"https:\/\/www.ebihal.hu\/"},{"@type":"ListItem","position":2,"name":"M\u0171csali \u00e1ruh\u00e1z","item":"https:\/\/www.ebihal.hu\/"},{"@type":"ListItem","position":3,"name":"Gurza Worm 777 LE offset horog"}]},{"@type":"WebSite","@id":"https:\/\/www.ebihal.hu\/#website","url":"https:\/\/www.ebihal.hu\/","name":"Ebihal","description":"Fish &amp; Jigs","publisher":{"@id":"https:\/\/www.ebihal.hu\/#organization"},"potentialAction":[{"@type":"SearchAction","target":{"@type":"EntryPoint","urlTemplate":"https:\/\/www.ebihal.hu\/?s={search_term_string}"},"query-input":{"@type":"PropertyValueSpecification","valueRequired":true,"valueName":"search_term_string"}}],"inLanguage":"en-GB"},{"@type":"Organization","@id":"https:\/\/www.ebihal.hu\/#organization","name":"Bir\u00f3 Csaba egy\u00e9ni v\u00e1llalkoz\u00f3","url":"https:\/\/www.ebihal.hu\/","logo":{"@type":"ImageObject","inLanguage":"en-GB","@id":"https:\/\/www.ebihal.hu\/#\/schema\/logo\/image\/","url":"https:\/\/www.ebihal.hu\/wp-content\/uploads\/2021\/02\/brand_logo_mini.png","contentUrl":"https:\/\/www.ebihal.hu\/wp-content\/uploads\/2021\/02\/brand_logo_mini.png","width":300,"height":300,"caption":"Bir\u00f3 Csaba egy\u00e9ni v\u00e1llalkoz\u00f3"},"image":{"@id":"https:\/\/www.ebihal.hu\/#\/schema\/logo\/image\/"},"sameAs":["https:\/\/www.facebook.com\/ebihal"]}]}},"_links":{"self":[{"href":"https:\/\/www.ebihal.hu\/en\/wp-json\/wp\/v2\/product\/11870","targetHints":{"allow":["GET"]}}],"collection":[{"href":"https:\/\/www.ebihal.hu\/en\/wp-json\/wp\/v2\/product"}],"about":[{"href":"https:\/\/www.ebihal.hu\/en\/wp-json\/wp\/v2\/types\/product"}],"replies":[{"embeddable":true,"href":"https:\/\/www.ebihal.hu\/en\/wp-json\/wp\/v2\/comments?post=11870"}],"wp:featuredmedia":[{"embeddable":true,"href":"https:\/\/www.ebihal.hu\/en\/wp-json\/wp\/v2\/media\/11878"}],"wp:attachment":[{"href":"https:\/\/www.ebihal.hu\/en\/wp-json\/wp\/v2\/media?parent=11870"}],"wp:term":[{"taxonomy":"product_cat","embeddable":true,"href":"https:\/\/www.ebihal.hu\/en\/wp-json\/wp\/v2\/product_cat?post=11870"},{"taxonomy":"product_tag","embeddable":true,"href":"https:\/\/www.ebihal.hu\/en\/wp-json\/wp\/v2\/product_tag?post=11870"}],"curies":[{"name":"wp","href":"https:\/\/api.w.org\/{rel}","templated":true}]}}