{"id":11840,"date":"2024-10-05T09:16:03","date_gmt":"2024-10-05T08:16:03","guid":{"rendered":"https:\/\/www.ebihal.hu\/?post_type=product&#038;p=11840"},"modified":"2026-04-01T19:01:26","modified_gmt":"2026-04-01T18:01:26","slug":"intech-fluorocarbon-fc-shock-leader","status":"publish","type":"product","link":"https:\/\/www.ebihal.hu\/en\/shop\/kiegeszitok\/zsinorok\/fluorocarbon-line\/intech-fluorocarbon-fc-shock-leader\/","title":{"rendered":"Intech fluorocarbon FC Shock Leader 25\/50 m"},"content":{"rendered":"<p>Az Intech c\u00e9g FC Shock 100% fluorocarbon zsin\u00f3rj\u00e1t magas kop\u00e1s\u00e1ll\u00f3s\u00e1g, alacsony ny\u00fal\u00e1s, j\u00f3 csom\u00f3zott szak\u00edt\u00f3szil\u00e1rds\u00e1g, hossz\u00fa \u00e9lettartam jellemzi. Jap\u00e1nban gy\u00e1rtj\u00e1k.<\/p>\n<p>25 vagy 50 m\u00e9ter 100% fluorocarbon, v\u00edztiszta sz\u00edn.<\/p>\n<table>\n<tbody>\n<tr>\n<td style=\"width: 12%;\" bgcolor=\"#A4A4A4\"><span style=\"color: #fff;\">m\u00e9ret\/mm<\/span><\/td>\n<td>\n<p dir=\"ltr\" style=\"text-align: center;\"><span style=\"font-size: 10px;\"><span style=\"vertical-align: inherit;\"><span style=\"vertical-align: inherit;\">0,123<\/span><\/span><\/span><\/p>\n<\/td>\n<td style=\"text-align: center; width: 12%;\">\n<p dir=\"ltr\"><span style=\"font-size: 10px;\"><span style=\"vertical-align: inherit;\"><span style=\"vertical-align: inherit;\">0,141<\/span><\/span><\/span><\/p>\n<\/td>\n<td style=\"text-align: center; width: 12%;\">\n<p dir=\"ltr\"><span style=\"font-size: 10px;\"><span style=\"vertical-align: inherit;\"><span style=\"vertical-align: inherit;\">0,161<\/span><\/span><\/span><\/p>\n<\/td>\n<td style=\"text-align: center; width: 12%;\"><span style=\"font-size: 10px;\"><span style=\"vertical-align: inherit;\"><span style=\"vertical-align: inherit;\">0,178<\/span><\/span><\/span><\/td>\n<td style=\"text-align: center; width: 12%;\"><span style=\"font-size: 10px;\"><span style=\"vertical-align: inherit;\"><span style=\"vertical-align: inherit;\">0,200<\/span><\/span><\/span><\/td>\n<td style=\"text-align: center; width: 12%;\"><span style=\"font-size: 10px;\"><span style=\"vertical-align: inherit;\"><span style=\"vertical-align: inherit;\">0,234<\/span><\/span><\/span><\/td>\n<td style=\"text-align: center; width: 12%;\"><span style=\"font-size: 10px;\"><span style=\"vertical-align: inherit;\"><span style=\"vertical-align: inherit;\">0,257<\/span><\/span><\/span><\/td>\n<\/tr>\n<tr>\n<td style=\"background: #A4A4A4; color: #fff; width: 12%;\">kg\/lb<\/td>\n<td style=\"text-align: center; width: 52.3864px;\">\n<p dir=\"ltr\"><span style=\"font-size: 10px;\"><span style=\"vertical-align: inherit;\"><span style=\"vertical-align: inherit;\">1,0\/2,2<\/span><\/span><\/span><\/p>\n<\/td>\n<td style=\"text-align: center; width: 52.3864px;\">\n<p dir=\"ltr\"><span style=\"font-size: 10px;\"><span style=\"vertical-align: inherit;\"><span style=\"vertical-align: inherit;\">1,3\/2,9<\/span><\/span><\/span><\/p>\n<\/td>\n<td style=\"text-align: center; width: 52.3864px;\">\n<p dir=\"ltr\"><span style=\"font-size: 10px;\"><span style=\"vertical-align: inherit;\"><span style=\"vertical-align: inherit;\">1,7\/3,7<\/span><\/span><\/span><\/p>\n<\/td>\n<td style=\"text-align: center; width: 52.3864px;\">\n<p dir=\"ltr\"><span style=\"font-size: 10px;\"><span style=\"vertical-align: inherit;\"><span style=\"vertical-align: inherit;\">2,1\/4,6<\/span><\/span><\/span><\/p>\n<\/td>\n<td style=\"text-align: center; width: 52.3864px;\">\n<p dir=\"ltr\"><span style=\"font-size: 10px;\"><span style=\"vertical-align: inherit;\"><span style=\"vertical-align: inherit;\">2,6\/5,7<\/span><\/span><\/span><\/p>\n<\/td>\n<td style=\"text-align: center; width: 52.3864px;\">\n<p dir=\"ltr\"><span style=\"font-size: 10px;\"><span style=\"vertical-align: inherit;\"><span style=\"vertical-align: inherit;\">3,1\/6,8<\/span><\/span><\/span><\/p>\n<\/td>\n<td style=\"text-align: center; width: 52.3864px;\">\n<p dir=\"ltr\"><span style=\"font-size: 10px;\"><span style=\"vertical-align: inherit;\"><span style=\"vertical-align: inherit;\">3,5\/7,7<\/span><\/span><\/span><\/p>\n<\/td>\n<\/tr>\n<\/tbody>\n<\/table>\n<table class=\"woocommerce-product-attributes shop_attributes\" aria-label=\"Product Details\" data-no-translation-aria-label=\"\">\n\t\t\t<tr class=\"woocommerce-product-attributes-item woocommerce-product-attributes-item--attribute_pa_brand\">\n\t\t\t<th class=\"woocommerce-product-attributes-item__label\" scope=\"row\">Brand<\/th>\n\t\t\t<td class=\"woocommerce-product-attributes-item__value\"><p>Intech<\/p>\n<\/td>\n\t\t<\/tr>\n\t\t\t<tr class=\"woocommerce-product-attributes-item woocommerce-product-attributes-item--attribute_pa_meret\">\n\t\t\t<th class=\"woocommerce-product-attributes-item__label\" scope=\"row\">Size<\/th>\n\t\t\t<td class=\"woocommerce-product-attributes-item__value\"><p>0,257, 0,218, 0,123, 0,141, 0,161, 0,178, 0,2, 0,234<\/p>\n<\/td>\n\t\t<\/tr>\n\t\t\t<tr class=\"woocommerce-product-attributes-item woocommerce-product-attributes-item--attribute_hossz\">\n\t\t\t<th class=\"woocommerce-product-attributes-item__label\" scope=\"row\">Hossz<\/th>\n\t\t\t<td class=\"woocommerce-product-attributes-item__value\"><p>25 m, 50 m<\/p>\n<\/td>\n\t\t<\/tr>\n\t\t\t<tr class=\"woocommerce-product-attributes-item woocommerce-product-attributes-item--attribute_pa_madein\">\n\t\t\t<th class=\"woocommerce-product-attributes-item__label\" scope=\"row\">Country of origin<\/th>\n\t\t\t<td class=\"woocommerce-product-attributes-item__value\"><p>Ukrajna<\/p>\n<\/td>\n\t\t<\/tr>\n\t\t\t<tr class=\"woocommerce-product-attributes-item woocommerce-product-attributes-item--attribute_pa_kiszereles\">\n\t\t\t<th class=\"woocommerce-product-attributes-item__label\" scope=\"row\">Packaging<\/th>\n\t\t\t<td class=\"woocommerce-product-attributes-item__value\"><p>1 piece<\/p>\n<\/td>\n\t\t<\/tr>\n\t<\/table>","protected":false},"excerpt":{"rendered":"<p>Az Intech c\u00e9g FC Shock 100% fluorocarbon zsin\u00f3rj\u00e1t magas kop\u00e1s\u00e1ll\u00f3s\u00e1g, alacsony ny\u00fal\u00e1s, j\u00f3 csom\u00f3zott szak\u00edt\u00f3szil\u00e1rds\u00e1g, hossz\u00fa \u00e9lettartam jellemzi. Jap\u00e1nban gy\u00e1rtj\u00e1k. 25 vagy 50 m\u00e9ter 100% fluorocarbon, v\u00edztiszta sz\u00edn. m\u00e9ret\/mm 0,123 0,141 0,161 0,178 0,200 0,234 0,257 kg\/lb 1,0\/2,2 1,3\/2,9 1,7\/3,7 2,1\/4,6 2,6\/5,7 3,1\/6,8 3,5\/7,7<\/p>","protected":false},"featured_media":12776,"comment_status":"open","ping_status":"closed","template":"","meta":[],"product_cat":[1973,88,1961],"product_tag":[2097,101,1974],"class_list":{"0":"post-11840","1":"product","2":"type-product","3":"status-publish","4":"has-post-thumbnail","6":"product_brand-intech","7":"product_cat-fluorocarbon-line","8":"product_cat-kiegeszitok","9":"product_cat-zsinorok","10":"product_tag-fc","11":"product_tag-fluorocarbon","12":"product_tag-intech","14":"first","15":"instock","16":"shipping-taxable","17":"purchasable","18":"product-type-variable"},"supplier_id":null,"supplier_sku":"","barcode":null,"atum_controlled":true,"out_stock_date":null,"out_stock_threshold":null,"inheritable":true,"inbound_stock":0,"stock_on_hold":2,"sold_today":0,"sales_last_days":2,"reserved_stock":0,"customer_returns":0,"warehouse_damage":0,"lost_in_post":0,"other_logs":0,"out_stock_days":0,"lost_sales":0,"has_location":false,"update_date":"2026-04-15T00:31:48","atum_locations":[],"atum_stock_status":"instock","restock_status":false,"low_stock_amount":"","sales_update_date":"2026-04-15T00:31:48","calc_backorders":null,"yoast_head":"<!-- This site is optimized with the Yoast SEO plugin v27.4 - https:\/\/yoast.com\/product\/yoast-seo-wordpress\/ -->\n<title>Intech fluorocarbon FC Shock Leader 25\/50 m - Ebihal<\/title>\n<meta name=\"description\" content=\"Az Intech c\u00e9g FC Shock 100% fluorocarbon zsin\u00f3rj\u00e1t magas kop\u00e1s\u00e1ll\u00f3s\u00e1g, alacsony ny\u00fal\u00e1s, j\u00f3 csom\u00f3zott szak\u00edt\u00f3szil\u00e1rds\u00e1g, hossz\u00fa \u00e9lettartam jellemzi.\" \/>\n<meta name=\"robots\" content=\"index, follow, max-snippet:-1, max-image-preview:large, max-video-preview:-1\" \/>\n<link rel=\"canonical\" href=\"https:\/\/www.ebihal.hu\/en\/shop\/kiegeszitok\/zsinorok\/fluorocarbon-line\/intech-fluorocarbon-fc-shock-leader\/\" \/>\n<meta property=\"og:locale\" content=\"en_GB\" \/>\n<meta property=\"og:type\" content=\"article\" \/>\n<meta property=\"og:title\" content=\"Intech fluorocarbon FC Shock Leader 25\/50 m - Ebihal\" \/>\n<meta property=\"og:description\" content=\"Az Intech c\u00e9g FC Shock 100% fluorocarbon zsin\u00f3rj\u00e1t magas kop\u00e1s\u00e1ll\u00f3s\u00e1g, alacsony ny\u00fal\u00e1s, j\u00f3 csom\u00f3zott szak\u00edt\u00f3szil\u00e1rds\u00e1g, hossz\u00fa \u00e9lettartam jellemzi.\" \/>\n<meta property=\"og:url\" content=\"https:\/\/www.ebihal.hu\/en\/shop\/kiegeszitok\/zsinorok\/fluorocarbon-line\/intech-fluorocarbon-fc-shock-leader\/\" \/>\n<meta property=\"og:site_name\" content=\"Ebihal\" \/>\n<meta property=\"article:publisher\" content=\"https:\/\/www.facebook.com\/ebihal\" \/>\n<meta property=\"article:modified_time\" content=\"2026-04-01T18:01:26+00:00\" \/>\n<meta property=\"og:image\" content=\"https:\/\/www.ebihal.hu\/wp-content\/uploads\/2024\/10\/fluorocarbon_shock_leader.png\" \/>\n\t<meta property=\"og:image:width\" content=\"483\" \/>\n\t<meta property=\"og:image:height\" content=\"483\" \/>\n\t<meta property=\"og:image:type\" content=\"image\/png\" \/>\n<meta name=\"twitter:card\" content=\"summary_large_image\" \/>\n<meta name=\"twitter:label1\" content=\"Estimated reading time\" \/>\n\t<meta name=\"twitter:data1\" content=\"1 minute\" \/>\n<script type=\"application\/ld+json\" class=\"yoast-schema-graph\">{\"@context\":\"https:\\\/\\\/schema.org\",\"@graph\":[{\"@type\":\"WebPage\",\"@id\":\"https:\\\/\\\/www.ebihal.hu\\\/shop\\\/kiegeszitok\\\/zsinorok\\\/fluorocarbon-line\\\/intech-fluorocarbon-fc-shock-leader\\\/\",\"url\":\"https:\\\/\\\/www.ebihal.hu\\\/shop\\\/kiegeszitok\\\/zsinorok\\\/fluorocarbon-line\\\/intech-fluorocarbon-fc-shock-leader\\\/\",\"name\":\"Intech fluorocarbon FC Shock Leader 25\\\/50 m - Ebihal\",\"isPartOf\":{\"@id\":\"https:\\\/\\\/www.ebihal.hu\\\/#website\"},\"primaryImageOfPage\":{\"@id\":\"https:\\\/\\\/www.ebihal.hu\\\/shop\\\/kiegeszitok\\\/zsinorok\\\/fluorocarbon-line\\\/intech-fluorocarbon-fc-shock-leader\\\/#primaryimage\"},\"image\":{\"@id\":\"https:\\\/\\\/www.ebihal.hu\\\/shop\\\/kiegeszitok\\\/zsinorok\\\/fluorocarbon-line\\\/intech-fluorocarbon-fc-shock-leader\\\/#primaryimage\"},\"thumbnailUrl\":\"https:\\\/\\\/www.ebihal.hu\\\/wp-content\\\/uploads\\\/2024\\\/10\\\/fluorocarbon_shock_leader.png\",\"datePublished\":\"2024-10-05T08:16:03+00:00\",\"dateModified\":\"2026-04-01T18:01:26+00:00\",\"description\":\"Az Intech c\u00e9g FC Shock 100% fluorocarbon zsin\u00f3rj\u00e1t magas kop\u00e1s\u00e1ll\u00f3s\u00e1g, alacsony ny\u00fal\u00e1s, j\u00f3 csom\u00f3zott szak\u00edt\u00f3szil\u00e1rds\u00e1g, hossz\u00fa \u00e9lettartam jellemzi.\",\"breadcrumb\":{\"@id\":\"https:\\\/\\\/www.ebihal.hu\\\/shop\\\/kiegeszitok\\\/zsinorok\\\/fluorocarbon-line\\\/intech-fluorocarbon-fc-shock-leader\\\/#breadcrumb\"},\"inLanguage\":\"en-GB\",\"potentialAction\":[{\"@type\":\"ReadAction\",\"target\":[\"https:\\\/\\\/www.ebihal.hu\\\/shop\\\/kiegeszitok\\\/zsinorok\\\/fluorocarbon-line\\\/intech-fluorocarbon-fc-shock-leader\\\/\"]}]},{\"@type\":\"ImageObject\",\"inLanguage\":\"en-GB\",\"@id\":\"https:\\\/\\\/www.ebihal.hu\\\/shop\\\/kiegeszitok\\\/zsinorok\\\/fluorocarbon-line\\\/intech-fluorocarbon-fc-shock-leader\\\/#primaryimage\",\"url\":\"https:\\\/\\\/www.ebihal.hu\\\/wp-content\\\/uploads\\\/2024\\\/10\\\/fluorocarbon_shock_leader.png\",\"contentUrl\":\"https:\\\/\\\/www.ebihal.hu\\\/wp-content\\\/uploads\\\/2024\\\/10\\\/fluorocarbon_shock_leader.png\",\"width\":483,\"height\":483,\"caption\":\"Intech fluorocarbon FC Shock Leader\"},{\"@type\":\"BreadcrumbList\",\"@id\":\"https:\\\/\\\/www.ebihal.hu\\\/shop\\\/kiegeszitok\\\/zsinorok\\\/fluorocarbon-line\\\/intech-fluorocarbon-fc-shock-leader\\\/#breadcrumb\",\"itemListElement\":[{\"@type\":\"ListItem\",\"position\":1,\"name\":\"Kezd\u0151lap\",\"item\":\"https:\\\/\\\/www.ebihal.hu\\\/\"},{\"@type\":\"ListItem\",\"position\":2,\"name\":\"M\u0171csali \u00e1ruh\u00e1z\",\"item\":\"https:\\\/\\\/www.ebihal.hu\\\/\"},{\"@type\":\"ListItem\",\"position\":3,\"name\":\"Intech fluorocarbon FC Shock Leader 25\\\/50 m\"}]},{\"@type\":\"WebSite\",\"@id\":\"https:\\\/\\\/www.ebihal.hu\\\/#website\",\"url\":\"https:\\\/\\\/www.ebihal.hu\\\/\",\"name\":\"Ebihal\",\"description\":\"Fish &amp; Jigs\",\"publisher\":{\"@id\":\"https:\\\/\\\/www.ebihal.hu\\\/#organization\"},\"potentialAction\":[{\"@type\":\"SearchAction\",\"target\":{\"@type\":\"EntryPoint\",\"urlTemplate\":\"https:\\\/\\\/www.ebihal.hu\\\/?s={search_term_string}\"},\"query-input\":{\"@type\":\"PropertyValueSpecification\",\"valueRequired\":true,\"valueName\":\"search_term_string\"}}],\"inLanguage\":\"en-GB\"},{\"@type\":\"Organization\",\"@id\":\"https:\\\/\\\/www.ebihal.hu\\\/#organization\",\"name\":\"Bir\u00f3 Csaba egy\u00e9ni v\u00e1llalkoz\u00f3\",\"url\":\"https:\\\/\\\/www.ebihal.hu\\\/\",\"logo\":{\"@type\":\"ImageObject\",\"inLanguage\":\"en-GB\",\"@id\":\"https:\\\/\\\/www.ebihal.hu\\\/#\\\/schema\\\/logo\\\/image\\\/\",\"url\":\"https:\\\/\\\/www.ebihal.hu\\\/wp-content\\\/uploads\\\/2021\\\/02\\\/brand_logo_mini.png\",\"contentUrl\":\"https:\\\/\\\/www.ebihal.hu\\\/wp-content\\\/uploads\\\/2021\\\/02\\\/brand_logo_mini.png\",\"width\":300,\"height\":300,\"caption\":\"Bir\u00f3 Csaba egy\u00e9ni v\u00e1llalkoz\u00f3\"},\"image\":{\"@id\":\"https:\\\/\\\/www.ebihal.hu\\\/#\\\/schema\\\/logo\\\/image\\\/\"},\"sameAs\":[\"https:\\\/\\\/www.facebook.com\\\/ebihal\"]}]}<\/script>\n<!-- \/ Yoast SEO plugin. -->","yoast_head_json":{"title":"Intech fluorocarbon FC Shock Leader 25\/50 m - Ebihal","description":"Az Intech c\u00e9g FC Shock 100% fluorocarbon zsin\u00f3rj\u00e1t magas kop\u00e1s\u00e1ll\u00f3s\u00e1g, alacsony ny\u00fal\u00e1s, j\u00f3 csom\u00f3zott szak\u00edt\u00f3szil\u00e1rds\u00e1g, hossz\u00fa \u00e9lettartam jellemzi.","robots":{"index":"index","follow":"follow","max-snippet":"max-snippet:-1","max-image-preview":"max-image-preview:large","max-video-preview":"max-video-preview:-1"},"canonical":"https:\/\/www.ebihal.hu\/en\/shop\/kiegeszitok\/zsinorok\/fluorocarbon-line\/intech-fluorocarbon-fc-shock-leader\/","og_locale":"en_GB","og_type":"article","og_title":"Intech fluorocarbon FC Shock Leader 25\/50 m - Ebihal","og_description":"Az Intech c\u00e9g FC Shock 100% fluorocarbon zsin\u00f3rj\u00e1t magas kop\u00e1s\u00e1ll\u00f3s\u00e1g, alacsony ny\u00fal\u00e1s, j\u00f3 csom\u00f3zott szak\u00edt\u00f3szil\u00e1rds\u00e1g, hossz\u00fa \u00e9lettartam jellemzi.","og_url":"https:\/\/www.ebihal.hu\/en\/shop\/kiegeszitok\/zsinorok\/fluorocarbon-line\/intech-fluorocarbon-fc-shock-leader\/","og_site_name":"Ebihal","article_publisher":"https:\/\/www.facebook.com\/ebihal","article_modified_time":"2026-04-01T18:01:26+00:00","og_image":[{"width":483,"height":483,"url":"https:\/\/www.ebihal.hu\/wp-content\/uploads\/2024\/10\/fluorocarbon_shock_leader.png","type":"image\/png"}],"twitter_card":"summary_large_image","twitter_misc":{"Estimated reading time":"1 minute"},"schema":{"@context":"https:\/\/schema.org","@graph":[{"@type":"WebPage","@id":"https:\/\/www.ebihal.hu\/shop\/kiegeszitok\/zsinorok\/fluorocarbon-line\/intech-fluorocarbon-fc-shock-leader\/","url":"https:\/\/www.ebihal.hu\/shop\/kiegeszitok\/zsinorok\/fluorocarbon-line\/intech-fluorocarbon-fc-shock-leader\/","name":"Intech fluorocarbon FC Shock Leader 25\/50 m - Ebihal","isPartOf":{"@id":"https:\/\/www.ebihal.hu\/#website"},"primaryImageOfPage":{"@id":"https:\/\/www.ebihal.hu\/shop\/kiegeszitok\/zsinorok\/fluorocarbon-line\/intech-fluorocarbon-fc-shock-leader\/#primaryimage"},"image":{"@id":"https:\/\/www.ebihal.hu\/shop\/kiegeszitok\/zsinorok\/fluorocarbon-line\/intech-fluorocarbon-fc-shock-leader\/#primaryimage"},"thumbnailUrl":"https:\/\/www.ebihal.hu\/wp-content\/uploads\/2024\/10\/fluorocarbon_shock_leader.png","datePublished":"2024-10-05T08:16:03+00:00","dateModified":"2026-04-01T18:01:26+00:00","description":"Az Intech c\u00e9g FC Shock 100% fluorocarbon zsin\u00f3rj\u00e1t magas kop\u00e1s\u00e1ll\u00f3s\u00e1g, alacsony ny\u00fal\u00e1s, j\u00f3 csom\u00f3zott szak\u00edt\u00f3szil\u00e1rds\u00e1g, hossz\u00fa \u00e9lettartam jellemzi.","breadcrumb":{"@id":"https:\/\/www.ebihal.hu\/shop\/kiegeszitok\/zsinorok\/fluorocarbon-line\/intech-fluorocarbon-fc-shock-leader\/#breadcrumb"},"inLanguage":"en-GB","potentialAction":[{"@type":"ReadAction","target":["https:\/\/www.ebihal.hu\/shop\/kiegeszitok\/zsinorok\/fluorocarbon-line\/intech-fluorocarbon-fc-shock-leader\/"]}]},{"@type":"ImageObject","inLanguage":"en-GB","@id":"https:\/\/www.ebihal.hu\/shop\/kiegeszitok\/zsinorok\/fluorocarbon-line\/intech-fluorocarbon-fc-shock-leader\/#primaryimage","url":"https:\/\/www.ebihal.hu\/wp-content\/uploads\/2024\/10\/fluorocarbon_shock_leader.png","contentUrl":"https:\/\/www.ebihal.hu\/wp-content\/uploads\/2024\/10\/fluorocarbon_shock_leader.png","width":483,"height":483,"caption":"Intech fluorocarbon FC Shock Leader"},{"@type":"BreadcrumbList","@id":"https:\/\/www.ebihal.hu\/shop\/kiegeszitok\/zsinorok\/fluorocarbon-line\/intech-fluorocarbon-fc-shock-leader\/#breadcrumb","itemListElement":[{"@type":"ListItem","position":1,"name":"Kezd\u0151lap","item":"https:\/\/www.ebihal.hu\/"},{"@type":"ListItem","position":2,"name":"M\u0171csali \u00e1ruh\u00e1z","item":"https:\/\/www.ebihal.hu\/"},{"@type":"ListItem","position":3,"name":"Intech fluorocarbon FC Shock Leader 25\/50 m"}]},{"@type":"WebSite","@id":"https:\/\/www.ebihal.hu\/#website","url":"https:\/\/www.ebihal.hu\/","name":"Ebihal","description":"Fish &amp; Jigs","publisher":{"@id":"https:\/\/www.ebihal.hu\/#organization"},"potentialAction":[{"@type":"SearchAction","target":{"@type":"EntryPoint","urlTemplate":"https:\/\/www.ebihal.hu\/?s={search_term_string}"},"query-input":{"@type":"PropertyValueSpecification","valueRequired":true,"valueName":"search_term_string"}}],"inLanguage":"en-GB"},{"@type":"Organization","@id":"https:\/\/www.ebihal.hu\/#organization","name":"Bir\u00f3 Csaba egy\u00e9ni v\u00e1llalkoz\u00f3","url":"https:\/\/www.ebihal.hu\/","logo":{"@type":"ImageObject","inLanguage":"en-GB","@id":"https:\/\/www.ebihal.hu\/#\/schema\/logo\/image\/","url":"https:\/\/www.ebihal.hu\/wp-content\/uploads\/2021\/02\/brand_logo_mini.png","contentUrl":"https:\/\/www.ebihal.hu\/wp-content\/uploads\/2021\/02\/brand_logo_mini.png","width":300,"height":300,"caption":"Bir\u00f3 Csaba egy\u00e9ni v\u00e1llalkoz\u00f3"},"image":{"@id":"https:\/\/www.ebihal.hu\/#\/schema\/logo\/image\/"},"sameAs":["https:\/\/www.facebook.com\/ebihal"]}]}},"_links":{"self":[{"href":"https:\/\/www.ebihal.hu\/en\/wp-json\/wp\/v2\/product\/11840","targetHints":{"allow":["GET"]}}],"collection":[{"href":"https:\/\/www.ebihal.hu\/en\/wp-json\/wp\/v2\/product"}],"about":[{"href":"https:\/\/www.ebihal.hu\/en\/wp-json\/wp\/v2\/types\/product"}],"replies":[{"embeddable":true,"href":"https:\/\/www.ebihal.hu\/en\/wp-json\/wp\/v2\/comments?post=11840"}],"wp:featuredmedia":[{"embeddable":true,"href":"https:\/\/www.ebihal.hu\/en\/wp-json\/wp\/v2\/media\/12776"}],"wp:attachment":[{"href":"https:\/\/www.ebihal.hu\/en\/wp-json\/wp\/v2\/media?parent=11840"}],"wp:term":[{"taxonomy":"product_cat","embeddable":true,"href":"https:\/\/www.ebihal.hu\/en\/wp-json\/wp\/v2\/product_cat?post=11840"},{"taxonomy":"product_tag","embeddable":true,"href":"https:\/\/www.ebihal.hu\/en\/wp-json\/wp\/v2\/product_tag?post=11840"}],"curies":[{"name":"wp","href":"https:\/\/api.w.org\/{rel}","templated":true}]}}