{"id":11793,"date":"2024-09-18T14:33:18","date_gmt":"2024-09-18T13:33:18","guid":{"rendered":"https:\/\/www.ebihal.hu\/?post_type=product&#038;p=11793"},"modified":"2026-03-05T14:35:12","modified_gmt":"2026-03-05T13:35:12","slug":"balzer-iron-line-8-pro-staff-fonott-zsinor","status":"publish","type":"product","link":"https:\/\/www.ebihal.hu\/en\/shop\/kiegeszitok\/zsinorok\/fonott-zsinor\/balzer-iron-line-8-pro-staff-fonott-zsinor\/","title":{"rendered":"Balzer Iron Line 8 Pro Staff fonott zsin\u00f3r"},"content":{"rendered":"<p>Vajon mi\u00e9rt forgalmaz egy, Kelet-eur\u00f3pai gy\u00e1rt\u00f3k term\u00e9keit k\u00edn\u00e1l\u00f3 web\u00e1ruh\u00e1z n\u00e9met \u00e1rut, a\u00a0<strong>Pro Staff 8<\/strong> \u00e9s <a href=\"https:\/\/www.ebihal.hu\/en\/shop\/kiegeszitok\/zsinorok\/fonott-zsinor\/balzer-iron-line-trout-ul-fonott-zsinor\/\">Balzer Iron Line Trout<\/a> fonott zsin\u00f3rj\u00e1t (ami val\u00f3j\u00e1ban jap\u00e1n)?<\/p>\n<p>Egyszer\u0171 a v\u00e1lasz: nem tal\u00e1ltunk n\u00e1luk jobbat. Biztos, hogy l\u00e9tezik, de mi j\u00f3 sz\u00edvvel csak a Balzer Iron term\u00e9kcsal\u00e1dot tudjuk aj\u00e1nlani v\u00e1s\u00e1rl\u00f3inknak. N\u00e1lunk minden ors\u00f3 a Balzer fonottjaival van felt\u00f6ltve, \u00fagy, hogy nem vagyunk m\u00e1rkakeresked\u00e9s.<\/p>\n<p>A c\u00e9g pr\u00e9mium, <strong>8 sz\u00e1las<\/strong> term\u00e9ke, kiv\u00e1l\u00f3 a szak\u00edt\u00f3ja, nem spr\u0151d, finoman siklik a gy\u0171r\u0171k\u00f6n, ugyanakkor nem is t\u00fal l\u00e1gy, az \u00e9rdes ujjakon nem bolyhosodik ki. Sz\u00edn\u00e9b\u0151l vesz\u00edt a haszn\u00e1lat sor\u00e1n, de kop\u00e1s\u00e1ll\u00f3s\u00e1gban verhetetlen. A sz\u00e1lak szorosan illeszkednek egym\u00e1shoz, nem bomlanak fel. A zsin\u00f3r nagy teherb\u00edr\u00e1s\u00fa, <strong>kop\u00e1s\u00e1ll\u00f3<\/strong> \u00e9s alig ny\u00falik.<br \/>\nA v\u00f6r\u00f6s sz\u00edn j\u00f3l l\u00e1that\u00f3 a horg\u00e1sz sz\u00e1m\u00e1ra, de a v\u00edz alatt szinte <strong>l\u00e1thatatlan<\/strong> marad.<\/p>\n<p>0,08 \/ 0,10 \/ 0,12 illetve 014 mm \u00e1tm\u00e9r\u0151, <strong>7,2 \/ 8,1 \/ 9,8 illetve 10,7 kg<\/strong> szak\u00edt\u00f3szil\u00e1rds\u00e1g, <strong>150 m<\/strong> hossz, v\u00f6r\u00f6s sz\u00edn.<\/p>\n<table class=\"woocommerce-product-attributes shop_attributes\" aria-label=\"Product Details\" data-no-translation-aria-label=\"\">\n\t\t\t<tr class=\"woocommerce-product-attributes-item woocommerce-product-attributes-item--weight\">\n\t\t\t<th class=\"woocommerce-product-attributes-item__label\" scope=\"row\" data-no-translation=\"\" data-trp-gettext=\"\">Weight<\/th>\n\t\t\t<td class=\"woocommerce-product-attributes-item__value\">0.2 kg<\/td>\n\t\t<\/tr>\n\t\t\t<tr class=\"woocommerce-product-attributes-item woocommerce-product-attributes-item--attribute_pa_brand\">\n\t\t\t<th class=\"woocommerce-product-attributes-item__label\" scope=\"row\">Brand<\/th>\n\t\t\t<td class=\"woocommerce-product-attributes-item__value\"><p>Balzer<\/p>\n<\/td>\n\t\t<\/tr>\n\t\t\t<tr class=\"woocommerce-product-attributes-item woocommerce-product-attributes-item--attribute_pa_color\">\n\t\t\t<th class=\"woocommerce-product-attributes-item__label\" scope=\"row\">Color<\/th>\n\t\t\t<td class=\"woocommerce-product-attributes-item__value\"><p>Fire red<\/p>\n<\/td>\n\t\t<\/tr>\n\t\t\t<tr class=\"woocommerce-product-attributes-item woocommerce-product-attributes-item--attribute_pa_meret\">\n\t\t\t<th class=\"woocommerce-product-attributes-item__label\" scope=\"row\">Size<\/th>\n\t\t\t<td class=\"woocommerce-product-attributes-item__value\"><p>0,08, 0,10, 0,12, 0,14<\/p>\n<\/td>\n\t\t<\/tr>\n\t\t\t<tr class=\"woocommerce-product-attributes-item woocommerce-product-attributes-item--attribute_pa_kiszereles\">\n\t\t\t<th class=\"woocommerce-product-attributes-item__label\" scope=\"row\">Packaging<\/th>\n\t\t\t<td class=\"woocommerce-product-attributes-item__value\"><p>1 doboz<\/p>\n<\/td>\n\t\t<\/tr>\n\t\t\t<tr class=\"woocommerce-product-attributes-item woocommerce-product-attributes-item--attribute_pa_madein\">\n\t\t\t<th class=\"woocommerce-product-attributes-item__label\" scope=\"row\">Country of origin<\/th>\n\t\t\t<td class=\"woocommerce-product-attributes-item__value\"><p>N\u00e9metorsz\u00e1g<\/p>\n<\/td>\n\t\t<\/tr>\n\t<\/table>\n\n<p>&nbsp;<\/p>","protected":false},"excerpt":{"rendered":"<p>150 m \/ tekercs<\/p>","protected":false},"featured_media":11794,"comment_status":"open","ping_status":"closed","template":"","meta":[],"product_cat":[1962,88,605,1961],"product_tag":[1957,1958,1959,1971,1960],"class_list":{"0":"post-11793","1":"product","2":"type-product","3":"status-publish","4":"has-post-thumbnail","6":"product_brand-balzer","7":"product_cat-fonott-zsinor","8":"product_cat-kiegeszitok","9":"product_cat-ujdonsagok","10":"product_cat-zsinorok","11":"product_tag-balzer","12":"product_tag-braid","13":"product_tag-fonott","14":"product_tag-pro-staff","15":"product_tag-zsinor","17":"first","18":"instock","19":"shipping-taxable","20":"purchasable","21":"product-type-variable"},"supplier_id":null,"supplier_sku":"","barcode":null,"atum_controlled":true,"out_stock_date":null,"out_stock_threshold":null,"inheritable":true,"inbound_stock":0,"stock_on_hold":0,"sold_today":0,"sales_last_days":0,"reserved_stock":0,"customer_returns":0,"warehouse_damage":0,"lost_in_post":0,"other_logs":0,"out_stock_days":0,"lost_sales":0,"has_location":false,"update_date":"2026-04-15T00:31:48","atum_locations":[],"atum_stock_status":"instock","restock_status":false,"low_stock_amount":"","sales_update_date":"2026-04-15T00:31:48","calc_backorders":null,"yoast_head":"<!-- This site is optimized with the Yoast SEO plugin v27.4 - https:\/\/yoast.com\/product\/yoast-seo-wordpress\/ -->\n<title>Balzer Iron Line 8 Pro Staff fonott zsin\u00f3r - Ebihal<\/title>\n<meta name=\"description\" content=\"A Balzer Iron Line 8 Pro Staff fonott zsin\u00f3rnak kiv\u00e1l\u00f3 a szak\u00edt\u00f3ja, nem spr\u0151d, finoman siklik a gy\u0171r\u0171k\u00f6n, ugyanakkor nem is t\u00fal l\u00e1gy. 0,08 \u00e9s 0,10 \u00e1tm\u00e9r\u0151.\" \/>\n<meta name=\"robots\" content=\"index, follow, max-snippet:-1, max-image-preview:large, max-video-preview:-1\" \/>\n<link rel=\"canonical\" href=\"https:\/\/www.ebihal.hu\/en\/shop\/kiegeszitok\/zsinorok\/fonott-zsinor\/balzer-iron-line-8-pro-staff-fonott-zsinor\/\" \/>\n<meta property=\"og:locale\" content=\"en_GB\" \/>\n<meta property=\"og:type\" content=\"article\" \/>\n<meta property=\"og:title\" content=\"Balzer Iron Line 8 Pro Staff fonott zsin\u00f3r - Ebihal\" \/>\n<meta property=\"og:description\" content=\"A Balzer Iron Line 8 Pro Staff fonott zsin\u00f3rnak kiv\u00e1l\u00f3 a szak\u00edt\u00f3ja, nem spr\u0151d, finoman siklik a gy\u0171r\u0171k\u00f6n, ugyanakkor nem is t\u00fal l\u00e1gy. 0,08 \u00e9s 0,10 \u00e1tm\u00e9r\u0151.\" \/>\n<meta property=\"og:url\" content=\"https:\/\/www.ebihal.hu\/en\/shop\/kiegeszitok\/zsinorok\/fonott-zsinor\/balzer-iron-line-8-pro-staff-fonott-zsinor\/\" \/>\n<meta property=\"og:site_name\" content=\"Ebihal\" \/>\n<meta property=\"article:publisher\" content=\"https:\/\/www.facebook.com\/ebihal\" \/>\n<meta property=\"article:modified_time\" content=\"2026-03-05T13:35:12+00:00\" \/>\n<meta property=\"og:image\" content=\"https:\/\/www.ebihal.hu\/wp-content\/uploads\/2024\/09\/iron_line_pro_staff_8x.jpg\" \/>\n\t<meta property=\"og:image:width\" content=\"533\" \/>\n\t<meta property=\"og:image:height\" content=\"533\" \/>\n\t<meta property=\"og:image:type\" content=\"image\/jpeg\" \/>\n<meta name=\"twitter:card\" content=\"summary_large_image\" \/>\n<meta name=\"twitter:label1\" content=\"Estimated reading time\" \/>\n\t<meta name=\"twitter:data1\" content=\"2 minutes\" \/>\n<script type=\"application\/ld+json\" class=\"yoast-schema-graph\">{\"@context\":\"https:\\\/\\\/schema.org\",\"@graph\":[{\"@type\":\"WebPage\",\"@id\":\"https:\\\/\\\/www.ebihal.hu\\\/shop\\\/kiegeszitok\\\/zsinorok\\\/fonott-zsinor\\\/balzer-iron-line-8-pro-staff-fonott-zsinor\\\/\",\"url\":\"https:\\\/\\\/www.ebihal.hu\\\/shop\\\/kiegeszitok\\\/zsinorok\\\/fonott-zsinor\\\/balzer-iron-line-8-pro-staff-fonott-zsinor\\\/\",\"name\":\"Balzer Iron Line 8 Pro Staff fonott zsin\u00f3r - Ebihal\",\"isPartOf\":{\"@id\":\"https:\\\/\\\/www.ebihal.hu\\\/#website\"},\"primaryImageOfPage\":{\"@id\":\"https:\\\/\\\/www.ebihal.hu\\\/shop\\\/kiegeszitok\\\/zsinorok\\\/fonott-zsinor\\\/balzer-iron-line-8-pro-staff-fonott-zsinor\\\/#primaryimage\"},\"image\":{\"@id\":\"https:\\\/\\\/www.ebihal.hu\\\/shop\\\/kiegeszitok\\\/zsinorok\\\/fonott-zsinor\\\/balzer-iron-line-8-pro-staff-fonott-zsinor\\\/#primaryimage\"},\"thumbnailUrl\":\"https:\\\/\\\/www.ebihal.hu\\\/wp-content\\\/uploads\\\/2024\\\/09\\\/iron_line_pro_staff_8x.jpg\",\"datePublished\":\"2024-09-18T13:33:18+00:00\",\"dateModified\":\"2026-03-05T13:35:12+00:00\",\"description\":\"A Balzer Iron Line 8 Pro Staff fonott zsin\u00f3rnak kiv\u00e1l\u00f3 a szak\u00edt\u00f3ja, nem spr\u0151d, finoman siklik a gy\u0171r\u0171k\u00f6n, ugyanakkor nem is t\u00fal l\u00e1gy. 0,08 \u00e9s 0,10 \u00e1tm\u00e9r\u0151.\",\"breadcrumb\":{\"@id\":\"https:\\\/\\\/www.ebihal.hu\\\/shop\\\/kiegeszitok\\\/zsinorok\\\/fonott-zsinor\\\/balzer-iron-line-8-pro-staff-fonott-zsinor\\\/#breadcrumb\"},\"inLanguage\":\"en-GB\",\"potentialAction\":[{\"@type\":\"ReadAction\",\"target\":[\"https:\\\/\\\/www.ebihal.hu\\\/shop\\\/kiegeszitok\\\/zsinorok\\\/fonott-zsinor\\\/balzer-iron-line-8-pro-staff-fonott-zsinor\\\/\"]}]},{\"@type\":\"ImageObject\",\"inLanguage\":\"en-GB\",\"@id\":\"https:\\\/\\\/www.ebihal.hu\\\/shop\\\/kiegeszitok\\\/zsinorok\\\/fonott-zsinor\\\/balzer-iron-line-8-pro-staff-fonott-zsinor\\\/#primaryimage\",\"url\":\"https:\\\/\\\/www.ebihal.hu\\\/wp-content\\\/uploads\\\/2024\\\/09\\\/iron_line_pro_staff_8x.jpg\",\"contentUrl\":\"https:\\\/\\\/www.ebihal.hu\\\/wp-content\\\/uploads\\\/2024\\\/09\\\/iron_line_pro_staff_8x.jpg\",\"width\":533,\"height\":533},{\"@type\":\"BreadcrumbList\",\"@id\":\"https:\\\/\\\/www.ebihal.hu\\\/shop\\\/kiegeszitok\\\/zsinorok\\\/fonott-zsinor\\\/balzer-iron-line-8-pro-staff-fonott-zsinor\\\/#breadcrumb\",\"itemListElement\":[{\"@type\":\"ListItem\",\"position\":1,\"name\":\"Kezd\u0151lap\",\"item\":\"https:\\\/\\\/www.ebihal.hu\\\/\"},{\"@type\":\"ListItem\",\"position\":2,\"name\":\"M\u0171csali \u00e1ruh\u00e1z\",\"item\":\"https:\\\/\\\/www.ebihal.hu\\\/\"},{\"@type\":\"ListItem\",\"position\":3,\"name\":\"Balzer Iron Line 8 Pro Staff fonott zsin\u00f3r\"}]},{\"@type\":\"WebSite\",\"@id\":\"https:\\\/\\\/www.ebihal.hu\\\/#website\",\"url\":\"https:\\\/\\\/www.ebihal.hu\\\/\",\"name\":\"Ebihal\",\"description\":\"Fish &amp; Jigs\",\"publisher\":{\"@id\":\"https:\\\/\\\/www.ebihal.hu\\\/#organization\"},\"potentialAction\":[{\"@type\":\"SearchAction\",\"target\":{\"@type\":\"EntryPoint\",\"urlTemplate\":\"https:\\\/\\\/www.ebihal.hu\\\/?s={search_term_string}\"},\"query-input\":{\"@type\":\"PropertyValueSpecification\",\"valueRequired\":true,\"valueName\":\"search_term_string\"}}],\"inLanguage\":\"en-GB\"},{\"@type\":\"Organization\",\"@id\":\"https:\\\/\\\/www.ebihal.hu\\\/#organization\",\"name\":\"Bir\u00f3 Csaba egy\u00e9ni v\u00e1llalkoz\u00f3\",\"url\":\"https:\\\/\\\/www.ebihal.hu\\\/\",\"logo\":{\"@type\":\"ImageObject\",\"inLanguage\":\"en-GB\",\"@id\":\"https:\\\/\\\/www.ebihal.hu\\\/#\\\/schema\\\/logo\\\/image\\\/\",\"url\":\"https:\\\/\\\/www.ebihal.hu\\\/wp-content\\\/uploads\\\/2021\\\/02\\\/brand_logo_mini.png\",\"contentUrl\":\"https:\\\/\\\/www.ebihal.hu\\\/wp-content\\\/uploads\\\/2021\\\/02\\\/brand_logo_mini.png\",\"width\":300,\"height\":300,\"caption\":\"Bir\u00f3 Csaba egy\u00e9ni v\u00e1llalkoz\u00f3\"},\"image\":{\"@id\":\"https:\\\/\\\/www.ebihal.hu\\\/#\\\/schema\\\/logo\\\/image\\\/\"},\"sameAs\":[\"https:\\\/\\\/www.facebook.com\\\/ebihal\"]}]}<\/script>\n<!-- \/ Yoast SEO plugin. -->","yoast_head_json":{"title":"Balzer Iron Line 8 Pro Staff fonott zsin\u00f3r - Ebihal","description":"A Balzer Iron Line 8 Pro Staff fonott zsin\u00f3rnak kiv\u00e1l\u00f3 a szak\u00edt\u00f3ja, nem spr\u0151d, finoman siklik a gy\u0171r\u0171k\u00f6n, ugyanakkor nem is t\u00fal l\u00e1gy. 0,08 \u00e9s 0,10 \u00e1tm\u00e9r\u0151.","robots":{"index":"index","follow":"follow","max-snippet":"max-snippet:-1","max-image-preview":"max-image-preview:large","max-video-preview":"max-video-preview:-1"},"canonical":"https:\/\/www.ebihal.hu\/en\/shop\/kiegeszitok\/zsinorok\/fonott-zsinor\/balzer-iron-line-8-pro-staff-fonott-zsinor\/","og_locale":"en_GB","og_type":"article","og_title":"Balzer Iron Line 8 Pro Staff fonott zsin\u00f3r - Ebihal","og_description":"A Balzer Iron Line 8 Pro Staff fonott zsin\u00f3rnak kiv\u00e1l\u00f3 a szak\u00edt\u00f3ja, nem spr\u0151d, finoman siklik a gy\u0171r\u0171k\u00f6n, ugyanakkor nem is t\u00fal l\u00e1gy. 0,08 \u00e9s 0,10 \u00e1tm\u00e9r\u0151.","og_url":"https:\/\/www.ebihal.hu\/en\/shop\/kiegeszitok\/zsinorok\/fonott-zsinor\/balzer-iron-line-8-pro-staff-fonott-zsinor\/","og_site_name":"Ebihal","article_publisher":"https:\/\/www.facebook.com\/ebihal","article_modified_time":"2026-03-05T13:35:12+00:00","og_image":[{"width":533,"height":533,"url":"https:\/\/www.ebihal.hu\/wp-content\/uploads\/2024\/09\/iron_line_pro_staff_8x.jpg","type":"image\/jpeg"}],"twitter_card":"summary_large_image","twitter_misc":{"Estimated reading time":"2 minutes"},"schema":{"@context":"https:\/\/schema.org","@graph":[{"@type":"WebPage","@id":"https:\/\/www.ebihal.hu\/shop\/kiegeszitok\/zsinorok\/fonott-zsinor\/balzer-iron-line-8-pro-staff-fonott-zsinor\/","url":"https:\/\/www.ebihal.hu\/shop\/kiegeszitok\/zsinorok\/fonott-zsinor\/balzer-iron-line-8-pro-staff-fonott-zsinor\/","name":"Balzer Iron Line 8 Pro Staff fonott zsin\u00f3r - Ebihal","isPartOf":{"@id":"https:\/\/www.ebihal.hu\/#website"},"primaryImageOfPage":{"@id":"https:\/\/www.ebihal.hu\/shop\/kiegeszitok\/zsinorok\/fonott-zsinor\/balzer-iron-line-8-pro-staff-fonott-zsinor\/#primaryimage"},"image":{"@id":"https:\/\/www.ebihal.hu\/shop\/kiegeszitok\/zsinorok\/fonott-zsinor\/balzer-iron-line-8-pro-staff-fonott-zsinor\/#primaryimage"},"thumbnailUrl":"https:\/\/www.ebihal.hu\/wp-content\/uploads\/2024\/09\/iron_line_pro_staff_8x.jpg","datePublished":"2024-09-18T13:33:18+00:00","dateModified":"2026-03-05T13:35:12+00:00","description":"A Balzer Iron Line 8 Pro Staff fonott zsin\u00f3rnak kiv\u00e1l\u00f3 a szak\u00edt\u00f3ja, nem spr\u0151d, finoman siklik a gy\u0171r\u0171k\u00f6n, ugyanakkor nem is t\u00fal l\u00e1gy. 0,08 \u00e9s 0,10 \u00e1tm\u00e9r\u0151.","breadcrumb":{"@id":"https:\/\/www.ebihal.hu\/shop\/kiegeszitok\/zsinorok\/fonott-zsinor\/balzer-iron-line-8-pro-staff-fonott-zsinor\/#breadcrumb"},"inLanguage":"en-GB","potentialAction":[{"@type":"ReadAction","target":["https:\/\/www.ebihal.hu\/shop\/kiegeszitok\/zsinorok\/fonott-zsinor\/balzer-iron-line-8-pro-staff-fonott-zsinor\/"]}]},{"@type":"ImageObject","inLanguage":"en-GB","@id":"https:\/\/www.ebihal.hu\/shop\/kiegeszitok\/zsinorok\/fonott-zsinor\/balzer-iron-line-8-pro-staff-fonott-zsinor\/#primaryimage","url":"https:\/\/www.ebihal.hu\/wp-content\/uploads\/2024\/09\/iron_line_pro_staff_8x.jpg","contentUrl":"https:\/\/www.ebihal.hu\/wp-content\/uploads\/2024\/09\/iron_line_pro_staff_8x.jpg","width":533,"height":533},{"@type":"BreadcrumbList","@id":"https:\/\/www.ebihal.hu\/shop\/kiegeszitok\/zsinorok\/fonott-zsinor\/balzer-iron-line-8-pro-staff-fonott-zsinor\/#breadcrumb","itemListElement":[{"@type":"ListItem","position":1,"name":"Kezd\u0151lap","item":"https:\/\/www.ebihal.hu\/"},{"@type":"ListItem","position":2,"name":"M\u0171csali \u00e1ruh\u00e1z","item":"https:\/\/www.ebihal.hu\/"},{"@type":"ListItem","position":3,"name":"Balzer Iron Line 8 Pro Staff fonott zsin\u00f3r"}]},{"@type":"WebSite","@id":"https:\/\/www.ebihal.hu\/#website","url":"https:\/\/www.ebihal.hu\/","name":"Ebihal","description":"Fish &amp; Jigs","publisher":{"@id":"https:\/\/www.ebihal.hu\/#organization"},"potentialAction":[{"@type":"SearchAction","target":{"@type":"EntryPoint","urlTemplate":"https:\/\/www.ebihal.hu\/?s={search_term_string}"},"query-input":{"@type":"PropertyValueSpecification","valueRequired":true,"valueName":"search_term_string"}}],"inLanguage":"en-GB"},{"@type":"Organization","@id":"https:\/\/www.ebihal.hu\/#organization","name":"Bir\u00f3 Csaba egy\u00e9ni v\u00e1llalkoz\u00f3","url":"https:\/\/www.ebihal.hu\/","logo":{"@type":"ImageObject","inLanguage":"en-GB","@id":"https:\/\/www.ebihal.hu\/#\/schema\/logo\/image\/","url":"https:\/\/www.ebihal.hu\/wp-content\/uploads\/2021\/02\/brand_logo_mini.png","contentUrl":"https:\/\/www.ebihal.hu\/wp-content\/uploads\/2021\/02\/brand_logo_mini.png","width":300,"height":300,"caption":"Bir\u00f3 Csaba egy\u00e9ni v\u00e1llalkoz\u00f3"},"image":{"@id":"https:\/\/www.ebihal.hu\/#\/schema\/logo\/image\/"},"sameAs":["https:\/\/www.facebook.com\/ebihal"]}]}},"_links":{"self":[{"href":"https:\/\/www.ebihal.hu\/en\/wp-json\/wp\/v2\/product\/11793","targetHints":{"allow":["GET"]}}],"collection":[{"href":"https:\/\/www.ebihal.hu\/en\/wp-json\/wp\/v2\/product"}],"about":[{"href":"https:\/\/www.ebihal.hu\/en\/wp-json\/wp\/v2\/types\/product"}],"replies":[{"embeddable":true,"href":"https:\/\/www.ebihal.hu\/en\/wp-json\/wp\/v2\/comments?post=11793"}],"wp:featuredmedia":[{"embeddable":true,"href":"https:\/\/www.ebihal.hu\/en\/wp-json\/wp\/v2\/media\/11794"}],"wp:attachment":[{"href":"https:\/\/www.ebihal.hu\/en\/wp-json\/wp\/v2\/media?parent=11793"}],"wp:term":[{"taxonomy":"product_cat","embeddable":true,"href":"https:\/\/www.ebihal.hu\/en\/wp-json\/wp\/v2\/product_cat?post=11793"},{"taxonomy":"product_tag","embeddable":true,"href":"https:\/\/www.ebihal.hu\/en\/wp-json\/wp\/v2\/product_tag?post=11793"}],"curies":[{"name":"wp","href":"https:\/\/api.w.org\/{rel}","templated":true}]}}