{"id":11687,"date":"2024-08-09T20:11:21","date_gmt":"2024-08-09T19:11:21","guid":{"rendered":"https:\/\/www.ebihal.hu\/?post_type=product&#038;p=11687"},"modified":"2024-08-16T12:39:03","modified_gmt":"2024-08-16T11:39:03","slug":"imago-lures-big-mama-3-5f-gy-wobbler","status":"publish","type":"product","link":"https:\/\/www.ebihal.hu\/en\/shop\/mucsali\/hard_baits\/imago-lures\/big-mama\/imago-lures-big-mama-3-5f-gy-wobbler\/","title":{"rendered":"Imago Lures Big Mama 3.5F GY wobbler"},"content":{"rendered":"<p>Az Imago Lures \u00f3ri\u00e1shangy\u00e1ja felsz\u00edni wobbler, amelyet c\u00e9lzottan domolyk\u00f3, j\u00e1szkeszeg \u00e9s balin horg\u00e1szat\u00e1ra alkottak, de nem ritka vend\u00e9g rajta a bees\u0151 csuka sem. A Big Mama a legnagyobb tagja a hangya csali csal\u00e1dnak. Nagyon stabil wobbler, szil\u00e1rdan fesz\u00fcl r\u00e1 a felsz\u00ednre, nem mer\u00fcl al\u00e1 nagyobb sodr\u00e1sban, \u00e9s nem dobja ki az \u00e1ramlat sem.<\/p>\n<p>35 mm hossz\u00fa, 3,5 g s\u00faly\u00fa, mer\u00fcl\u00e9si m\u00e9lys\u00e9g: 0-0,1 m, #8 Owner h\u00e1rmashorog.<\/p>\n<table class=\"woocommerce-product-attributes shop_attributes\" aria-label=\"Product Details\" data-no-translation-aria-label=\"\">\n\t\t\t<tr class=\"woocommerce-product-attributes-item woocommerce-product-attributes-item--weight\">\n\t\t\t<th class=\"woocommerce-product-attributes-item__label\" scope=\"row\" data-no-translation=\"\" data-trp-gettext=\"\">Weight<\/th>\n\t\t\t<td class=\"woocommerce-product-attributes-item__value\">0.015 kg<\/td>\n\t\t<\/tr>\n\t\t\t<tr class=\"woocommerce-product-attributes-item woocommerce-product-attributes-item--attribute_pa_brand\">\n\t\t\t<th class=\"woocommerce-product-attributes-item__label\" scope=\"row\">Brand<\/th>\n\t\t\t<td class=\"woocommerce-product-attributes-item__value\"><p>Imago Lures<\/p>\n<\/td>\n\t\t<\/tr>\n\t\t\t<tr class=\"woocommerce-product-attributes-item woocommerce-product-attributes-item--attribute_pa_meret\">\n\t\t\t<th class=\"woocommerce-product-attributes-item__label\" scope=\"row\">Size<\/th>\n\t\t\t<td class=\"woocommerce-product-attributes-item__value\"><p>35 mm<\/p>\n<\/td>\n\t\t<\/tr>\n\t\t\t<tr class=\"woocommerce-product-attributes-item woocommerce-product-attributes-item--attribute_pa_szinkod\">\n\t\t\t<th class=\"woocommerce-product-attributes-item__label\" scope=\"row\">Color code<\/th>\n\t\t\t<td class=\"woocommerce-product-attributes-item__value\"><p>GY<\/p>\n<\/td>\n\t\t<\/tr>\n\t\t\t<tr class=\"woocommerce-product-attributes-item woocommerce-product-attributes-item--attribute_mer%c3%bcl%c3%a9si-m%c3%a9lys%c3%a9g\">\n\t\t\t<th class=\"woocommerce-product-attributes-item__label\" scope=\"row\">Mer\u00fcl\u00e9si m\u00e9lys\u00e9g<\/th>\n\t\t\t<td class=\"woocommerce-product-attributes-item__value\"><p>0-0,1 m<\/p>\n<\/td>\n\t\t<\/tr>\n\t\t\t<tr class=\"woocommerce-product-attributes-item woocommerce-product-attributes-item--attribute_pa_horogmeret\">\n\t\t\t<th class=\"woocommerce-product-attributes-item__label\" scope=\"row\">Horogm\u00e9ret<\/th>\n\t\t\t<td class=\"woocommerce-product-attributes-item__value\"><p>#8<\/p>\n<\/td>\n\t\t<\/tr>\n\t\t\t<tr class=\"woocommerce-product-attributes-item woocommerce-product-attributes-item--attribute_pa_madein\">\n\t\t\t<th class=\"woocommerce-product-attributes-item__label\" scope=\"row\">Country of origin<\/th>\n\t\t\t<td class=\"woocommerce-product-attributes-item__value\"><p>Lengyelorsz\u00e1g<\/p>\n<\/td>\n\t\t<\/tr>\n\t\t\t<tr class=\"woocommerce-product-attributes-item woocommerce-product-attributes-item--attribute_pa_kiszereles\">\n\t\t\t<th class=\"woocommerce-product-attributes-item__label\" scope=\"row\">Packaging<\/th>\n\t\t\t<td class=\"woocommerce-product-attributes-item__value\"><p>1 piece<\/p>\n<\/td>\n\t\t<\/tr>\n\t<\/table>","protected":false},"excerpt":{"rendered":"<p>Az Imago Lures \u00f3ri\u00e1shangy\u00e1ja felsz\u00edni wobbler, amelyet c\u00e9lzottan domolyk\u00f3, j\u00e1szkeszeg \u00e9s balin horg\u00e1szat\u00e1ra alkottak, de nem ritka vend\u00e9g rajta a bees\u0151 csuka sem. A Big Mama a legnagyobb tagja a hangya csali csal\u00e1dnak. Nagyon stabil wobbler, szil\u00e1rdan fesz\u00fcl r\u00e1 a felsz\u00ednre, nem mer\u00fcl al\u00e1 nagyobb sodr\u00e1sban, \u00e9s nem dobja ki&hellip; <\/p>","protected":false},"featured_media":11688,"comment_status":"open","ping_status":"closed","template":"","meta":[],"product_cat":[1921,970,40,41],"product_tag":[197,1171,239,982,971,824,240,822,373,112],"class_list":{"0":"post-11687","1":"product","2":"type-product","3":"status-publish","4":"has-post-thumbnail","6":"product_brand-imago-lures","7":"product_cat-big-mama","8":"product_cat-imago-lures","9":"product_cat-mucsali","10":"product_cat-hard_baits","11":"product_tag-balin","12":"product_tag-big-mama","13":"product_tag-domolyko","14":"product_tag-hangya","15":"product_tag-imago-lures","16":"product_tag-jaszkeszeg","17":"product_tag-pisztrang","18":"product_tag-rovar","19":"product_tag-ul","20":"product_tag-wobbler","22":"first","23":"instock","24":"shipping-taxable","25":"purchasable","26":"product-type-simple"},"supplier_id":null,"supplier_sku":"","barcode":null,"atum_controlled":true,"out_stock_date":null,"out_stock_threshold":null,"inheritable":false,"inbound_stock":0,"stock_on_hold":0,"sold_today":0,"sales_last_days":0,"reserved_stock":0,"customer_returns":0,"warehouse_damage":0,"lost_in_post":0,"other_logs":0,"out_stock_days":0,"lost_sales":0,"has_location":false,"update_date":"2026-04-15T00:30:43","atum_locations":[],"atum_stock_status":"instock","restock_status":false,"low_stock_amount":"","sales_update_date":"2026-04-15T00:30:43","calc_backorders":null,"yoast_head":"<!-- This site is optimized with the Yoast SEO plugin v27.4 - https:\/\/yoast.com\/product\/yoast-seo-wordpress\/ -->\n<title>Imago Lures Big Mama 3.5F GY wobbler - Ebihal<\/title>\n<meta name=\"description\" content=\"Az Imago Lures Big Mama felsz\u00edni wobbler, a v\u00edzben verg\u0151d\u0151 hangy\u00e1t ut\u00e1nozza. BM-35-GY 35 mm-es v\u00e1ltozat. Domolyk\u00f3, balin, j\u00e1sz horg\u00e1szat\u00e1ra.\" \/>\n<meta name=\"robots\" content=\"index, follow, max-snippet:-1, max-image-preview:large, max-video-preview:-1\" \/>\n<link rel=\"canonical\" href=\"https:\/\/www.ebihal.hu\/en\/shop\/mucsali\/hard_baits\/imago-lures\/big-mama\/imago-lures-big-mama-3-5f-gy-wobbler\/\" \/>\n<meta property=\"og:locale\" content=\"en_GB\" \/>\n<meta property=\"og:type\" content=\"article\" \/>\n<meta property=\"og:title\" content=\"Imago Lures Big Mama 3.5F GY wobbler - Ebihal\" \/>\n<meta property=\"og:description\" content=\"Az Imago Lures Big Mama felsz\u00edni wobbler, a v\u00edzben verg\u0151d\u0151 hangy\u00e1t ut\u00e1nozza. BM-35-GY 35 mm-es v\u00e1ltozat. Domolyk\u00f3, balin, j\u00e1sz horg\u00e1szat\u00e1ra.\" \/>\n<meta property=\"og:url\" content=\"https:\/\/www.ebihal.hu\/en\/shop\/mucsali\/hard_baits\/imago-lures\/big-mama\/imago-lures-big-mama-3-5f-gy-wobbler\/\" \/>\n<meta property=\"og:site_name\" content=\"Ebihal\" \/>\n<meta property=\"article:publisher\" content=\"https:\/\/www.facebook.com\/ebihal\" \/>\n<meta property=\"article:modified_time\" content=\"2024-08-16T11:39:03+00:00\" \/>\n<meta property=\"og:image\" content=\"https:\/\/www.ebihal.hu\/wp-content\/uploads\/2024\/08\/BM35GY.jpg\" \/>\n\t<meta property=\"og:image:width\" content=\"800\" \/>\n\t<meta property=\"og:image:height\" content=\"800\" \/>\n\t<meta property=\"og:image:type\" content=\"image\/jpeg\" \/>\n<meta name=\"twitter:card\" content=\"summary_large_image\" \/>\n<meta name=\"twitter:label1\" content=\"Estimated reading time\" \/>\n\t<meta name=\"twitter:data1\" content=\"1 minute\" \/>\n<script type=\"application\/ld+json\" class=\"yoast-schema-graph\">{\"@context\":\"https:\\\/\\\/schema.org\",\"@graph\":[{\"@type\":\"WebPage\",\"@id\":\"https:\\\/\\\/www.ebihal.hu\\\/en\\\/shop\\\/mucsali\\\/hard_baits\\\/imago-lures\\\/big-mama\\\/imago-lures-big-mama-3-5f-gy-wobbler\\\/\",\"url\":\"https:\\\/\\\/www.ebihal.hu\\\/en\\\/shop\\\/mucsali\\\/hard_baits\\\/imago-lures\\\/big-mama\\\/imago-lures-big-mama-3-5f-gy-wobbler\\\/\",\"name\":\"Imago Lures Big Mama 3.5F GY wobbler - Ebihal\",\"isPartOf\":{\"@id\":\"https:\\\/\\\/www.ebihal.hu\\\/#website\"},\"primaryImageOfPage\":{\"@id\":\"https:\\\/\\\/www.ebihal.hu\\\/en\\\/shop\\\/mucsali\\\/hard_baits\\\/imago-lures\\\/big-mama\\\/imago-lures-big-mama-3-5f-gy-wobbler\\\/#primaryimage\"},\"image\":{\"@id\":\"https:\\\/\\\/www.ebihal.hu\\\/en\\\/shop\\\/mucsali\\\/hard_baits\\\/imago-lures\\\/big-mama\\\/imago-lures-big-mama-3-5f-gy-wobbler\\\/#primaryimage\"},\"thumbnailUrl\":\"https:\\\/\\\/www.ebihal.hu\\\/wp-content\\\/uploads\\\/2024\\\/08\\\/BM35GY.jpg\",\"datePublished\":\"2024-08-09T19:11:21+00:00\",\"dateModified\":\"2024-08-16T11:39:03+00:00\",\"description\":\"Az Imago Lures Big Mama felsz\u00edni wobbler, a v\u00edzben verg\u0151d\u0151 hangy\u00e1t ut\u00e1nozza. BM-35-GY 35 mm-es v\u00e1ltozat. Domolyk\u00f3, balin, j\u00e1sz horg\u00e1szat\u00e1ra.\",\"breadcrumb\":{\"@id\":\"https:\\\/\\\/www.ebihal.hu\\\/en\\\/shop\\\/mucsali\\\/hard_baits\\\/imago-lures\\\/big-mama\\\/imago-lures-big-mama-3-5f-gy-wobbler\\\/#breadcrumb\"},\"inLanguage\":\"en-GB\",\"potentialAction\":[{\"@type\":\"ReadAction\",\"target\":[\"https:\\\/\\\/www.ebihal.hu\\\/en\\\/shop\\\/mucsali\\\/hard_baits\\\/imago-lures\\\/big-mama\\\/imago-lures-big-mama-3-5f-gy-wobbler\\\/\"]}]},{\"@type\":\"ImageObject\",\"inLanguage\":\"en-GB\",\"@id\":\"https:\\\/\\\/www.ebihal.hu\\\/en\\\/shop\\\/mucsali\\\/hard_baits\\\/imago-lures\\\/big-mama\\\/imago-lures-big-mama-3-5f-gy-wobbler\\\/#primaryimage\",\"url\":\"https:\\\/\\\/www.ebihal.hu\\\/wp-content\\\/uploads\\\/2024\\\/08\\\/BM35GY.jpg\",\"contentUrl\":\"https:\\\/\\\/www.ebihal.hu\\\/wp-content\\\/uploads\\\/2024\\\/08\\\/BM35GY.jpg\",\"width\":800,\"height\":800,\"caption\":\"Imago Lures Big Mama GY wobbler\"},{\"@type\":\"BreadcrumbList\",\"@id\":\"https:\\\/\\\/www.ebihal.hu\\\/en\\\/shop\\\/mucsali\\\/hard_baits\\\/imago-lures\\\/big-mama\\\/imago-lures-big-mama-3-5f-gy-wobbler\\\/#breadcrumb\",\"itemListElement\":[{\"@type\":\"ListItem\",\"position\":1,\"name\":\"Kezd\u0151lap\",\"item\":\"https:\\\/\\\/www.ebihal.hu\\\/\"},{\"@type\":\"ListItem\",\"position\":2,\"name\":\"M\u0171csali \u00e1ruh\u00e1z\",\"item\":\"https:\\\/\\\/www.ebihal.hu\\\/\"},{\"@type\":\"ListItem\",\"position\":3,\"name\":\"Imago Lures Big Mama 3.5F GY wobbler\"}]},{\"@type\":\"WebSite\",\"@id\":\"https:\\\/\\\/www.ebihal.hu\\\/#website\",\"url\":\"https:\\\/\\\/www.ebihal.hu\\\/\",\"name\":\"Ebihal\",\"description\":\"Fish &amp; Jigs\",\"publisher\":{\"@id\":\"https:\\\/\\\/www.ebihal.hu\\\/#organization\"},\"potentialAction\":[{\"@type\":\"SearchAction\",\"target\":{\"@type\":\"EntryPoint\",\"urlTemplate\":\"https:\\\/\\\/www.ebihal.hu\\\/?s={search_term_string}\"},\"query-input\":{\"@type\":\"PropertyValueSpecification\",\"valueRequired\":true,\"valueName\":\"search_term_string\"}}],\"inLanguage\":\"en-GB\"},{\"@type\":\"Organization\",\"@id\":\"https:\\\/\\\/www.ebihal.hu\\\/#organization\",\"name\":\"Bir\u00f3 Csaba egy\u00e9ni v\u00e1llalkoz\u00f3\",\"url\":\"https:\\\/\\\/www.ebihal.hu\\\/\",\"logo\":{\"@type\":\"ImageObject\",\"inLanguage\":\"en-GB\",\"@id\":\"https:\\\/\\\/www.ebihal.hu\\\/#\\\/schema\\\/logo\\\/image\\\/\",\"url\":\"https:\\\/\\\/www.ebihal.hu\\\/wp-content\\\/uploads\\\/2021\\\/02\\\/brand_logo_mini.png\",\"contentUrl\":\"https:\\\/\\\/www.ebihal.hu\\\/wp-content\\\/uploads\\\/2021\\\/02\\\/brand_logo_mini.png\",\"width\":300,\"height\":300,\"caption\":\"Bir\u00f3 Csaba egy\u00e9ni v\u00e1llalkoz\u00f3\"},\"image\":{\"@id\":\"https:\\\/\\\/www.ebihal.hu\\\/#\\\/schema\\\/logo\\\/image\\\/\"},\"sameAs\":[\"https:\\\/\\\/www.facebook.com\\\/ebihal\"]}]}<\/script>\n<!-- \/ Yoast SEO plugin. -->","yoast_head_json":{"title":"Imago Lures Big Mama 3.5F GY wobbler - Ebihal","description":"Az Imago Lures Big Mama felsz\u00edni wobbler, a v\u00edzben verg\u0151d\u0151 hangy\u00e1t ut\u00e1nozza. BM-35-GY 35 mm-es v\u00e1ltozat. Domolyk\u00f3, balin, j\u00e1sz horg\u00e1szat\u00e1ra.","robots":{"index":"index","follow":"follow","max-snippet":"max-snippet:-1","max-image-preview":"max-image-preview:large","max-video-preview":"max-video-preview:-1"},"canonical":"https:\/\/www.ebihal.hu\/en\/shop\/mucsali\/hard_baits\/imago-lures\/big-mama\/imago-lures-big-mama-3-5f-gy-wobbler\/","og_locale":"en_GB","og_type":"article","og_title":"Imago Lures Big Mama 3.5F GY wobbler - Ebihal","og_description":"Az Imago Lures Big Mama felsz\u00edni wobbler, a v\u00edzben verg\u0151d\u0151 hangy\u00e1t ut\u00e1nozza. BM-35-GY 35 mm-es v\u00e1ltozat. Domolyk\u00f3, balin, j\u00e1sz horg\u00e1szat\u00e1ra.","og_url":"https:\/\/www.ebihal.hu\/en\/shop\/mucsali\/hard_baits\/imago-lures\/big-mama\/imago-lures-big-mama-3-5f-gy-wobbler\/","og_site_name":"Ebihal","article_publisher":"https:\/\/www.facebook.com\/ebihal","article_modified_time":"2024-08-16T11:39:03+00:00","og_image":[{"width":800,"height":800,"url":"https:\/\/www.ebihal.hu\/wp-content\/uploads\/2024\/08\/BM35GY.jpg","type":"image\/jpeg"}],"twitter_card":"summary_large_image","twitter_misc":{"Estimated reading time":"1 minute"},"schema":{"@context":"https:\/\/schema.org","@graph":[{"@type":"WebPage","@id":"https:\/\/www.ebihal.hu\/en\/shop\/mucsali\/hard_baits\/imago-lures\/big-mama\/imago-lures-big-mama-3-5f-gy-wobbler\/","url":"https:\/\/www.ebihal.hu\/en\/shop\/mucsali\/hard_baits\/imago-lures\/big-mama\/imago-lures-big-mama-3-5f-gy-wobbler\/","name":"Imago Lures Big Mama 3.5F GY wobbler - Ebihal","isPartOf":{"@id":"https:\/\/www.ebihal.hu\/#website"},"primaryImageOfPage":{"@id":"https:\/\/www.ebihal.hu\/en\/shop\/mucsali\/hard_baits\/imago-lures\/big-mama\/imago-lures-big-mama-3-5f-gy-wobbler\/#primaryimage"},"image":{"@id":"https:\/\/www.ebihal.hu\/en\/shop\/mucsali\/hard_baits\/imago-lures\/big-mama\/imago-lures-big-mama-3-5f-gy-wobbler\/#primaryimage"},"thumbnailUrl":"https:\/\/www.ebihal.hu\/wp-content\/uploads\/2024\/08\/BM35GY.jpg","datePublished":"2024-08-09T19:11:21+00:00","dateModified":"2024-08-16T11:39:03+00:00","description":"Az Imago Lures Big Mama felsz\u00edni wobbler, a v\u00edzben verg\u0151d\u0151 hangy\u00e1t ut\u00e1nozza. BM-35-GY 35 mm-es v\u00e1ltozat. Domolyk\u00f3, balin, j\u00e1sz horg\u00e1szat\u00e1ra.","breadcrumb":{"@id":"https:\/\/www.ebihal.hu\/en\/shop\/mucsali\/hard_baits\/imago-lures\/big-mama\/imago-lures-big-mama-3-5f-gy-wobbler\/#breadcrumb"},"inLanguage":"en-GB","potentialAction":[{"@type":"ReadAction","target":["https:\/\/www.ebihal.hu\/en\/shop\/mucsali\/hard_baits\/imago-lures\/big-mama\/imago-lures-big-mama-3-5f-gy-wobbler\/"]}]},{"@type":"ImageObject","inLanguage":"en-GB","@id":"https:\/\/www.ebihal.hu\/en\/shop\/mucsali\/hard_baits\/imago-lures\/big-mama\/imago-lures-big-mama-3-5f-gy-wobbler\/#primaryimage","url":"https:\/\/www.ebihal.hu\/wp-content\/uploads\/2024\/08\/BM35GY.jpg","contentUrl":"https:\/\/www.ebihal.hu\/wp-content\/uploads\/2024\/08\/BM35GY.jpg","width":800,"height":800,"caption":"Imago Lures Big Mama GY wobbler"},{"@type":"BreadcrumbList","@id":"https:\/\/www.ebihal.hu\/en\/shop\/mucsali\/hard_baits\/imago-lures\/big-mama\/imago-lures-big-mama-3-5f-gy-wobbler\/#breadcrumb","itemListElement":[{"@type":"ListItem","position":1,"name":"Kezd\u0151lap","item":"https:\/\/www.ebihal.hu\/"},{"@type":"ListItem","position":2,"name":"M\u0171csali \u00e1ruh\u00e1z","item":"https:\/\/www.ebihal.hu\/"},{"@type":"ListItem","position":3,"name":"Imago Lures Big Mama 3.5F GY wobbler"}]},{"@type":"WebSite","@id":"https:\/\/www.ebihal.hu\/#website","url":"https:\/\/www.ebihal.hu\/","name":"Ebihal","description":"Fish &amp; Jigs","publisher":{"@id":"https:\/\/www.ebihal.hu\/#organization"},"potentialAction":[{"@type":"SearchAction","target":{"@type":"EntryPoint","urlTemplate":"https:\/\/www.ebihal.hu\/?s={search_term_string}"},"query-input":{"@type":"PropertyValueSpecification","valueRequired":true,"valueName":"search_term_string"}}],"inLanguage":"en-GB"},{"@type":"Organization","@id":"https:\/\/www.ebihal.hu\/#organization","name":"Bir\u00f3 Csaba egy\u00e9ni v\u00e1llalkoz\u00f3","url":"https:\/\/www.ebihal.hu\/","logo":{"@type":"ImageObject","inLanguage":"en-GB","@id":"https:\/\/www.ebihal.hu\/#\/schema\/logo\/image\/","url":"https:\/\/www.ebihal.hu\/wp-content\/uploads\/2021\/02\/brand_logo_mini.png","contentUrl":"https:\/\/www.ebihal.hu\/wp-content\/uploads\/2021\/02\/brand_logo_mini.png","width":300,"height":300,"caption":"Bir\u00f3 Csaba egy\u00e9ni v\u00e1llalkoz\u00f3"},"image":{"@id":"https:\/\/www.ebihal.hu\/#\/schema\/logo\/image\/"},"sameAs":["https:\/\/www.facebook.com\/ebihal"]}]}},"_links":{"self":[{"href":"https:\/\/www.ebihal.hu\/en\/wp-json\/wp\/v2\/product\/11687","targetHints":{"allow":["GET"]}}],"collection":[{"href":"https:\/\/www.ebihal.hu\/en\/wp-json\/wp\/v2\/product"}],"about":[{"href":"https:\/\/www.ebihal.hu\/en\/wp-json\/wp\/v2\/types\/product"}],"replies":[{"embeddable":true,"href":"https:\/\/www.ebihal.hu\/en\/wp-json\/wp\/v2\/comments?post=11687"}],"wp:featuredmedia":[{"embeddable":true,"href":"https:\/\/www.ebihal.hu\/en\/wp-json\/wp\/v2\/media\/11688"}],"wp:attachment":[{"href":"https:\/\/www.ebihal.hu\/en\/wp-json\/wp\/v2\/media?parent=11687"}],"wp:term":[{"taxonomy":"product_cat","embeddable":true,"href":"https:\/\/www.ebihal.hu\/en\/wp-json\/wp\/v2\/product_cat?post=11687"},{"taxonomy":"product_tag","embeddable":true,"href":"https:\/\/www.ebihal.hu\/en\/wp-json\/wp\/v2\/product_tag?post=11687"}],"curies":[{"name":"wp","href":"https:\/\/api.w.org\/{rel}","templated":true}]}}