{"id":11388,"date":"2024-05-09T05:59:30","date_gmt":"2024-05-09T04:59:30","guid":{"rendered":"https:\/\/www.ebihal.hu\/?post_type=product&#038;p=11388"},"modified":"2026-03-05T08:25:03","modified_gmt":"2026-03-05T07:25:03","slug":"fanatik-pavuk-2-3-floating-022-gumicsali","status":"publish","type":"product","link":"https:\/\/www.ebihal.hu\/en\/shop\/mucsali\/gumicsali\/fanatik\/fanatik-pavuk\/fanatik-pavuk-2-3\/fanatik-pavuk-2-3-floating-022-gumicsali\/","title":{"rendered":"Fanatik Pavuk 2.3&#8243; FLOATING 022 gumicsali"},"content":{"rendered":"<p>Az ukr\u00e1n Fanatik c\u00e9g legend\u00e1s <a href=\"https:\/\/www.ebihal.hu\/en\/horgaszat\/mucsali\/gumicsali\/fanatik\/fanatik-larva\/\"><strong>Larva<\/strong> <\/a>csalij\u00e1nak evol\u00faci\u00f3s term\u00e9ke. B\u00e1r <strong>p\u00f3k<\/strong> n\u00e9vre hallgat, nem tudja eltitkolni eredet\u00e9t: a l\u00e1gy, rezg\u0151 potrohot \u00e9s sz\u00e9les fejet el\u0151dj\u00e9t\u0151l \u00f6r\u00f6k\u00f6lte. Miben hoz \u00fajat ez a szilikon? K\u00fcl\u00f6nlegess\u00e9ge, hogy lebeg \u00e9s rendk\u00edv\u00fcl <strong>izg\u00e1ga<\/strong> mozg\u00e1s\u00fa. A l\u00e1bak vitust\u00e1ncot j\u00e1rnak a v\u00edzben is. A forgalomban l\u00e9v\u0151 passz\u00edv csalik legakt\u00edvabbika.<\/p>\n<p>58 mm hossz\u00fa, 2,3 g, aromatiz\u00e1lt, <strong>floating<\/strong>, 022 sz\u00ednk\u00f3d.<\/p>\n<p><iframe loading=\"lazy\" title=\"YouTube video player\" src=\"https:\/\/www.youtube.com\/embed\/NrGf7TU4Dvw?si=zX5N50Xk3ApIWyt-&amp;start=68\" width=\"560\" height=\"315\" frameborder=\"0\" allowfullscreen=\"allowfullscreen\"><\/iframe><\/p>\n<h4>Additional information<\/h4>\n<table class=\"woocommerce-product-attributes shop_attributes\" aria-label=\"Product Details\" data-no-translation-aria-label=\"\">\n\t\t\t<tr class=\"woocommerce-product-attributes-item woocommerce-product-attributes-item--weight\">\n\t\t\t<th class=\"woocommerce-product-attributes-item__label\" scope=\"row\" data-no-translation=\"\" data-trp-gettext=\"\">Weight<\/th>\n\t\t\t<td class=\"woocommerce-product-attributes-item__value\">0.002 kg<\/td>\n\t\t<\/tr>\n\t\t\t<tr class=\"woocommerce-product-attributes-item woocommerce-product-attributes-item--attribute_pa_brand\">\n\t\t\t<th class=\"woocommerce-product-attributes-item__label\" scope=\"row\">Brand<\/th>\n\t\t\t<td class=\"woocommerce-product-attributes-item__value\"><p>Fanatik<\/p>\n<\/td>\n\t\t<\/tr>\n\t\t\t<tr class=\"woocommerce-product-attributes-item woocommerce-product-attributes-item--attribute_pa_szinkod\">\n\t\t\t<th class=\"woocommerce-product-attributes-item__label\" scope=\"row\">Color code<\/th>\n\t\t\t<td class=\"woocommerce-product-attributes-item__value\"><p>022<\/p>\n<\/td>\n\t\t<\/tr>\n\t\t\t<tr class=\"woocommerce-product-attributes-item woocommerce-product-attributes-item--attribute_pa_meret\">\n\t\t\t<th class=\"woocommerce-product-attributes-item__label\" scope=\"row\">Size<\/th>\n\t\t\t<td class=\"woocommerce-product-attributes-item__value\"><p>58 mm<\/p>\n<\/td>\n\t\t<\/tr>\n\t\t\t<tr class=\"woocommerce-product-attributes-item woocommerce-product-attributes-item--attribute_pa_madein\">\n\t\t\t<th class=\"woocommerce-product-attributes-item__label\" scope=\"row\">Country of origin<\/th>\n\t\t\t<td class=\"woocommerce-product-attributes-item__value\"><p>Ukrajna<\/p>\n<\/td>\n\t\t<\/tr>\n\t\t\t<tr class=\"woocommerce-product-attributes-item woocommerce-product-attributes-item--attribute_pa_kiszereles\">\n\t\t\t<th class=\"woocommerce-product-attributes-item__label\" scope=\"row\">Packaging<\/th>\n\t\t\t<td class=\"woocommerce-product-attributes-item__value\"><p>1 plastic bag<\/p>\n<\/td>\n\t\t<\/tr>\n\t\t\t<tr class=\"woocommerce-product-attributes-item woocommerce-product-attributes-item--attribute_pa_darabszam\">\n\t\t\t<th class=\"woocommerce-product-attributes-item__label\" scope=\"row\">Darabsz\u00e1m<\/th>\n\t\t\t<td class=\"woocommerce-product-attributes-item__value\"><p>4<\/p>\n<\/td>\n\t\t<\/tr>\n\t<\/table>","protected":false},"excerpt":{"rendered":"<p>4 db\/csomag<\/p>","protected":false},"featured_media":11349,"comment_status":"open","ping_status":"closed","template":"","meta":[],"product_cat":[1244,74,40,1909,1912],"product_tag":[239,339,816,1913,240,822,241,146,373],"class_list":{"0":"post-11388","1":"product","2":"type-product","3":"status-publish","4":"has-post-thumbnail","6":"product_brand-fanatik","7":"product_cat-fanatik","8":"product_cat-gumicsali","9":"product_cat-mucsali","10":"product_cat-fanatik-pavuk","11":"product_cat-fanatik-pavuk-2-3","12":"product_tag-domolyko","13":"product_tag-kosullo","14":"product_tag-larva","15":"product_tag-pavuk","16":"product_tag-pisztrang","17":"product_tag-rovar","18":"product_tag-suger","19":"product_tag-sullo","20":"product_tag-ul","22":"first","23":"instock","24":"sale","25":"shipping-taxable","26":"purchasable","27":"product-type-simple"},"supplier_id":null,"supplier_sku":"","barcode":null,"atum_controlled":true,"out_stock_date":null,"out_stock_threshold":null,"inheritable":false,"inbound_stock":0,"stock_on_hold":0,"sold_today":0,"sales_last_days":0,"reserved_stock":0,"customer_returns":0,"warehouse_damage":0,"lost_in_post":0,"other_logs":0,"out_stock_days":0,"lost_sales":0,"has_location":false,"update_date":"2026-04-15T00:32:48","atum_locations":[],"atum_stock_status":"instock","restock_status":false,"low_stock_amount":"","sales_update_date":"2026-04-15T00:32:48","calc_backorders":null,"yoast_head":"<!-- This site is optimized with the Yoast SEO plugin v27.4 - https:\/\/yoast.com\/product\/yoast-seo-wordpress\/ -->\n<title>Fanatik Pavuk 2.3&quot; FLOATING 022 gumicsali - Ebihal<\/title>\n<meta name=\"description\" content=\"Az ukr\u00e1n Fanatik c\u00e9g legend\u00e1s Larva csalij\u00e1nak evol\u00faci\u00f3s term\u00e9ke. A l\u00e1bak vitust\u00e1ncot j\u00e1rnak a v\u00edzben is. A passz\u00edv csalik legakt\u00edvabbika. 022. 2,3&quot;\" \/>\n<meta name=\"robots\" content=\"index, follow, max-snippet:-1, max-image-preview:large, max-video-preview:-1\" \/>\n<link rel=\"canonical\" href=\"https:\/\/www.ebihal.hu\/en\/shop\/mucsali\/gumicsali\/fanatik\/fanatik-pavuk\/fanatik-pavuk-2-3\/fanatik-pavuk-2-3-floating-022-gumicsali\/\" \/>\n<meta property=\"og:locale\" content=\"en_GB\" \/>\n<meta property=\"og:type\" content=\"article\" \/>\n<meta property=\"og:title\" content=\"Fanatik Pavuk 2.3&quot; FLOATING 022 gumicsali - Ebihal\" \/>\n<meta property=\"og:description\" content=\"Az ukr\u00e1n Fanatik c\u00e9g legend\u00e1s Larva csalij\u00e1nak evol\u00faci\u00f3s term\u00e9ke. A l\u00e1bak vitust\u00e1ncot j\u00e1rnak a v\u00edzben is. A passz\u00edv csalik legakt\u00edvabbika. 022. 2,3&quot;\" \/>\n<meta property=\"og:url\" content=\"https:\/\/www.ebihal.hu\/en\/shop\/mucsali\/gumicsali\/fanatik\/fanatik-pavuk\/fanatik-pavuk-2-3\/fanatik-pavuk-2-3-floating-022-gumicsali\/\" \/>\n<meta property=\"og:site_name\" content=\"Ebihal\" \/>\n<meta property=\"article:publisher\" content=\"https:\/\/www.facebook.com\/ebihal\" \/>\n<meta property=\"article:modified_time\" content=\"2026-03-05T07:25:03+00:00\" \/>\n<meta property=\"og:image\" content=\"https:\/\/www.ebihal.hu\/wp-content\/uploads\/2024\/05\/22.png\" \/>\n\t<meta property=\"og:image:width\" content=\"1200\" \/>\n\t<meta property=\"og:image:height\" content=\"1200\" \/>\n\t<meta property=\"og:image:type\" content=\"image\/png\" \/>\n<meta name=\"twitter:card\" content=\"summary_large_image\" \/>\n<meta name=\"twitter:label1\" content=\"Estimated reading time\" \/>\n\t<meta name=\"twitter:data1\" content=\"1 minute\" \/>\n<script type=\"application\/ld+json\" class=\"yoast-schema-graph\">{\"@context\":\"https:\\\/\\\/schema.org\",\"@graph\":[{\"@type\":\"WebPage\",\"@id\":\"https:\\\/\\\/www.ebihal.hu\\\/shop\\\/mucsali\\\/gumicsali\\\/fanatik\\\/fanatik-pavuk\\\/fanatik-pavuk-2-3\\\/fanatik-pavuk-2-3-floating-022-gumicsali\\\/\",\"url\":\"https:\\\/\\\/www.ebihal.hu\\\/shop\\\/mucsali\\\/gumicsali\\\/fanatik\\\/fanatik-pavuk\\\/fanatik-pavuk-2-3\\\/fanatik-pavuk-2-3-floating-022-gumicsali\\\/\",\"name\":\"Fanatik Pavuk 2.3\\\" FLOATING 022 gumicsali - Ebihal\",\"isPartOf\":{\"@id\":\"https:\\\/\\\/www.ebihal.hu\\\/#website\"},\"primaryImageOfPage\":{\"@id\":\"https:\\\/\\\/www.ebihal.hu\\\/shop\\\/mucsali\\\/gumicsali\\\/fanatik\\\/fanatik-pavuk\\\/fanatik-pavuk-2-3\\\/fanatik-pavuk-2-3-floating-022-gumicsali\\\/#primaryimage\"},\"image\":{\"@id\":\"https:\\\/\\\/www.ebihal.hu\\\/shop\\\/mucsali\\\/gumicsali\\\/fanatik\\\/fanatik-pavuk\\\/fanatik-pavuk-2-3\\\/fanatik-pavuk-2-3-floating-022-gumicsali\\\/#primaryimage\"},\"thumbnailUrl\":\"https:\\\/\\\/www.ebihal.hu\\\/wp-content\\\/uploads\\\/2024\\\/05\\\/22.png\",\"datePublished\":\"2024-05-09T04:59:30+00:00\",\"dateModified\":\"2026-03-05T07:25:03+00:00\",\"description\":\"Az ukr\u00e1n Fanatik c\u00e9g legend\u00e1s Larva csalij\u00e1nak evol\u00faci\u00f3s term\u00e9ke. A l\u00e1bak vitust\u00e1ncot j\u00e1rnak a v\u00edzben is. A passz\u00edv csalik legakt\u00edvabbika. 022. 2,3\\\"\",\"breadcrumb\":{\"@id\":\"https:\\\/\\\/www.ebihal.hu\\\/shop\\\/mucsali\\\/gumicsali\\\/fanatik\\\/fanatik-pavuk\\\/fanatik-pavuk-2-3\\\/fanatik-pavuk-2-3-floating-022-gumicsali\\\/#breadcrumb\"},\"inLanguage\":\"en-GB\",\"potentialAction\":[{\"@type\":\"ReadAction\",\"target\":[\"https:\\\/\\\/www.ebihal.hu\\\/shop\\\/mucsali\\\/gumicsali\\\/fanatik\\\/fanatik-pavuk\\\/fanatik-pavuk-2-3\\\/fanatik-pavuk-2-3-floating-022-gumicsali\\\/\"]}]},{\"@type\":\"ImageObject\",\"inLanguage\":\"en-GB\",\"@id\":\"https:\\\/\\\/www.ebihal.hu\\\/shop\\\/mucsali\\\/gumicsali\\\/fanatik\\\/fanatik-pavuk\\\/fanatik-pavuk-2-3\\\/fanatik-pavuk-2-3-floating-022-gumicsali\\\/#primaryimage\",\"url\":\"https:\\\/\\\/www.ebihal.hu\\\/wp-content\\\/uploads\\\/2024\\\/05\\\/22.png\",\"contentUrl\":\"https:\\\/\\\/www.ebihal.hu\\\/wp-content\\\/uploads\\\/2024\\\/05\\\/22.png\",\"width\":1200,\"height\":1200,\"caption\":\"Fanatik Pavuk \u041f\u0410\u0412\u0423\u041a 022\"},{\"@type\":\"BreadcrumbList\",\"@id\":\"https:\\\/\\\/www.ebihal.hu\\\/shop\\\/mucsali\\\/gumicsali\\\/fanatik\\\/fanatik-pavuk\\\/fanatik-pavuk-2-3\\\/fanatik-pavuk-2-3-floating-022-gumicsali\\\/#breadcrumb\",\"itemListElement\":[{\"@type\":\"ListItem\",\"position\":1,\"name\":\"Kezd\u0151lap\",\"item\":\"https:\\\/\\\/www.ebihal.hu\\\/\"},{\"@type\":\"ListItem\",\"position\":2,\"name\":\"M\u0171csali \u00e1ruh\u00e1z\",\"item\":\"https:\\\/\\\/www.ebihal.hu\\\/\"},{\"@type\":\"ListItem\",\"position\":3,\"name\":\"Fanatik Pavuk 2.3&#8243; FLOATING 022 gumicsali\"}]},{\"@type\":\"WebSite\",\"@id\":\"https:\\\/\\\/www.ebihal.hu\\\/#website\",\"url\":\"https:\\\/\\\/www.ebihal.hu\\\/\",\"name\":\"Ebihal\",\"description\":\"Fish &amp; Jigs\",\"publisher\":{\"@id\":\"https:\\\/\\\/www.ebihal.hu\\\/#organization\"},\"potentialAction\":[{\"@type\":\"SearchAction\",\"target\":{\"@type\":\"EntryPoint\",\"urlTemplate\":\"https:\\\/\\\/www.ebihal.hu\\\/?s={search_term_string}\"},\"query-input\":{\"@type\":\"PropertyValueSpecification\",\"valueRequired\":true,\"valueName\":\"search_term_string\"}}],\"inLanguage\":\"en-GB\"},{\"@type\":\"Organization\",\"@id\":\"https:\\\/\\\/www.ebihal.hu\\\/#organization\",\"name\":\"Bir\u00f3 Csaba egy\u00e9ni v\u00e1llalkoz\u00f3\",\"url\":\"https:\\\/\\\/www.ebihal.hu\\\/\",\"logo\":{\"@type\":\"ImageObject\",\"inLanguage\":\"en-GB\",\"@id\":\"https:\\\/\\\/www.ebihal.hu\\\/#\\\/schema\\\/logo\\\/image\\\/\",\"url\":\"https:\\\/\\\/www.ebihal.hu\\\/wp-content\\\/uploads\\\/2021\\\/02\\\/brand_logo_mini.png\",\"contentUrl\":\"https:\\\/\\\/www.ebihal.hu\\\/wp-content\\\/uploads\\\/2021\\\/02\\\/brand_logo_mini.png\",\"width\":300,\"height\":300,\"caption\":\"Bir\u00f3 Csaba egy\u00e9ni v\u00e1llalkoz\u00f3\"},\"image\":{\"@id\":\"https:\\\/\\\/www.ebihal.hu\\\/#\\\/schema\\\/logo\\\/image\\\/\"},\"sameAs\":[\"https:\\\/\\\/www.facebook.com\\\/ebihal\"]}]}<\/script>\n<!-- \/ Yoast SEO plugin. -->","yoast_head_json":{"title":"Fanatik Pavuk 2.3\" FLOATING 022 gumicsali - Ebihal","description":"Az ukr\u00e1n Fanatik c\u00e9g legend\u00e1s Larva csalij\u00e1nak evol\u00faci\u00f3s term\u00e9ke. A l\u00e1bak vitust\u00e1ncot j\u00e1rnak a v\u00edzben is. A passz\u00edv csalik legakt\u00edvabbika. 022. 2,3\"","robots":{"index":"index","follow":"follow","max-snippet":"max-snippet:-1","max-image-preview":"max-image-preview:large","max-video-preview":"max-video-preview:-1"},"canonical":"https:\/\/www.ebihal.hu\/en\/shop\/mucsali\/gumicsali\/fanatik\/fanatik-pavuk\/fanatik-pavuk-2-3\/fanatik-pavuk-2-3-floating-022-gumicsali\/","og_locale":"en_GB","og_type":"article","og_title":"Fanatik Pavuk 2.3\" FLOATING 022 gumicsali - Ebihal","og_description":"Az ukr\u00e1n Fanatik c\u00e9g legend\u00e1s Larva csalij\u00e1nak evol\u00faci\u00f3s term\u00e9ke. A l\u00e1bak vitust\u00e1ncot j\u00e1rnak a v\u00edzben is. A passz\u00edv csalik legakt\u00edvabbika. 022. 2,3\"","og_url":"https:\/\/www.ebihal.hu\/en\/shop\/mucsali\/gumicsali\/fanatik\/fanatik-pavuk\/fanatik-pavuk-2-3\/fanatik-pavuk-2-3-floating-022-gumicsali\/","og_site_name":"Ebihal","article_publisher":"https:\/\/www.facebook.com\/ebihal","article_modified_time":"2026-03-05T07:25:03+00:00","og_image":[{"width":1200,"height":1200,"url":"https:\/\/www.ebihal.hu\/wp-content\/uploads\/2024\/05\/22.png","type":"image\/png"}],"twitter_card":"summary_large_image","twitter_misc":{"Estimated reading time":"1 minute"},"schema":{"@context":"https:\/\/schema.org","@graph":[{"@type":"WebPage","@id":"https:\/\/www.ebihal.hu\/shop\/mucsali\/gumicsali\/fanatik\/fanatik-pavuk\/fanatik-pavuk-2-3\/fanatik-pavuk-2-3-floating-022-gumicsali\/","url":"https:\/\/www.ebihal.hu\/shop\/mucsali\/gumicsali\/fanatik\/fanatik-pavuk\/fanatik-pavuk-2-3\/fanatik-pavuk-2-3-floating-022-gumicsali\/","name":"Fanatik Pavuk 2.3\" FLOATING 022 gumicsali - Ebihal","isPartOf":{"@id":"https:\/\/www.ebihal.hu\/#website"},"primaryImageOfPage":{"@id":"https:\/\/www.ebihal.hu\/shop\/mucsali\/gumicsali\/fanatik\/fanatik-pavuk\/fanatik-pavuk-2-3\/fanatik-pavuk-2-3-floating-022-gumicsali\/#primaryimage"},"image":{"@id":"https:\/\/www.ebihal.hu\/shop\/mucsali\/gumicsali\/fanatik\/fanatik-pavuk\/fanatik-pavuk-2-3\/fanatik-pavuk-2-3-floating-022-gumicsali\/#primaryimage"},"thumbnailUrl":"https:\/\/www.ebihal.hu\/wp-content\/uploads\/2024\/05\/22.png","datePublished":"2024-05-09T04:59:30+00:00","dateModified":"2026-03-05T07:25:03+00:00","description":"Az ukr\u00e1n Fanatik c\u00e9g legend\u00e1s Larva csalij\u00e1nak evol\u00faci\u00f3s term\u00e9ke. A l\u00e1bak vitust\u00e1ncot j\u00e1rnak a v\u00edzben is. A passz\u00edv csalik legakt\u00edvabbika. 022. 2,3\"","breadcrumb":{"@id":"https:\/\/www.ebihal.hu\/shop\/mucsali\/gumicsali\/fanatik\/fanatik-pavuk\/fanatik-pavuk-2-3\/fanatik-pavuk-2-3-floating-022-gumicsali\/#breadcrumb"},"inLanguage":"en-GB","potentialAction":[{"@type":"ReadAction","target":["https:\/\/www.ebihal.hu\/shop\/mucsali\/gumicsali\/fanatik\/fanatik-pavuk\/fanatik-pavuk-2-3\/fanatik-pavuk-2-3-floating-022-gumicsali\/"]}]},{"@type":"ImageObject","inLanguage":"en-GB","@id":"https:\/\/www.ebihal.hu\/shop\/mucsali\/gumicsali\/fanatik\/fanatik-pavuk\/fanatik-pavuk-2-3\/fanatik-pavuk-2-3-floating-022-gumicsali\/#primaryimage","url":"https:\/\/www.ebihal.hu\/wp-content\/uploads\/2024\/05\/22.png","contentUrl":"https:\/\/www.ebihal.hu\/wp-content\/uploads\/2024\/05\/22.png","width":1200,"height":1200,"caption":"Fanatik Pavuk \u041f\u0410\u0412\u0423\u041a 022"},{"@type":"BreadcrumbList","@id":"https:\/\/www.ebihal.hu\/shop\/mucsali\/gumicsali\/fanatik\/fanatik-pavuk\/fanatik-pavuk-2-3\/fanatik-pavuk-2-3-floating-022-gumicsali\/#breadcrumb","itemListElement":[{"@type":"ListItem","position":1,"name":"Kezd\u0151lap","item":"https:\/\/www.ebihal.hu\/"},{"@type":"ListItem","position":2,"name":"M\u0171csali \u00e1ruh\u00e1z","item":"https:\/\/www.ebihal.hu\/"},{"@type":"ListItem","position":3,"name":"Fanatik Pavuk 2.3&#8243; FLOATING 022 gumicsali"}]},{"@type":"WebSite","@id":"https:\/\/www.ebihal.hu\/#website","url":"https:\/\/www.ebihal.hu\/","name":"Ebihal","description":"Fish &amp; Jigs","publisher":{"@id":"https:\/\/www.ebihal.hu\/#organization"},"potentialAction":[{"@type":"SearchAction","target":{"@type":"EntryPoint","urlTemplate":"https:\/\/www.ebihal.hu\/?s={search_term_string}"},"query-input":{"@type":"PropertyValueSpecification","valueRequired":true,"valueName":"search_term_string"}}],"inLanguage":"en-GB"},{"@type":"Organization","@id":"https:\/\/www.ebihal.hu\/#organization","name":"Bir\u00f3 Csaba egy\u00e9ni v\u00e1llalkoz\u00f3","url":"https:\/\/www.ebihal.hu\/","logo":{"@type":"ImageObject","inLanguage":"en-GB","@id":"https:\/\/www.ebihal.hu\/#\/schema\/logo\/image\/","url":"https:\/\/www.ebihal.hu\/wp-content\/uploads\/2021\/02\/brand_logo_mini.png","contentUrl":"https:\/\/www.ebihal.hu\/wp-content\/uploads\/2021\/02\/brand_logo_mini.png","width":300,"height":300,"caption":"Bir\u00f3 Csaba egy\u00e9ni v\u00e1llalkoz\u00f3"},"image":{"@id":"https:\/\/www.ebihal.hu\/#\/schema\/logo\/image\/"},"sameAs":["https:\/\/www.facebook.com\/ebihal"]}]}},"_links":{"self":[{"href":"https:\/\/www.ebihal.hu\/en\/wp-json\/wp\/v2\/product\/11388","targetHints":{"allow":["GET"]}}],"collection":[{"href":"https:\/\/www.ebihal.hu\/en\/wp-json\/wp\/v2\/product"}],"about":[{"href":"https:\/\/www.ebihal.hu\/en\/wp-json\/wp\/v2\/types\/product"}],"replies":[{"embeddable":true,"href":"https:\/\/www.ebihal.hu\/en\/wp-json\/wp\/v2\/comments?post=11388"}],"wp:featuredmedia":[{"embeddable":true,"href":"https:\/\/www.ebihal.hu\/en\/wp-json\/wp\/v2\/media\/11349"}],"wp:attachment":[{"href":"https:\/\/www.ebihal.hu\/en\/wp-json\/wp\/v2\/media?parent=11388"}],"wp:term":[{"taxonomy":"product_cat","embeddable":true,"href":"https:\/\/www.ebihal.hu\/en\/wp-json\/wp\/v2\/product_cat?post=11388"},{"taxonomy":"product_tag","embeddable":true,"href":"https:\/\/www.ebihal.hu\/en\/wp-json\/wp\/v2\/product_tag?post=11388"}],"curies":[{"name":"wp","href":"https:\/\/api.w.org\/{rel}","templated":true}]}}