{"id":11249,"date":"2024-04-08T16:15:07","date_gmt":"2024-04-08T15:15:07","guid":{"rendered":"https:\/\/www.ebihal.hu\/?post_type=product&#038;p=11249"},"modified":"2024-04-13T17:47:32","modified_gmt":"2024-04-13T16:47:32","slug":"shostka-spoon-ul-solo-villanto-19","status":"publish","type":"product","link":"https:\/\/www.ebihal.hu\/en\/shop\/mucsali\/villanto\/shostka-spoon\/shostka-solo\/shostka-spoon-ul-solo-villanto-19\/","title":{"rendered":"Shostka Spoon UL SOLO villant\u00f3 #19"},"content":{"rendered":"<p>A Shostka Spoon SOLO kanala a hossz\u00fak\u00e1s alaknak \u00e9s \u00edves kialak\u00edt\u00e1s\u00e1nak k\u00f6sz\u00f6nhet\u0151en nagy kileng\u00e9ssel, egyenletesen veret gyors bevontat\u00e1s eset\u00e9n is.<\/p>\n<p>S\u00e1rgar\u00e9z, 3,5 gramm, 36 mm, Decoy horoggal szerelve. #19 sz\u00ednk\u00f3d.<\/p>\n<table class=\"woocommerce-product-attributes shop_attributes\" aria-label=\"Product Details\" data-no-translation-aria-label=\"\">\n\t\t\t<tr class=\"woocommerce-product-attributes-item woocommerce-product-attributes-item--attribute_pa_brand\">\n\t\t\t<th class=\"woocommerce-product-attributes-item__label\" scope=\"row\">Brand<\/th>\n\t\t\t<td class=\"woocommerce-product-attributes-item__value\"><p>Shostka Spoon<\/p>\n<\/td>\n\t\t<\/tr>\n\t\t\t<tr class=\"woocommerce-product-attributes-item woocommerce-product-attributes-item--attribute_modell\">\n\t\t\t<th class=\"woocommerce-product-attributes-item__label\" scope=\"row\">Modell<\/th>\n\t\t\t<td class=\"woocommerce-product-attributes-item__value\"><p>SOLO<\/p>\n<\/td>\n\t\t<\/tr>\n\t\t\t<tr class=\"woocommerce-product-attributes-item woocommerce-product-attributes-item--attribute_pa_szinkod\">\n\t\t\t<th class=\"woocommerce-product-attributes-item__label\" scope=\"row\">Color code<\/th>\n\t\t\t<td class=\"woocommerce-product-attributes-item__value\"><p>19<\/p>\n<\/td>\n\t\t<\/tr>\n\t\t\t<tr class=\"woocommerce-product-attributes-item woocommerce-product-attributes-item--attribute_pa_meret\">\n\t\t\t<th class=\"woocommerce-product-attributes-item__label\" scope=\"row\">Size<\/th>\n\t\t\t<td class=\"woocommerce-product-attributes-item__value\"><p>36 mm<\/p>\n<\/td>\n\t\t<\/tr>\n\t\t\t<tr class=\"woocommerce-product-attributes-item woocommerce-product-attributes-item--attribute_pa_madein\">\n\t\t\t<th class=\"woocommerce-product-attributes-item__label\" scope=\"row\">Country of origin<\/th>\n\t\t\t<td class=\"woocommerce-product-attributes-item__value\"><p>Ukrajna<\/p>\n<\/td>\n\t\t<\/tr>\n\t\t\t<tr class=\"woocommerce-product-attributes-item woocommerce-product-attributes-item--attribute_pa_kiszereles\">\n\t\t\t<th class=\"woocommerce-product-attributes-item__label\" scope=\"row\">Packaging<\/th>\n\t\t\t<td class=\"woocommerce-product-attributes-item__value\"><p>1 piece<\/p>\n<\/td>\n\t\t<\/tr>\n\t<\/table>\n\n<p>&nbsp;<\/p>","protected":false},"excerpt":{"rendered":"<p>1 db m\u0171csali<\/p>","protected":false},"featured_media":11250,"comment_status":"open","ping_status":"closed","template":"","meta":[],"product_cat":[40,1824,1835,413],"product_tag":[197,239,240,1836,241,373],"class_list":{"0":"post-11249","1":"product","2":"type-product","3":"status-publish","4":"has-post-thumbnail","6":"product_brand-shostka-spoon","7":"product_cat-mucsali","8":"product_cat-shostka-spoon","9":"product_cat-shostka-solo","10":"product_cat-villanto","11":"product_tag-balin","12":"product_tag-domolyko","13":"product_tag-pisztrang","14":"product_tag-shostka","15":"product_tag-suger","16":"product_tag-ul","18":"first","19":"instock","20":"shipping-taxable","21":"purchasable","22":"product-type-simple"},"supplier_id":null,"supplier_sku":"","barcode":null,"atum_controlled":true,"out_stock_date":null,"out_stock_threshold":null,"inheritable":false,"inbound_stock":0,"stock_on_hold":0,"sold_today":0,"sales_last_days":0,"reserved_stock":0,"customer_returns":0,"warehouse_damage":0,"lost_in_post":0,"other_logs":0,"out_stock_days":0,"lost_sales":0,"has_location":false,"update_date":"2026-04-15T00:30:40","atum_locations":[],"atum_stock_status":"instock","restock_status":false,"low_stock_amount":"","sales_update_date":"2026-04-15T00:30:40","calc_backorders":null,"yoast_head":"<!-- This site is optimized with the Yoast SEO plugin v27.4 - https:\/\/yoast.com\/product\/yoast-seo-wordpress\/ -->\n<title>Shostka Spoon UL SOLO villant\u00f3 #19 - Ebihal<\/title>\n<meta name=\"description\" content=\"A Shostka Spoon SOLO kanala a hossz\u00fak\u00e1s alaknak \u00e9s \u00edves kialak\u00edt\u00e1s\u00e1nak k\u00f6sz\u00f6nhet\u0151en nagy kileng\u00e9ssel, egyenletesen veret gyors bevontat\u00e1s eset\u00e9n is. #19\" \/>\n<meta name=\"robots\" content=\"index, follow, max-snippet:-1, max-image-preview:large, max-video-preview:-1\" \/>\n<link rel=\"canonical\" href=\"https:\/\/www.ebihal.hu\/en\/shop\/mucsali\/villanto\/shostka-spoon\/shostka-solo\/shostka-spoon-ul-solo-villanto-19\/\" \/>\n<meta property=\"og:locale\" content=\"en_GB\" \/>\n<meta property=\"og:type\" content=\"article\" \/>\n<meta property=\"og:title\" content=\"Shostka Spoon UL SOLO villant\u00f3 #19 - Ebihal\" \/>\n<meta property=\"og:description\" content=\"A Shostka Spoon SOLO kanala a hossz\u00fak\u00e1s alaknak \u00e9s \u00edves kialak\u00edt\u00e1s\u00e1nak k\u00f6sz\u00f6nhet\u0151en nagy kileng\u00e9ssel, egyenletesen veret gyors bevontat\u00e1s eset\u00e9n is. #19\" \/>\n<meta property=\"og:url\" content=\"https:\/\/www.ebihal.hu\/en\/shop\/mucsali\/villanto\/shostka-spoon\/shostka-solo\/shostka-spoon-ul-solo-villanto-19\/\" \/>\n<meta property=\"og:site_name\" content=\"Ebihal\" \/>\n<meta property=\"article:publisher\" content=\"https:\/\/www.facebook.com\/ebihal\" \/>\n<meta property=\"article:modified_time\" content=\"2024-04-13T16:47:32+00:00\" \/>\n<meta property=\"og:image\" content=\"https:\/\/www.ebihal.hu\/wp-content\/uploads\/2024\/04\/19.jpg\" \/>\n\t<meta property=\"og:image:width\" content=\"1080\" \/>\n\t<meta property=\"og:image:height\" content=\"1080\" \/>\n\t<meta property=\"og:image:type\" content=\"image\/jpeg\" \/>\n<meta name=\"twitter:card\" content=\"summary_large_image\" \/>\n<meta name=\"twitter:label1\" content=\"Estimated reading time\" \/>\n\t<meta name=\"twitter:data1\" content=\"1 minute\" \/>\n<script type=\"application\/ld+json\" class=\"yoast-schema-graph\">{\"@context\":\"https:\\\/\\\/schema.org\",\"@graph\":[{\"@type\":\"WebPage\",\"@id\":\"https:\\\/\\\/www.ebihal.hu\\\/en\\\/shop\\\/mucsali\\\/villanto\\\/shostka-spoon\\\/shostka-solo\\\/shostka-spoon-ul-solo-villanto-19\\\/\",\"url\":\"https:\\\/\\\/www.ebihal.hu\\\/en\\\/shop\\\/mucsali\\\/villanto\\\/shostka-spoon\\\/shostka-solo\\\/shostka-spoon-ul-solo-villanto-19\\\/\",\"name\":\"Shostka Spoon UL SOLO villant\u00f3 #19 - Ebihal\",\"isPartOf\":{\"@id\":\"https:\\\/\\\/www.ebihal.hu\\\/#website\"},\"primaryImageOfPage\":{\"@id\":\"https:\\\/\\\/www.ebihal.hu\\\/en\\\/shop\\\/mucsali\\\/villanto\\\/shostka-spoon\\\/shostka-solo\\\/shostka-spoon-ul-solo-villanto-19\\\/#primaryimage\"},\"image\":{\"@id\":\"https:\\\/\\\/www.ebihal.hu\\\/en\\\/shop\\\/mucsali\\\/villanto\\\/shostka-spoon\\\/shostka-solo\\\/shostka-spoon-ul-solo-villanto-19\\\/#primaryimage\"},\"thumbnailUrl\":\"https:\\\/\\\/www.ebihal.hu\\\/wp-content\\\/uploads\\\/2024\\\/04\\\/19.jpg\",\"datePublished\":\"2024-04-08T15:15:07+00:00\",\"dateModified\":\"2024-04-13T16:47:32+00:00\",\"description\":\"A Shostka Spoon SOLO kanala a hossz\u00fak\u00e1s alaknak \u00e9s \u00edves kialak\u00edt\u00e1s\u00e1nak k\u00f6sz\u00f6nhet\u0151en nagy kileng\u00e9ssel, egyenletesen veret gyors bevontat\u00e1s eset\u00e9n is. #19\",\"breadcrumb\":{\"@id\":\"https:\\\/\\\/www.ebihal.hu\\\/en\\\/shop\\\/mucsali\\\/villanto\\\/shostka-spoon\\\/shostka-solo\\\/shostka-spoon-ul-solo-villanto-19\\\/#breadcrumb\"},\"inLanguage\":\"en-GB\",\"potentialAction\":[{\"@type\":\"ReadAction\",\"target\":[\"https:\\\/\\\/www.ebihal.hu\\\/en\\\/shop\\\/mucsali\\\/villanto\\\/shostka-spoon\\\/shostka-solo\\\/shostka-spoon-ul-solo-villanto-19\\\/\"]}]},{\"@type\":\"ImageObject\",\"inLanguage\":\"en-GB\",\"@id\":\"https:\\\/\\\/www.ebihal.hu\\\/en\\\/shop\\\/mucsali\\\/villanto\\\/shostka-spoon\\\/shostka-solo\\\/shostka-spoon-ul-solo-villanto-19\\\/#primaryimage\",\"url\":\"https:\\\/\\\/www.ebihal.hu\\\/wp-content\\\/uploads\\\/2024\\\/04\\\/19.jpg\",\"contentUrl\":\"https:\\\/\\\/www.ebihal.hu\\\/wp-content\\\/uploads\\\/2024\\\/04\\\/19.jpg\",\"width\":1080,\"height\":1080,\"caption\":\"Shostka Spoon SOLO 19\"},{\"@type\":\"BreadcrumbList\",\"@id\":\"https:\\\/\\\/www.ebihal.hu\\\/en\\\/shop\\\/mucsali\\\/villanto\\\/shostka-spoon\\\/shostka-solo\\\/shostka-spoon-ul-solo-villanto-19\\\/#breadcrumb\",\"itemListElement\":[{\"@type\":\"ListItem\",\"position\":1,\"name\":\"Kezd\u0151lap\",\"item\":\"https:\\\/\\\/www.ebihal.hu\\\/\"},{\"@type\":\"ListItem\",\"position\":2,\"name\":\"M\u0171csali \u00e1ruh\u00e1z\",\"item\":\"https:\\\/\\\/www.ebihal.hu\\\/\"},{\"@type\":\"ListItem\",\"position\":3,\"name\":\"Shostka Spoon UL SOLO villant\u00f3 #19\"}]},{\"@type\":\"WebSite\",\"@id\":\"https:\\\/\\\/www.ebihal.hu\\\/#website\",\"url\":\"https:\\\/\\\/www.ebihal.hu\\\/\",\"name\":\"Ebihal\",\"description\":\"Fish &amp; Jigs\",\"publisher\":{\"@id\":\"https:\\\/\\\/www.ebihal.hu\\\/#organization\"},\"potentialAction\":[{\"@type\":\"SearchAction\",\"target\":{\"@type\":\"EntryPoint\",\"urlTemplate\":\"https:\\\/\\\/www.ebihal.hu\\\/?s={search_term_string}\"},\"query-input\":{\"@type\":\"PropertyValueSpecification\",\"valueRequired\":true,\"valueName\":\"search_term_string\"}}],\"inLanguage\":\"en-GB\"},{\"@type\":\"Organization\",\"@id\":\"https:\\\/\\\/www.ebihal.hu\\\/#organization\",\"name\":\"Bir\u00f3 Csaba egy\u00e9ni v\u00e1llalkoz\u00f3\",\"url\":\"https:\\\/\\\/www.ebihal.hu\\\/\",\"logo\":{\"@type\":\"ImageObject\",\"inLanguage\":\"en-GB\",\"@id\":\"https:\\\/\\\/www.ebihal.hu\\\/#\\\/schema\\\/logo\\\/image\\\/\",\"url\":\"https:\\\/\\\/www.ebihal.hu\\\/wp-content\\\/uploads\\\/2021\\\/02\\\/brand_logo_mini.png\",\"contentUrl\":\"https:\\\/\\\/www.ebihal.hu\\\/wp-content\\\/uploads\\\/2021\\\/02\\\/brand_logo_mini.png\",\"width\":300,\"height\":300,\"caption\":\"Bir\u00f3 Csaba egy\u00e9ni v\u00e1llalkoz\u00f3\"},\"image\":{\"@id\":\"https:\\\/\\\/www.ebihal.hu\\\/#\\\/schema\\\/logo\\\/image\\\/\"},\"sameAs\":[\"https:\\\/\\\/www.facebook.com\\\/ebihal\"]}]}<\/script>\n<!-- \/ Yoast SEO plugin. -->","yoast_head_json":{"title":"Shostka Spoon UL SOLO villant\u00f3 #19 - Ebihal","description":"A Shostka Spoon SOLO kanala a hossz\u00fak\u00e1s alaknak \u00e9s \u00edves kialak\u00edt\u00e1s\u00e1nak k\u00f6sz\u00f6nhet\u0151en nagy kileng\u00e9ssel, egyenletesen veret gyors bevontat\u00e1s eset\u00e9n is. #19","robots":{"index":"index","follow":"follow","max-snippet":"max-snippet:-1","max-image-preview":"max-image-preview:large","max-video-preview":"max-video-preview:-1"},"canonical":"https:\/\/www.ebihal.hu\/en\/shop\/mucsali\/villanto\/shostka-spoon\/shostka-solo\/shostka-spoon-ul-solo-villanto-19\/","og_locale":"en_GB","og_type":"article","og_title":"Shostka Spoon UL SOLO villant\u00f3 #19 - Ebihal","og_description":"A Shostka Spoon SOLO kanala a hossz\u00fak\u00e1s alaknak \u00e9s \u00edves kialak\u00edt\u00e1s\u00e1nak k\u00f6sz\u00f6nhet\u0151en nagy kileng\u00e9ssel, egyenletesen veret gyors bevontat\u00e1s eset\u00e9n is. #19","og_url":"https:\/\/www.ebihal.hu\/en\/shop\/mucsali\/villanto\/shostka-spoon\/shostka-solo\/shostka-spoon-ul-solo-villanto-19\/","og_site_name":"Ebihal","article_publisher":"https:\/\/www.facebook.com\/ebihal","article_modified_time":"2024-04-13T16:47:32+00:00","og_image":[{"width":1080,"height":1080,"url":"https:\/\/www.ebihal.hu\/wp-content\/uploads\/2024\/04\/19.jpg","type":"image\/jpeg"}],"twitter_card":"summary_large_image","twitter_misc":{"Estimated reading time":"1 minute"},"schema":{"@context":"https:\/\/schema.org","@graph":[{"@type":"WebPage","@id":"https:\/\/www.ebihal.hu\/en\/shop\/mucsali\/villanto\/shostka-spoon\/shostka-solo\/shostka-spoon-ul-solo-villanto-19\/","url":"https:\/\/www.ebihal.hu\/en\/shop\/mucsali\/villanto\/shostka-spoon\/shostka-solo\/shostka-spoon-ul-solo-villanto-19\/","name":"Shostka Spoon UL SOLO villant\u00f3 #19 - Ebihal","isPartOf":{"@id":"https:\/\/www.ebihal.hu\/#website"},"primaryImageOfPage":{"@id":"https:\/\/www.ebihal.hu\/en\/shop\/mucsali\/villanto\/shostka-spoon\/shostka-solo\/shostka-spoon-ul-solo-villanto-19\/#primaryimage"},"image":{"@id":"https:\/\/www.ebihal.hu\/en\/shop\/mucsali\/villanto\/shostka-spoon\/shostka-solo\/shostka-spoon-ul-solo-villanto-19\/#primaryimage"},"thumbnailUrl":"https:\/\/www.ebihal.hu\/wp-content\/uploads\/2024\/04\/19.jpg","datePublished":"2024-04-08T15:15:07+00:00","dateModified":"2024-04-13T16:47:32+00:00","description":"A Shostka Spoon SOLO kanala a hossz\u00fak\u00e1s alaknak \u00e9s \u00edves kialak\u00edt\u00e1s\u00e1nak k\u00f6sz\u00f6nhet\u0151en nagy kileng\u00e9ssel, egyenletesen veret gyors bevontat\u00e1s eset\u00e9n is. #19","breadcrumb":{"@id":"https:\/\/www.ebihal.hu\/en\/shop\/mucsali\/villanto\/shostka-spoon\/shostka-solo\/shostka-spoon-ul-solo-villanto-19\/#breadcrumb"},"inLanguage":"en-GB","potentialAction":[{"@type":"ReadAction","target":["https:\/\/www.ebihal.hu\/en\/shop\/mucsali\/villanto\/shostka-spoon\/shostka-solo\/shostka-spoon-ul-solo-villanto-19\/"]}]},{"@type":"ImageObject","inLanguage":"en-GB","@id":"https:\/\/www.ebihal.hu\/en\/shop\/mucsali\/villanto\/shostka-spoon\/shostka-solo\/shostka-spoon-ul-solo-villanto-19\/#primaryimage","url":"https:\/\/www.ebihal.hu\/wp-content\/uploads\/2024\/04\/19.jpg","contentUrl":"https:\/\/www.ebihal.hu\/wp-content\/uploads\/2024\/04\/19.jpg","width":1080,"height":1080,"caption":"Shostka Spoon SOLO 19"},{"@type":"BreadcrumbList","@id":"https:\/\/www.ebihal.hu\/en\/shop\/mucsali\/villanto\/shostka-spoon\/shostka-solo\/shostka-spoon-ul-solo-villanto-19\/#breadcrumb","itemListElement":[{"@type":"ListItem","position":1,"name":"Kezd\u0151lap","item":"https:\/\/www.ebihal.hu\/"},{"@type":"ListItem","position":2,"name":"M\u0171csali \u00e1ruh\u00e1z","item":"https:\/\/www.ebihal.hu\/"},{"@type":"ListItem","position":3,"name":"Shostka Spoon UL SOLO villant\u00f3 #19"}]},{"@type":"WebSite","@id":"https:\/\/www.ebihal.hu\/#website","url":"https:\/\/www.ebihal.hu\/","name":"Ebihal","description":"Fish &amp; Jigs","publisher":{"@id":"https:\/\/www.ebihal.hu\/#organization"},"potentialAction":[{"@type":"SearchAction","target":{"@type":"EntryPoint","urlTemplate":"https:\/\/www.ebihal.hu\/?s={search_term_string}"},"query-input":{"@type":"PropertyValueSpecification","valueRequired":true,"valueName":"search_term_string"}}],"inLanguage":"en-GB"},{"@type":"Organization","@id":"https:\/\/www.ebihal.hu\/#organization","name":"Bir\u00f3 Csaba egy\u00e9ni v\u00e1llalkoz\u00f3","url":"https:\/\/www.ebihal.hu\/","logo":{"@type":"ImageObject","inLanguage":"en-GB","@id":"https:\/\/www.ebihal.hu\/#\/schema\/logo\/image\/","url":"https:\/\/www.ebihal.hu\/wp-content\/uploads\/2021\/02\/brand_logo_mini.png","contentUrl":"https:\/\/www.ebihal.hu\/wp-content\/uploads\/2021\/02\/brand_logo_mini.png","width":300,"height":300,"caption":"Bir\u00f3 Csaba egy\u00e9ni v\u00e1llalkoz\u00f3"},"image":{"@id":"https:\/\/www.ebihal.hu\/#\/schema\/logo\/image\/"},"sameAs":["https:\/\/www.facebook.com\/ebihal"]}]}},"_links":{"self":[{"href":"https:\/\/www.ebihal.hu\/en\/wp-json\/wp\/v2\/product\/11249","targetHints":{"allow":["GET"]}}],"collection":[{"href":"https:\/\/www.ebihal.hu\/en\/wp-json\/wp\/v2\/product"}],"about":[{"href":"https:\/\/www.ebihal.hu\/en\/wp-json\/wp\/v2\/types\/product"}],"replies":[{"embeddable":true,"href":"https:\/\/www.ebihal.hu\/en\/wp-json\/wp\/v2\/comments?post=11249"}],"wp:featuredmedia":[{"embeddable":true,"href":"https:\/\/www.ebihal.hu\/en\/wp-json\/wp\/v2\/media\/11250"}],"wp:attachment":[{"href":"https:\/\/www.ebihal.hu\/en\/wp-json\/wp\/v2\/media?parent=11249"}],"wp:term":[{"taxonomy":"product_cat","embeddable":true,"href":"https:\/\/www.ebihal.hu\/en\/wp-json\/wp\/v2\/product_cat?post=11249"},{"taxonomy":"product_tag","embeddable":true,"href":"https:\/\/www.ebihal.hu\/en\/wp-json\/wp\/v2\/product_tag?post=11249"}],"curies":[{"name":"wp","href":"https:\/\/api.w.org\/{rel}","templated":true}]}}