{"id":11197,"date":"2024-04-07T14:49:59","date_gmt":"2024-04-07T13:49:59","guid":{"rendered":"https:\/\/www.ebihal.hu\/?post_type=product&#038;p=11197"},"modified":"2026-04-16T21:43:59","modified_gmt":"2026-04-16T20:43:59","slug":"shostka-spoon-fix-ul-villanto-166","status":"publish","type":"product","link":"https:\/\/www.ebihal.hu\/en\/shop\/mucsali\/villanto\/shostka-spoon\/shostka-fix\/shostka-spoon-fix-ul-villanto-166\/","title":{"rendered":"Shostka Spoon FIX UL villant\u00f3 #166"},"content":{"rendered":"<p>A Shostka Spoon FIX kanala sz\u00e9les orr-r\u00e9sz\u00e9nek k\u00f6sz\u00f6nhet\u0151en, gyors bevontat\u00e1skor felfel\u00e9 t\u00f6r, illetve ejt\u00e9skor gyorsan a m\u00e9lybe hullik. Nagy dob\u00f3t\u00e1v \u00e9rhet\u0151 el.<\/p>\n<p>S\u00e1rgar\u00e9z, 4 gramm, 35 mm, Decoy horoggal szerelve. #166 sz\u00ednk\u00f3d.<\/p>\n<table class=\"woocommerce-product-attributes shop_attributes\" aria-label=\"Product Details\" data-no-translation-aria-label=\"\">\n\t\t\t<tr class=\"woocommerce-product-attributes-item woocommerce-product-attributes-item--attribute_pa_brand\">\n\t\t\t<th class=\"woocommerce-product-attributes-item__label\" scope=\"row\">Brand<\/th>\n\t\t\t<td class=\"woocommerce-product-attributes-item__value\"><p>Shostka Spoon<\/p>\n<\/td>\n\t\t<\/tr>\n\t\t\t<tr class=\"woocommerce-product-attributes-item woocommerce-product-attributes-item--attribute_modell\">\n\t\t\t<th class=\"woocommerce-product-attributes-item__label\" scope=\"row\">Modell<\/th>\n\t\t\t<td class=\"woocommerce-product-attributes-item__value\"><p>FIX<\/p>\n<\/td>\n\t\t<\/tr>\n\t\t\t<tr class=\"woocommerce-product-attributes-item woocommerce-product-attributes-item--attribute_pa_szinkod\">\n\t\t\t<th class=\"woocommerce-product-attributes-item__label\" scope=\"row\">Color code<\/th>\n\t\t\t<td class=\"woocommerce-product-attributes-item__value\"><p>166<\/p>\n<\/td>\n\t\t<\/tr>\n\t\t\t<tr class=\"woocommerce-product-attributes-item woocommerce-product-attributes-item--attribute_pa_meret\">\n\t\t\t<th class=\"woocommerce-product-attributes-item__label\" scope=\"row\">Size<\/th>\n\t\t\t<td class=\"woocommerce-product-attributes-item__value\"><p>35 mm<\/p>\n<\/td>\n\t\t<\/tr>\n\t\t\t<tr class=\"woocommerce-product-attributes-item woocommerce-product-attributes-item--attribute_pa_madein\">\n\t\t\t<th class=\"woocommerce-product-attributes-item__label\" scope=\"row\">Country of origin<\/th>\n\t\t\t<td class=\"woocommerce-product-attributes-item__value\"><p>Ukrajna<\/p>\n<\/td>\n\t\t<\/tr>\n\t\t\t<tr class=\"woocommerce-product-attributes-item woocommerce-product-attributes-item--attribute_pa_kiszereles\">\n\t\t\t<th class=\"woocommerce-product-attributes-item__label\" scope=\"row\">Packaging<\/th>\n\t\t\t<td class=\"woocommerce-product-attributes-item__value\"><p>1 piece<\/p>\n<\/td>\n\t\t<\/tr>\n\t<\/table>\n\n<p>&nbsp;<\/p>","protected":false},"excerpt":{"rendered":"<p>1 db m\u0171csali<\/p>","protected":false},"featured_media":11198,"comment_status":"open","ping_status":"closed","template":"","meta":[],"product_cat":[1832,40,1824,413],"product_tag":[197,239,1876,240,1836,241,146,373],"class_list":{"0":"post-11197","1":"product","2":"type-product","3":"status-publish","4":"has-post-thumbnail","6":"product_brand-shostka-spoon","7":"product_cat-shostka-fix","8":"product_cat-mucsali","9":"product_cat-shostka-spoon","10":"product_cat-villanto","11":"product_tag-balin","12":"product_tag-domolyko","13":"product_tag-fix","14":"product_tag-pisztrang","15":"product_tag-shostka","16":"product_tag-suger","17":"product_tag-sullo","18":"product_tag-ul","20":"first","21":"instock","22":"shipping-taxable","23":"purchasable","24":"product-type-simple"},"supplier_id":null,"supplier_sku":"","barcode":null,"atum_controlled":true,"out_stock_date":null,"out_stock_threshold":null,"inheritable":false,"inbound_stock":0,"stock_on_hold":1,"sold_today":1,"sales_last_days":1,"reserved_stock":0,"customer_returns":0,"warehouse_damage":0,"lost_in_post":0,"other_logs":0,"out_stock_days":0,"lost_sales":0,"has_location":false,"update_date":"2026-04-16T20:44:02","atum_locations":[],"atum_stock_status":"instock","restock_status":true,"low_stock_amount":"","sales_update_date":"2026-04-16T20:44:02","calc_backorders":null,"yoast_head":"<!-- This site is optimized with the Yoast SEO plugin v27.4 - https:\/\/yoast.com\/product\/yoast-seo-wordpress\/ -->\n<title>Shostka Spoon FIX UL villant\u00f3 #166 - Ebihal<\/title>\n<meta name=\"description\" content=\"A Shostka Spoon FIX sz\u00e9les orr-r\u00e9sz\u00e9nek k\u00f6sz\u00f6nhet\u0151en, gyors bevontat\u00e1skor felfel\u00e9 t\u00f6r, illetve ejt\u00e9skor gyorsan a m\u00e9lybe hullik. Nagy dob\u00f3t\u00e1v. #166\" \/>\n<meta name=\"robots\" content=\"index, follow, max-snippet:-1, max-image-preview:large, max-video-preview:-1\" \/>\n<link rel=\"canonical\" href=\"https:\/\/www.ebihal.hu\/en\/shop\/mucsali\/villanto\/shostka-spoon\/shostka-fix\/shostka-spoon-fix-ul-villanto-166\/\" \/>\n<meta property=\"og:locale\" content=\"en_GB\" \/>\n<meta property=\"og:type\" content=\"article\" \/>\n<meta property=\"og:title\" content=\"Shostka Spoon FIX UL villant\u00f3 #166 - Ebihal\" \/>\n<meta property=\"og:description\" content=\"A Shostka Spoon FIX sz\u00e9les orr-r\u00e9sz\u00e9nek k\u00f6sz\u00f6nhet\u0151en, gyors bevontat\u00e1skor felfel\u00e9 t\u00f6r, illetve ejt\u00e9skor gyorsan a m\u00e9lybe hullik. Nagy dob\u00f3t\u00e1v. #166\" \/>\n<meta property=\"og:url\" content=\"https:\/\/www.ebihal.hu\/en\/shop\/mucsali\/villanto\/shostka-spoon\/shostka-fix\/shostka-spoon-fix-ul-villanto-166\/\" \/>\n<meta property=\"og:site_name\" content=\"Ebihal\" \/>\n<meta property=\"article:publisher\" content=\"https:\/\/www.facebook.com\/ebihal\" \/>\n<meta property=\"article:modified_time\" content=\"2026-04-16T20:43:59+00:00\" \/>\n<meta property=\"og:image\" content=\"https:\/\/www.ebihal.hu\/wp-content\/uploads\/2024\/04\/166.jpg\" \/>\n\t<meta property=\"og:image:width\" content=\"1080\" \/>\n\t<meta property=\"og:image:height\" content=\"1080\" \/>\n\t<meta property=\"og:image:type\" content=\"image\/jpeg\" \/>\n<meta name=\"twitter:card\" content=\"summary_large_image\" \/>\n<meta name=\"twitter:label1\" content=\"Estimated reading time\" \/>\n\t<meta name=\"twitter:data1\" content=\"1 minute\" \/>\n<script type=\"application\/ld+json\" class=\"yoast-schema-graph\">{\"@context\":\"https:\\\/\\\/schema.org\",\"@graph\":[{\"@type\":\"WebPage\",\"@id\":\"https:\\\/\\\/www.ebihal.hu\\\/shop\\\/mucsali\\\/villanto\\\/shostka-spoon\\\/shostka-fix\\\/shostka-spoon-fix-ul-villanto-166\\\/\",\"url\":\"https:\\\/\\\/www.ebihal.hu\\\/shop\\\/mucsali\\\/villanto\\\/shostka-spoon\\\/shostka-fix\\\/shostka-spoon-fix-ul-villanto-166\\\/\",\"name\":\"Shostka Spoon FIX UL villant\u00f3 #166 - Ebihal\",\"isPartOf\":{\"@id\":\"https:\\\/\\\/www.ebihal.hu\\\/#website\"},\"primaryImageOfPage\":{\"@id\":\"https:\\\/\\\/www.ebihal.hu\\\/shop\\\/mucsali\\\/villanto\\\/shostka-spoon\\\/shostka-fix\\\/shostka-spoon-fix-ul-villanto-166\\\/#primaryimage\"},\"image\":{\"@id\":\"https:\\\/\\\/www.ebihal.hu\\\/shop\\\/mucsali\\\/villanto\\\/shostka-spoon\\\/shostka-fix\\\/shostka-spoon-fix-ul-villanto-166\\\/#primaryimage\"},\"thumbnailUrl\":\"https:\\\/\\\/www.ebihal.hu\\\/wp-content\\\/uploads\\\/2024\\\/04\\\/166.jpg\",\"datePublished\":\"2024-04-07T13:49:59+00:00\",\"dateModified\":\"2026-04-16T20:43:59+00:00\",\"description\":\"A Shostka Spoon FIX sz\u00e9les orr-r\u00e9sz\u00e9nek k\u00f6sz\u00f6nhet\u0151en, gyors bevontat\u00e1skor felfel\u00e9 t\u00f6r, illetve ejt\u00e9skor gyorsan a m\u00e9lybe hullik. Nagy dob\u00f3t\u00e1v. #166\",\"breadcrumb\":{\"@id\":\"https:\\\/\\\/www.ebihal.hu\\\/shop\\\/mucsali\\\/villanto\\\/shostka-spoon\\\/shostka-fix\\\/shostka-spoon-fix-ul-villanto-166\\\/#breadcrumb\"},\"inLanguage\":\"en-GB\",\"potentialAction\":[{\"@type\":\"ReadAction\",\"target\":[\"https:\\\/\\\/www.ebihal.hu\\\/shop\\\/mucsali\\\/villanto\\\/shostka-spoon\\\/shostka-fix\\\/shostka-spoon-fix-ul-villanto-166\\\/\"]}]},{\"@type\":\"ImageObject\",\"inLanguage\":\"en-GB\",\"@id\":\"https:\\\/\\\/www.ebihal.hu\\\/shop\\\/mucsali\\\/villanto\\\/shostka-spoon\\\/shostka-fix\\\/shostka-spoon-fix-ul-villanto-166\\\/#primaryimage\",\"url\":\"https:\\\/\\\/www.ebihal.hu\\\/wp-content\\\/uploads\\\/2024\\\/04\\\/166.jpg\",\"contentUrl\":\"https:\\\/\\\/www.ebihal.hu\\\/wp-content\\\/uploads\\\/2024\\\/04\\\/166.jpg\",\"width\":1080,\"height\":1080,\"caption\":\"Shostka Spoon Fix 166\"},{\"@type\":\"BreadcrumbList\",\"@id\":\"https:\\\/\\\/www.ebihal.hu\\\/shop\\\/mucsali\\\/villanto\\\/shostka-spoon\\\/shostka-fix\\\/shostka-spoon-fix-ul-villanto-166\\\/#breadcrumb\",\"itemListElement\":[{\"@type\":\"ListItem\",\"position\":1,\"name\":\"Kezd\u0151lap\",\"item\":\"https:\\\/\\\/www.ebihal.hu\\\/\"},{\"@type\":\"ListItem\",\"position\":2,\"name\":\"M\u0171csali \u00e1ruh\u00e1z\",\"item\":\"https:\\\/\\\/www.ebihal.hu\\\/\"},{\"@type\":\"ListItem\",\"position\":3,\"name\":\"Shostka Spoon FIX UL villant\u00f3 #166\"}]},{\"@type\":\"WebSite\",\"@id\":\"https:\\\/\\\/www.ebihal.hu\\\/#website\",\"url\":\"https:\\\/\\\/www.ebihal.hu\\\/\",\"name\":\"Ebihal\",\"description\":\"Fish &amp; Jigs\",\"publisher\":{\"@id\":\"https:\\\/\\\/www.ebihal.hu\\\/#organization\"},\"potentialAction\":[{\"@type\":\"SearchAction\",\"target\":{\"@type\":\"EntryPoint\",\"urlTemplate\":\"https:\\\/\\\/www.ebihal.hu\\\/?s={search_term_string}\"},\"query-input\":{\"@type\":\"PropertyValueSpecification\",\"valueRequired\":true,\"valueName\":\"search_term_string\"}}],\"inLanguage\":\"en-GB\"},{\"@type\":\"Organization\",\"@id\":\"https:\\\/\\\/www.ebihal.hu\\\/#organization\",\"name\":\"Bir\u00f3 Csaba egy\u00e9ni v\u00e1llalkoz\u00f3\",\"url\":\"https:\\\/\\\/www.ebihal.hu\\\/\",\"logo\":{\"@type\":\"ImageObject\",\"inLanguage\":\"en-GB\",\"@id\":\"https:\\\/\\\/www.ebihal.hu\\\/#\\\/schema\\\/logo\\\/image\\\/\",\"url\":\"https:\\\/\\\/www.ebihal.hu\\\/wp-content\\\/uploads\\\/2021\\\/02\\\/brand_logo_mini.png\",\"contentUrl\":\"https:\\\/\\\/www.ebihal.hu\\\/wp-content\\\/uploads\\\/2021\\\/02\\\/brand_logo_mini.png\",\"width\":300,\"height\":300,\"caption\":\"Bir\u00f3 Csaba egy\u00e9ni v\u00e1llalkoz\u00f3\"},\"image\":{\"@id\":\"https:\\\/\\\/www.ebihal.hu\\\/#\\\/schema\\\/logo\\\/image\\\/\"},\"sameAs\":[\"https:\\\/\\\/www.facebook.com\\\/ebihal\"]}]}<\/script>\n<!-- \/ Yoast SEO plugin. -->","yoast_head_json":{"title":"Shostka Spoon FIX UL villant\u00f3 #166 - Ebihal","description":"A Shostka Spoon FIX sz\u00e9les orr-r\u00e9sz\u00e9nek k\u00f6sz\u00f6nhet\u0151en, gyors bevontat\u00e1skor felfel\u00e9 t\u00f6r, illetve ejt\u00e9skor gyorsan a m\u00e9lybe hullik. Nagy dob\u00f3t\u00e1v. #166","robots":{"index":"index","follow":"follow","max-snippet":"max-snippet:-1","max-image-preview":"max-image-preview:large","max-video-preview":"max-video-preview:-1"},"canonical":"https:\/\/www.ebihal.hu\/en\/shop\/mucsali\/villanto\/shostka-spoon\/shostka-fix\/shostka-spoon-fix-ul-villanto-166\/","og_locale":"en_GB","og_type":"article","og_title":"Shostka Spoon FIX UL villant\u00f3 #166 - Ebihal","og_description":"A Shostka Spoon FIX sz\u00e9les orr-r\u00e9sz\u00e9nek k\u00f6sz\u00f6nhet\u0151en, gyors bevontat\u00e1skor felfel\u00e9 t\u00f6r, illetve ejt\u00e9skor gyorsan a m\u00e9lybe hullik. Nagy dob\u00f3t\u00e1v. #166","og_url":"https:\/\/www.ebihal.hu\/en\/shop\/mucsali\/villanto\/shostka-spoon\/shostka-fix\/shostka-spoon-fix-ul-villanto-166\/","og_site_name":"Ebihal","article_publisher":"https:\/\/www.facebook.com\/ebihal","article_modified_time":"2026-04-16T20:43:59+00:00","og_image":[{"width":1080,"height":1080,"url":"https:\/\/www.ebihal.hu\/wp-content\/uploads\/2024\/04\/166.jpg","type":"image\/jpeg"}],"twitter_card":"summary_large_image","twitter_misc":{"Estimated reading time":"1 minute"},"schema":{"@context":"https:\/\/schema.org","@graph":[{"@type":"WebPage","@id":"https:\/\/www.ebihal.hu\/shop\/mucsali\/villanto\/shostka-spoon\/shostka-fix\/shostka-spoon-fix-ul-villanto-166\/","url":"https:\/\/www.ebihal.hu\/shop\/mucsali\/villanto\/shostka-spoon\/shostka-fix\/shostka-spoon-fix-ul-villanto-166\/","name":"Shostka Spoon FIX UL villant\u00f3 #166 - Ebihal","isPartOf":{"@id":"https:\/\/www.ebihal.hu\/#website"},"primaryImageOfPage":{"@id":"https:\/\/www.ebihal.hu\/shop\/mucsali\/villanto\/shostka-spoon\/shostka-fix\/shostka-spoon-fix-ul-villanto-166\/#primaryimage"},"image":{"@id":"https:\/\/www.ebihal.hu\/shop\/mucsali\/villanto\/shostka-spoon\/shostka-fix\/shostka-spoon-fix-ul-villanto-166\/#primaryimage"},"thumbnailUrl":"https:\/\/www.ebihal.hu\/wp-content\/uploads\/2024\/04\/166.jpg","datePublished":"2024-04-07T13:49:59+00:00","dateModified":"2026-04-16T20:43:59+00:00","description":"A Shostka Spoon FIX sz\u00e9les orr-r\u00e9sz\u00e9nek k\u00f6sz\u00f6nhet\u0151en, gyors bevontat\u00e1skor felfel\u00e9 t\u00f6r, illetve ejt\u00e9skor gyorsan a m\u00e9lybe hullik. Nagy dob\u00f3t\u00e1v. #166","breadcrumb":{"@id":"https:\/\/www.ebihal.hu\/shop\/mucsali\/villanto\/shostka-spoon\/shostka-fix\/shostka-spoon-fix-ul-villanto-166\/#breadcrumb"},"inLanguage":"en-GB","potentialAction":[{"@type":"ReadAction","target":["https:\/\/www.ebihal.hu\/shop\/mucsali\/villanto\/shostka-spoon\/shostka-fix\/shostka-spoon-fix-ul-villanto-166\/"]}]},{"@type":"ImageObject","inLanguage":"en-GB","@id":"https:\/\/www.ebihal.hu\/shop\/mucsali\/villanto\/shostka-spoon\/shostka-fix\/shostka-spoon-fix-ul-villanto-166\/#primaryimage","url":"https:\/\/www.ebihal.hu\/wp-content\/uploads\/2024\/04\/166.jpg","contentUrl":"https:\/\/www.ebihal.hu\/wp-content\/uploads\/2024\/04\/166.jpg","width":1080,"height":1080,"caption":"Shostka Spoon Fix 166"},{"@type":"BreadcrumbList","@id":"https:\/\/www.ebihal.hu\/shop\/mucsali\/villanto\/shostka-spoon\/shostka-fix\/shostka-spoon-fix-ul-villanto-166\/#breadcrumb","itemListElement":[{"@type":"ListItem","position":1,"name":"Kezd\u0151lap","item":"https:\/\/www.ebihal.hu\/"},{"@type":"ListItem","position":2,"name":"M\u0171csali \u00e1ruh\u00e1z","item":"https:\/\/www.ebihal.hu\/"},{"@type":"ListItem","position":3,"name":"Shostka Spoon FIX UL villant\u00f3 #166"}]},{"@type":"WebSite","@id":"https:\/\/www.ebihal.hu\/#website","url":"https:\/\/www.ebihal.hu\/","name":"Ebihal","description":"Fish &amp; Jigs","publisher":{"@id":"https:\/\/www.ebihal.hu\/#organization"},"potentialAction":[{"@type":"SearchAction","target":{"@type":"EntryPoint","urlTemplate":"https:\/\/www.ebihal.hu\/?s={search_term_string}"},"query-input":{"@type":"PropertyValueSpecification","valueRequired":true,"valueName":"search_term_string"}}],"inLanguage":"en-GB"},{"@type":"Organization","@id":"https:\/\/www.ebihal.hu\/#organization","name":"Bir\u00f3 Csaba egy\u00e9ni v\u00e1llalkoz\u00f3","url":"https:\/\/www.ebihal.hu\/","logo":{"@type":"ImageObject","inLanguage":"en-GB","@id":"https:\/\/www.ebihal.hu\/#\/schema\/logo\/image\/","url":"https:\/\/www.ebihal.hu\/wp-content\/uploads\/2021\/02\/brand_logo_mini.png","contentUrl":"https:\/\/www.ebihal.hu\/wp-content\/uploads\/2021\/02\/brand_logo_mini.png","width":300,"height":300,"caption":"Bir\u00f3 Csaba egy\u00e9ni v\u00e1llalkoz\u00f3"},"image":{"@id":"https:\/\/www.ebihal.hu\/#\/schema\/logo\/image\/"},"sameAs":["https:\/\/www.facebook.com\/ebihal"]}]}},"_links":{"self":[{"href":"https:\/\/www.ebihal.hu\/en\/wp-json\/wp\/v2\/product\/11197","targetHints":{"allow":["GET"]}}],"collection":[{"href":"https:\/\/www.ebihal.hu\/en\/wp-json\/wp\/v2\/product"}],"about":[{"href":"https:\/\/www.ebihal.hu\/en\/wp-json\/wp\/v2\/types\/product"}],"replies":[{"embeddable":true,"href":"https:\/\/www.ebihal.hu\/en\/wp-json\/wp\/v2\/comments?post=11197"}],"wp:featuredmedia":[{"embeddable":true,"href":"https:\/\/www.ebihal.hu\/en\/wp-json\/wp\/v2\/media\/11198"}],"wp:attachment":[{"href":"https:\/\/www.ebihal.hu\/en\/wp-json\/wp\/v2\/media?parent=11197"}],"wp:term":[{"taxonomy":"product_cat","embeddable":true,"href":"https:\/\/www.ebihal.hu\/en\/wp-json\/wp\/v2\/product_cat?post=11197"},{"taxonomy":"product_tag","embeddable":true,"href":"https:\/\/www.ebihal.hu\/en\/wp-json\/wp\/v2\/product_tag?post=11197"}],"curies":[{"name":"wp","href":"https:\/\/api.w.org\/{rel}","templated":true}]}}