{"id":10901,"date":"2024-02-10T11:39:07","date_gmt":"2024-02-10T10:39:07","guid":{"rendered":"https:\/\/www.ebihal.hu\/?post_type=product&#038;p=10901"},"modified":"2025-09-04T18:15:16","modified_gmt":"2025-09-04T17:15:16","slug":"flagman-f-59-horog","status":"publish","type":"product","link":"https:\/\/www.ebihal.hu\/en\/shop\/kiegeszitok\/horgok\/flagman-horog\/flagman-f-59-horog\/","title":{"rendered":"Flagman F-59 horog"},"content":{"rendered":"<p>Az ukr\u00e1n Flagman c\u00e9g F-59 horga sz\u00edv\u00f3s, <strong>rugalmas<\/strong> ac\u00e9lb\u00f3l k\u00e9sz\u00fcl. Nagy, kerek szem\u00e9ben szabadon mozog a cheburashka, az \u00f6sszes rig-t\u00edpus, a kapocs egyar\u00e1nt. Korr\u00f3zi\u00f3g\u00e1tl\u00f3 fekete nikkel bevonat v\u00e9di a k\u00fcls\u0151 hat\u00e1sokt\u00f3l. Kore\u00e1ban k\u00e9sz\u00fcl.<\/p>\n<table>\n<tbody>\n<tr>\n<td>Size<\/td>\n<td>Cikksz\u00e1m<\/td>\n<td>\u00c1tm\u00e9r\u0151 mm<\/td>\n<td>Horog s\u00falya g<\/td>\n<td>horog\/csomag<\/td>\n<\/tr>\n<tr>\n<td>#10<\/td>\n<td>FF59-10<\/td>\n<td>0,57<\/td>\n<td>0,10<\/td>\n<td>10 db<\/td>\n<\/tr>\n<tr>\n<td>#8<\/td>\n<td>FF59-08<\/td>\n<td>0,58<\/td>\n<td>0,11<\/td>\n<td>10 db<\/td>\n<\/tr>\n<tr>\n<td>#6<\/td>\n<td>FF59-06<\/td>\n<td>0,68<\/td>\n<td>0,15<\/td>\n<td>10 db<\/td>\n<\/tr>\n<tr>\n<td>#4<\/td>\n<td>FF59-04<\/td>\n<td>0,77<\/td>\n<td>0,17<\/td>\n<td>8 db<\/td>\n<\/tr>\n<tr>\n<td>#2<\/td>\n<td>FF59-02<\/td>\n<td>0,87<\/td>\n<td>0,22<\/td>\n<td>7 db<\/td>\n<\/tr>\n<tr>\n<td>#1<\/td>\n<td>FF59-01<\/td>\n<td>0,87<\/td>\n<td>0.25<\/td>\n<td>7 db<\/td>\n<\/tr>\n<\/tbody>\n<\/table>\n<h4>Additional information<\/h4>\n<table class=\"woocommerce-product-attributes shop_attributes\" aria-label=\"Product Details\" data-no-translation-aria-label=\"\">\n\t\t\t<tr class=\"woocommerce-product-attributes-item woocommerce-product-attributes-item--weight\">\n\t\t\t<th class=\"woocommerce-product-attributes-item__label\" scope=\"row\" data-no-translation=\"\" data-trp-gettext=\"\">Weight<\/th>\n\t\t\t<td class=\"woocommerce-product-attributes-item__value\">0.01 kg<\/td>\n\t\t<\/tr>\n\t\t\t<tr class=\"woocommerce-product-attributes-item woocommerce-product-attributes-item--attribute_pa_brand\">\n\t\t\t<th class=\"woocommerce-product-attributes-item__label\" scope=\"row\">Brand<\/th>\n\t\t\t<td class=\"woocommerce-product-attributes-item__value\"><p>Flagman<\/p>\n<\/td>\n\t\t<\/tr>\n\t\t\t<tr class=\"woocommerce-product-attributes-item woocommerce-product-attributes-item--attribute_pa_horogmeret\">\n\t\t\t<th class=\"woocommerce-product-attributes-item__label\" scope=\"row\">Horogm\u00e9ret<\/th>\n\t\t\t<td class=\"woocommerce-product-attributes-item__value\"><p>#10, #8, #6, #4, #2, #1<\/p>\n<\/td>\n\t\t<\/tr>\n\t\t\t<tr class=\"woocommerce-product-attributes-item woocommerce-product-attributes-item--attribute_pa_madein\">\n\t\t\t<th class=\"woocommerce-product-attributes-item__label\" scope=\"row\">Country of origin<\/th>\n\t\t\t<td class=\"woocommerce-product-attributes-item__value\"><p>Ukrajna<\/p>\n<\/td>\n\t\t<\/tr>\n\t\t\t<tr class=\"woocommerce-product-attributes-item woocommerce-product-attributes-item--attribute_pa_kiszereles\">\n\t\t\t<th class=\"woocommerce-product-attributes-item__label\" scope=\"row\">Packaging<\/th>\n\t\t\t<td class=\"woocommerce-product-attributes-item__value\"><p>1 plastic bag<\/p>\n<\/td>\n\t\t<\/tr>\n\t<\/table>","protected":false},"excerpt":{"rendered":"<p>Az ukr\u00e1n Flagman c\u00e9g F-59 horga sz\u00edv\u00f3s, rugalmas ac\u00e9lb\u00f3l k\u00e9sz\u00fcl. Nagy, kerek szem\u00e9ben szabadon mozog a cheburashka, az \u00f6sszes rig-t\u00edpus, a kapocs egyar\u00e1nt. Korr\u00f3zi\u00f3g\u00e1tl\u00f3 fekete nikkel bevonat v\u00e9di a k\u00fcls\u0151 hat\u00e1sokt\u00f3l. Kore\u00e1ban k\u00e9sz\u00fcl. M\u00e9ret Cikksz\u00e1m \u00c1tm\u00e9r\u0151 mm Horog s\u00falya g horog\/csomag #10 FF59-10 0,57 0,10 10 db #8 FF59-08 0,58&hellip; <\/p>","protected":false},"featured_media":10909,"comment_status":"open","ping_status":"closed","template":"","meta":[],"product_cat":[1645,97,88,605],"product_tag":[1819,1646,271],"class_list":{"0":"post-10901","1":"product","2":"type-product","3":"status-publish","4":"has-post-thumbnail","6":"product_brand-flagman","7":"product_cat-flagman-horog","8":"product_cat-horgok","9":"product_cat-kiegeszitok","10":"product_cat-ujdonsagok","11":"product_tag-f59","12":"product_tag-flagman","13":"product_tag-horog","15":"first","16":"instock","17":"shipping-taxable","18":"purchasable","19":"product-type-variable"},"supplier_id":null,"supplier_sku":"","barcode":null,"atum_controlled":true,"out_stock_date":null,"out_stock_threshold":null,"inheritable":true,"inbound_stock":0,"stock_on_hold":0,"sold_today":0,"sales_last_days":0,"reserved_stock":0,"customer_returns":0,"warehouse_damage":0,"lost_in_post":0,"other_logs":0,"out_stock_days":0,"lost_sales":0,"has_location":false,"update_date":"2026-04-15T00:31:05","atum_locations":[],"atum_stock_status":"instock","restock_status":false,"low_stock_amount":"","sales_update_date":"2026-04-15T00:31:05","calc_backorders":null,"yoast_head":"<!-- This site is optimized with the Yoast SEO plugin v27.4 - https:\/\/yoast.com\/product\/yoast-seo-wordpress\/ -->\n<title>Flagman F-59 horog - Ebihal<\/title>\n<meta name=\"description\" content=\"Az ukr\u00e1n Flagman c\u00e9g sz\u00edv\u00f3s, nikkel bevonat\u00fa szak\u00e1llas F-59 horga nagy szemet kapott. T\u0171\u00e9les a hegye. #1-#10 m\u00e9retben tartjuk.\" \/>\n<meta name=\"robots\" content=\"index, follow, max-snippet:-1, max-image-preview:large, max-video-preview:-1\" \/>\n<link rel=\"canonical\" href=\"https:\/\/www.ebihal.hu\/en\/shop\/kiegeszitok\/horgok\/flagman-horog\/flagman-f-59-horog\/\" \/>\n<meta property=\"og:locale\" content=\"en_GB\" \/>\n<meta property=\"og:type\" content=\"article\" \/>\n<meta property=\"og:title\" content=\"Flagman F-59 horog - Ebihal\" \/>\n<meta property=\"og:description\" content=\"Az ukr\u00e1n Flagman c\u00e9g sz\u00edv\u00f3s, nikkel bevonat\u00fa szak\u00e1llas F-59 horga nagy szemet kapott. T\u0171\u00e9les a hegye. #1-#10 m\u00e9retben tartjuk.\" \/>\n<meta property=\"og:url\" content=\"https:\/\/www.ebihal.hu\/en\/shop\/kiegeszitok\/horgok\/flagman-horog\/flagman-f-59-horog\/\" \/>\n<meta property=\"og:site_name\" content=\"Ebihal\" \/>\n<meta property=\"article:publisher\" content=\"https:\/\/www.facebook.com\/ebihal\" \/>\n<meta property=\"article:modified_time\" content=\"2025-09-04T17:15:16+00:00\" \/>\n<meta property=\"og:image\" content=\"https:\/\/www.ebihal.hu\/wp-content\/uploads\/2024\/02\/f-59.jpg\" \/>\n\t<meta property=\"og:image:width\" content=\"816\" \/>\n\t<meta property=\"og:image:height\" content=\"816\" \/>\n\t<meta property=\"og:image:type\" content=\"image\/jpeg\" \/>\n<meta name=\"twitter:card\" content=\"summary_large_image\" \/>\n<meta name=\"twitter:label1\" content=\"Estimated reading time\" \/>\n\t<meta name=\"twitter:data1\" content=\"1 minute\" \/>\n<script type=\"application\/ld+json\" class=\"yoast-schema-graph\">{\"@context\":\"https:\\\/\\\/schema.org\",\"@graph\":[{\"@type\":\"WebPage\",\"@id\":\"https:\\\/\\\/www.ebihal.hu\\\/en\\\/shop\\\/kiegeszitok\\\/horgok\\\/flagman-horog\\\/flagman-f-59-horog\\\/\",\"url\":\"https:\\\/\\\/www.ebihal.hu\\\/en\\\/shop\\\/kiegeszitok\\\/horgok\\\/flagman-horog\\\/flagman-f-59-horog\\\/\",\"name\":\"Flagman F-59 horog - Ebihal\",\"isPartOf\":{\"@id\":\"https:\\\/\\\/www.ebihal.hu\\\/#website\"},\"primaryImageOfPage\":{\"@id\":\"https:\\\/\\\/www.ebihal.hu\\\/en\\\/shop\\\/kiegeszitok\\\/horgok\\\/flagman-horog\\\/flagman-f-59-horog\\\/#primaryimage\"},\"image\":{\"@id\":\"https:\\\/\\\/www.ebihal.hu\\\/en\\\/shop\\\/kiegeszitok\\\/horgok\\\/flagman-horog\\\/flagman-f-59-horog\\\/#primaryimage\"},\"thumbnailUrl\":\"https:\\\/\\\/www.ebihal.hu\\\/wp-content\\\/uploads\\\/2024\\\/02\\\/f-59.jpg\",\"datePublished\":\"2024-02-10T10:39:07+00:00\",\"dateModified\":\"2025-09-04T17:15:16+00:00\",\"description\":\"Az ukr\u00e1n Flagman c\u00e9g sz\u00edv\u00f3s, nikkel bevonat\u00fa szak\u00e1llas F-59 horga nagy szemet kapott. T\u0171\u00e9les a hegye. #1-#10 m\u00e9retben tartjuk.\",\"breadcrumb\":{\"@id\":\"https:\\\/\\\/www.ebihal.hu\\\/en\\\/shop\\\/kiegeszitok\\\/horgok\\\/flagman-horog\\\/flagman-f-59-horog\\\/#breadcrumb\"},\"inLanguage\":\"en-GB\",\"potentialAction\":[{\"@type\":\"ReadAction\",\"target\":[\"https:\\\/\\\/www.ebihal.hu\\\/en\\\/shop\\\/kiegeszitok\\\/horgok\\\/flagman-horog\\\/flagman-f-59-horog\\\/\"]}]},{\"@type\":\"ImageObject\",\"inLanguage\":\"en-GB\",\"@id\":\"https:\\\/\\\/www.ebihal.hu\\\/en\\\/shop\\\/kiegeszitok\\\/horgok\\\/flagman-horog\\\/flagman-f-59-horog\\\/#primaryimage\",\"url\":\"https:\\\/\\\/www.ebihal.hu\\\/wp-content\\\/uploads\\\/2024\\\/02\\\/f-59.jpg\",\"contentUrl\":\"https:\\\/\\\/www.ebihal.hu\\\/wp-content\\\/uploads\\\/2024\\\/02\\\/f-59.jpg\",\"width\":816,\"height\":816,\"caption\":\"Flagman F-59 horog\"},{\"@type\":\"BreadcrumbList\",\"@id\":\"https:\\\/\\\/www.ebihal.hu\\\/en\\\/shop\\\/kiegeszitok\\\/horgok\\\/flagman-horog\\\/flagman-f-59-horog\\\/#breadcrumb\",\"itemListElement\":[{\"@type\":\"ListItem\",\"position\":1,\"name\":\"Kezd\u0151lap\",\"item\":\"https:\\\/\\\/www.ebihal.hu\\\/\"},{\"@type\":\"ListItem\",\"position\":2,\"name\":\"M\u0171csali \u00e1ruh\u00e1z\",\"item\":\"https:\\\/\\\/www.ebihal.hu\\\/\"},{\"@type\":\"ListItem\",\"position\":3,\"name\":\"Flagman F-59 horog\"}]},{\"@type\":\"WebSite\",\"@id\":\"https:\\\/\\\/www.ebihal.hu\\\/#website\",\"url\":\"https:\\\/\\\/www.ebihal.hu\\\/\",\"name\":\"Ebihal\",\"description\":\"Fish &amp; Jigs\",\"publisher\":{\"@id\":\"https:\\\/\\\/www.ebihal.hu\\\/#organization\"},\"potentialAction\":[{\"@type\":\"SearchAction\",\"target\":{\"@type\":\"EntryPoint\",\"urlTemplate\":\"https:\\\/\\\/www.ebihal.hu\\\/?s={search_term_string}\"},\"query-input\":{\"@type\":\"PropertyValueSpecification\",\"valueRequired\":true,\"valueName\":\"search_term_string\"}}],\"inLanguage\":\"en-GB\"},{\"@type\":\"Organization\",\"@id\":\"https:\\\/\\\/www.ebihal.hu\\\/#organization\",\"name\":\"Bir\u00f3 Csaba egy\u00e9ni v\u00e1llalkoz\u00f3\",\"url\":\"https:\\\/\\\/www.ebihal.hu\\\/\",\"logo\":{\"@type\":\"ImageObject\",\"inLanguage\":\"en-GB\",\"@id\":\"https:\\\/\\\/www.ebihal.hu\\\/#\\\/schema\\\/logo\\\/image\\\/\",\"url\":\"https:\\\/\\\/www.ebihal.hu\\\/wp-content\\\/uploads\\\/2021\\\/02\\\/brand_logo_mini.png\",\"contentUrl\":\"https:\\\/\\\/www.ebihal.hu\\\/wp-content\\\/uploads\\\/2021\\\/02\\\/brand_logo_mini.png\",\"width\":300,\"height\":300,\"caption\":\"Bir\u00f3 Csaba egy\u00e9ni v\u00e1llalkoz\u00f3\"},\"image\":{\"@id\":\"https:\\\/\\\/www.ebihal.hu\\\/#\\\/schema\\\/logo\\\/image\\\/\"},\"sameAs\":[\"https:\\\/\\\/www.facebook.com\\\/ebihal\"]}]}<\/script>\n<!-- \/ Yoast SEO plugin. -->","yoast_head_json":{"title":"Flagman F-59 horog - Ebihal","description":"Az ukr\u00e1n Flagman c\u00e9g sz\u00edv\u00f3s, nikkel bevonat\u00fa szak\u00e1llas F-59 horga nagy szemet kapott. T\u0171\u00e9les a hegye. #1-#10 m\u00e9retben tartjuk.","robots":{"index":"index","follow":"follow","max-snippet":"max-snippet:-1","max-image-preview":"max-image-preview:large","max-video-preview":"max-video-preview:-1"},"canonical":"https:\/\/www.ebihal.hu\/en\/shop\/kiegeszitok\/horgok\/flagman-horog\/flagman-f-59-horog\/","og_locale":"en_GB","og_type":"article","og_title":"Flagman F-59 horog - Ebihal","og_description":"Az ukr\u00e1n Flagman c\u00e9g sz\u00edv\u00f3s, nikkel bevonat\u00fa szak\u00e1llas F-59 horga nagy szemet kapott. T\u0171\u00e9les a hegye. #1-#10 m\u00e9retben tartjuk.","og_url":"https:\/\/www.ebihal.hu\/en\/shop\/kiegeszitok\/horgok\/flagman-horog\/flagman-f-59-horog\/","og_site_name":"Ebihal","article_publisher":"https:\/\/www.facebook.com\/ebihal","article_modified_time":"2025-09-04T17:15:16+00:00","og_image":[{"width":816,"height":816,"url":"https:\/\/www.ebihal.hu\/wp-content\/uploads\/2024\/02\/f-59.jpg","type":"image\/jpeg"}],"twitter_card":"summary_large_image","twitter_misc":{"Estimated reading time":"1 minute"},"schema":{"@context":"https:\/\/schema.org","@graph":[{"@type":"WebPage","@id":"https:\/\/www.ebihal.hu\/en\/shop\/kiegeszitok\/horgok\/flagman-horog\/flagman-f-59-horog\/","url":"https:\/\/www.ebihal.hu\/en\/shop\/kiegeszitok\/horgok\/flagman-horog\/flagman-f-59-horog\/","name":"Flagman F-59 horog - Ebihal","isPartOf":{"@id":"https:\/\/www.ebihal.hu\/#website"},"primaryImageOfPage":{"@id":"https:\/\/www.ebihal.hu\/en\/shop\/kiegeszitok\/horgok\/flagman-horog\/flagman-f-59-horog\/#primaryimage"},"image":{"@id":"https:\/\/www.ebihal.hu\/en\/shop\/kiegeszitok\/horgok\/flagman-horog\/flagman-f-59-horog\/#primaryimage"},"thumbnailUrl":"https:\/\/www.ebihal.hu\/wp-content\/uploads\/2024\/02\/f-59.jpg","datePublished":"2024-02-10T10:39:07+00:00","dateModified":"2025-09-04T17:15:16+00:00","description":"Az ukr\u00e1n Flagman c\u00e9g sz\u00edv\u00f3s, nikkel bevonat\u00fa szak\u00e1llas F-59 horga nagy szemet kapott. T\u0171\u00e9les a hegye. #1-#10 m\u00e9retben tartjuk.","breadcrumb":{"@id":"https:\/\/www.ebihal.hu\/en\/shop\/kiegeszitok\/horgok\/flagman-horog\/flagman-f-59-horog\/#breadcrumb"},"inLanguage":"en-GB","potentialAction":[{"@type":"ReadAction","target":["https:\/\/www.ebihal.hu\/en\/shop\/kiegeszitok\/horgok\/flagman-horog\/flagman-f-59-horog\/"]}]},{"@type":"ImageObject","inLanguage":"en-GB","@id":"https:\/\/www.ebihal.hu\/en\/shop\/kiegeszitok\/horgok\/flagman-horog\/flagman-f-59-horog\/#primaryimage","url":"https:\/\/www.ebihal.hu\/wp-content\/uploads\/2024\/02\/f-59.jpg","contentUrl":"https:\/\/www.ebihal.hu\/wp-content\/uploads\/2024\/02\/f-59.jpg","width":816,"height":816,"caption":"Flagman F-59 horog"},{"@type":"BreadcrumbList","@id":"https:\/\/www.ebihal.hu\/en\/shop\/kiegeszitok\/horgok\/flagman-horog\/flagman-f-59-horog\/#breadcrumb","itemListElement":[{"@type":"ListItem","position":1,"name":"Kezd\u0151lap","item":"https:\/\/www.ebihal.hu\/"},{"@type":"ListItem","position":2,"name":"M\u0171csali \u00e1ruh\u00e1z","item":"https:\/\/www.ebihal.hu\/"},{"@type":"ListItem","position":3,"name":"Flagman F-59 horog"}]},{"@type":"WebSite","@id":"https:\/\/www.ebihal.hu\/#website","url":"https:\/\/www.ebihal.hu\/","name":"Ebihal","description":"Fish &amp; Jigs","publisher":{"@id":"https:\/\/www.ebihal.hu\/#organization"},"potentialAction":[{"@type":"SearchAction","target":{"@type":"EntryPoint","urlTemplate":"https:\/\/www.ebihal.hu\/?s={search_term_string}"},"query-input":{"@type":"PropertyValueSpecification","valueRequired":true,"valueName":"search_term_string"}}],"inLanguage":"en-GB"},{"@type":"Organization","@id":"https:\/\/www.ebihal.hu\/#organization","name":"Bir\u00f3 Csaba egy\u00e9ni v\u00e1llalkoz\u00f3","url":"https:\/\/www.ebihal.hu\/","logo":{"@type":"ImageObject","inLanguage":"en-GB","@id":"https:\/\/www.ebihal.hu\/#\/schema\/logo\/image\/","url":"https:\/\/www.ebihal.hu\/wp-content\/uploads\/2021\/02\/brand_logo_mini.png","contentUrl":"https:\/\/www.ebihal.hu\/wp-content\/uploads\/2021\/02\/brand_logo_mini.png","width":300,"height":300,"caption":"Bir\u00f3 Csaba egy\u00e9ni v\u00e1llalkoz\u00f3"},"image":{"@id":"https:\/\/www.ebihal.hu\/#\/schema\/logo\/image\/"},"sameAs":["https:\/\/www.facebook.com\/ebihal"]}]}},"_links":{"self":[{"href":"https:\/\/www.ebihal.hu\/en\/wp-json\/wp\/v2\/product\/10901","targetHints":{"allow":["GET"]}}],"collection":[{"href":"https:\/\/www.ebihal.hu\/en\/wp-json\/wp\/v2\/product"}],"about":[{"href":"https:\/\/www.ebihal.hu\/en\/wp-json\/wp\/v2\/types\/product"}],"replies":[{"embeddable":true,"href":"https:\/\/www.ebihal.hu\/en\/wp-json\/wp\/v2\/comments?post=10901"}],"wp:featuredmedia":[{"embeddable":true,"href":"https:\/\/www.ebihal.hu\/en\/wp-json\/wp\/v2\/media\/10909"}],"wp:attachment":[{"href":"https:\/\/www.ebihal.hu\/en\/wp-json\/wp\/v2\/media?parent=10901"}],"wp:term":[{"taxonomy":"product_cat","embeddable":true,"href":"https:\/\/www.ebihal.hu\/en\/wp-json\/wp\/v2\/product_cat?post=10901"},{"taxonomy":"product_tag","embeddable":true,"href":"https:\/\/www.ebihal.hu\/en\/wp-json\/wp\/v2\/product_tag?post=10901"}],"curies":[{"name":"wp","href":"https:\/\/api.w.org\/{rel}","templated":true}]}}