{"id":10367,"date":"2023-10-13T16:51:36","date_gmt":"2023-10-13T15:51:36","guid":{"rendered":"https:\/\/www.ebihal.hu\/?post_type=product&#038;p=10367"},"modified":"2025-03-30T10:35:44","modified_gmt":"2025-03-30T09:35:44","slug":"siberian-shaman-lutka-szitakoto-larva-60mm-018","status":"publish","type":"product","link":"https:\/\/www.ebihal.hu\/en\/shop\/mucsali\/gumicsali\/saman\/lutka\/lutka-60\/siberian-shaman-lutka-szitakoto-larva-60mm-018\/","title":{"rendered":"Siberian Shaman Lutka szitak\u00f6t\u0151 l\u00e1rva 60mm 018"},"content":{"rendered":"<p>A Siberian Shaman <strong>\u041b\u044e\u0442\u043a\u0430<\/strong> (Lutka) <strong>szitak\u00f6t\u0151 l\u00e1rva<\/strong> csalija egyedi testfel\u00e9p\u00edt\u00e9s\u00e9nek k\u00f6sz\u00f6nheti n\u00e9pszer\u0171s\u00e9g\u00e9t a Kelet-eur\u00f3pai piacon. Az ukr\u00e1n <a href=\"https:\/\/www.ebihal.hu\/en\/horgaszat\/mucsali\/gumicsali\/fanatik\/\">Fanatik l\u00e1rva<\/a> \u00e9s a <a href=\"https:\/\/www.ebihal.hu\/en\/horgaszat\/mucsali\/gumicsali\/perchik\/beetle\/\">Perch&#8217;ik szitak\u00f6t\u0151<\/a> imit\u00e1ci\u00f3khoz hasonl\u00f3 a torkialak\u00edt\u00e1sa. De a Lutka, versenyt\u00e1rsait\u00f3l elt\u00e9r\u0151en, er\u0151s fejpajzsot, a farok pedig t\u00fals\u00falyozott z\u00e1szl\u00f3szer\u0171 potrohf\u00fcggel\u00e9ket is kapott.<br \/>\nNagyon <strong>sz\u00edv\u00f3s<\/strong>, ugyanakkor rugalmas szilikon, l\u00e9nyegesen t\u00f6bb <strong>j\u00e1t\u00e9koss\u00e1g<\/strong> van a gumiban, mint a n\u00e9pszer\u0171 Fanatik szitak\u00f6t\u0151 l\u00e1rv\u00e1ban.<br \/>\nAromaz\u00e1r\u00f3 <strong>sim\u00edt\u00f3z\u00e1ras tasakban<\/strong> ker\u00fcl forgalomba.<\/p>\n<p>60 mm hossz\u00fa, 1,4 g, 6 db\/csomag, <strong>aromatiz\u00e1lt<\/strong>, 018 sz\u00ednk\u00f3d.<\/p>\n<p><iframe loading=\"lazy\" title=\"YouTube video player\" src=\"https:\/\/www.youtube.com\/embed\/dlHWn-RFPKc\" width=\"560\" height=\"315\" frameborder=\"0\" allowfullscreen=\"allowfullscreen\"><\/iframe><\/p>\n<h4>Additional information<\/h4>\n<table class=\"woocommerce-product-attributes shop_attributes\" aria-label=\"Product Details\" data-no-translation-aria-label=\"\">\n\t\t\t<tr class=\"woocommerce-product-attributes-item woocommerce-product-attributes-item--weight\">\n\t\t\t<th class=\"woocommerce-product-attributes-item__label\" scope=\"row\" data-no-translation=\"\" data-trp-gettext=\"\">Weight<\/th>\n\t\t\t<td class=\"woocommerce-product-attributes-item__value\">0.02 kg<\/td>\n\t\t<\/tr>\n\t\t\t<tr class=\"woocommerce-product-attributes-item woocommerce-product-attributes-item--attribute_pa_brand\">\n\t\t\t<th class=\"woocommerce-product-attributes-item__label\" scope=\"row\">Brand<\/th>\n\t\t\t<td class=\"woocommerce-product-attributes-item__value\"><p>Siberian Shaman<\/p>\n<\/td>\n\t\t<\/tr>\n\t\t\t<tr class=\"woocommerce-product-attributes-item woocommerce-product-attributes-item--attribute_pa_szinkod\">\n\t\t\t<th class=\"woocommerce-product-attributes-item__label\" scope=\"row\">Color code<\/th>\n\t\t\t<td class=\"woocommerce-product-attributes-item__value\"><p>018<\/p>\n<\/td>\n\t\t<\/tr>\n\t\t\t<tr class=\"woocommerce-product-attributes-item woocommerce-product-attributes-item--attribute_pa_meret\">\n\t\t\t<th class=\"woocommerce-product-attributes-item__label\" scope=\"row\">Size<\/th>\n\t\t\t<td class=\"woocommerce-product-attributes-item__value\"><p>60 mm<\/p>\n<\/td>\n\t\t<\/tr>\n\t\t\t<tr class=\"woocommerce-product-attributes-item woocommerce-product-attributes-item--attribute_pa_madein\">\n\t\t\t<th class=\"woocommerce-product-attributes-item__label\" scope=\"row\">Country of origin<\/th>\n\t\t\t<td class=\"woocommerce-product-attributes-item__value\"><p>Oroszorsz\u00e1g<\/p>\n<\/td>\n\t\t<\/tr>\n\t\t\t<tr class=\"woocommerce-product-attributes-item woocommerce-product-attributes-item--attribute_pa_kiszereles\">\n\t\t\t<th class=\"woocommerce-product-attributes-item__label\" scope=\"row\">Packaging<\/th>\n\t\t\t<td class=\"woocommerce-product-attributes-item__value\"><p>1 plastic bag<\/p>\n<\/td>\n\t\t<\/tr>\n\t\t\t<tr class=\"woocommerce-product-attributes-item woocommerce-product-attributes-item--attribute_pa_darabszam\">\n\t\t\t<th class=\"woocommerce-product-attributes-item__label\" scope=\"row\">Darabsz\u00e1m<\/th>\n\t\t\t<td class=\"woocommerce-product-attributes-item__value\"><p>6<\/p>\n<\/td>\n\t\t<\/tr>\n\t<\/table>","protected":false},"excerpt":{"rendered":"<p>6 db\/csomag<\/p>","protected":false},"featured_media":10369,"comment_status":"open","ping_status":"closed","template":"","meta":[],"product_cat":[74,1793,1802,40,1701],"product_tag":[815,239,339,816,1794,823,241,146,1792,373],"class_list":{"0":"post-10367","1":"product","2":"type-product","3":"status-publish","4":"has-post-thumbnail","6":"product_brand-siberian-shaman","7":"product_cat-gumicsali","8":"product_cat-lutka","9":"product_cat-lutka-60","10":"product_cat-mucsali","11":"product_cat-saman","12":"product_tag-bekes-halak","13":"product_tag-domolyko","14":"product_tag-kosullo","15":"product_tag-larva","16":"product_tag-lutka","17":"product_tag-no-action","18":"product_tag-suger","19":"product_tag-sullo","20":"product_tag-szitakoto-larva","21":"product_tag-ul","23":"first","24":"instock","25":"shipping-taxable","26":"purchasable","27":"product-type-simple"},"supplier_id":null,"supplier_sku":"","barcode":null,"atum_controlled":true,"out_stock_date":null,"out_stock_threshold":null,"inheritable":false,"inbound_stock":0,"stock_on_hold":0,"sold_today":0,"sales_last_days":0,"reserved_stock":0,"customer_returns":0,"warehouse_damage":0,"lost_in_post":0,"other_logs":0,"out_stock_days":0,"lost_sales":0,"has_location":false,"update_date":"2026-04-15T00:32:35","atum_locations":[],"atum_stock_status":"instock","restock_status":false,"low_stock_amount":"","sales_update_date":"2026-04-15T00:32:35","calc_backorders":null,"yoast_head":"<!-- This site is optimized with the Yoast SEO plugin v27.4 - https:\/\/yoast.com\/product\/yoast-seo-wordpress\/ -->\n<title>Siberian Shaman Lutka szitak\u00f6t\u0151 l\u00e1rva 60mm 018 - Ebihal<\/title>\n<meta name=\"description\" content=\"Nagyon sz\u00edv\u00f3s, ugyanakkor rugalmas szilikon, l\u00e9nyegesen t\u00f6bb j\u00e1t\u00e9koss\u00e1g van a gumiban, mint m\u00e1s szitak\u00f6t\u0151 l\u00e1rv\u00e1kban. Siberian Shaman Lutka 018 sz\u00edn, 60 mm.\" \/>\n<meta name=\"robots\" content=\"index, follow, max-snippet:-1, max-image-preview:large, max-video-preview:-1\" \/>\n<link rel=\"canonical\" href=\"https:\/\/www.ebihal.hu\/en\/shop\/mucsali\/gumicsali\/saman\/lutka\/lutka-60\/siberian-shaman-lutka-szitakoto-larva-60mm-018\/\" \/>\n<meta property=\"og:locale\" content=\"en_GB\" \/>\n<meta property=\"og:type\" content=\"article\" \/>\n<meta property=\"og:title\" content=\"Siberian Shaman Lutka szitak\u00f6t\u0151 l\u00e1rva 60mm 018 - Ebihal\" \/>\n<meta property=\"og:description\" content=\"Nagyon sz\u00edv\u00f3s, ugyanakkor rugalmas szilikon, l\u00e9nyegesen t\u00f6bb j\u00e1t\u00e9koss\u00e1g van a gumiban, mint m\u00e1s szitak\u00f6t\u0151 l\u00e1rv\u00e1kban. Siberian Shaman Lutka 018 sz\u00edn, 60 mm.\" \/>\n<meta property=\"og:url\" content=\"https:\/\/www.ebihal.hu\/en\/shop\/mucsali\/gumicsali\/saman\/lutka\/lutka-60\/siberian-shaman-lutka-szitakoto-larva-60mm-018\/\" \/>\n<meta property=\"og:site_name\" content=\"Ebihal\" \/>\n<meta property=\"article:publisher\" content=\"https:\/\/www.facebook.com\/ebihal\" \/>\n<meta property=\"article:modified_time\" content=\"2025-03-30T09:35:44+00:00\" \/>\n<meta property=\"og:image\" content=\"https:\/\/www.ebihal.hu\/wp-content\/uploads\/2023\/10\/018_60mm.png\" \/>\n\t<meta property=\"og:image:width\" content=\"720\" \/>\n\t<meta property=\"og:image:height\" content=\"720\" \/>\n\t<meta property=\"og:image:type\" content=\"image\/png\" \/>\n<meta name=\"twitter:card\" content=\"summary_large_image\" \/>\n<meta name=\"twitter:label1\" content=\"Estimated reading time\" \/>\n\t<meta name=\"twitter:data1\" content=\"1 minute\" \/>\n<script type=\"application\/ld+json\" class=\"yoast-schema-graph\">{\"@context\":\"https:\\\/\\\/schema.org\",\"@graph\":[{\"@type\":\"WebPage\",\"@id\":\"https:\\\/\\\/www.ebihal.hu\\\/shop\\\/mucsali\\\/gumicsali\\\/saman\\\/lutka\\\/lutka-60\\\/siberian-shaman-lutka-szitakoto-larva-60mm-018\\\/\",\"url\":\"https:\\\/\\\/www.ebihal.hu\\\/shop\\\/mucsali\\\/gumicsali\\\/saman\\\/lutka\\\/lutka-60\\\/siberian-shaman-lutka-szitakoto-larva-60mm-018\\\/\",\"name\":\"Siberian Shaman Lutka szitak\u00f6t\u0151 l\u00e1rva 60mm 018 - Ebihal\",\"isPartOf\":{\"@id\":\"https:\\\/\\\/www.ebihal.hu\\\/#website\"},\"primaryImageOfPage\":{\"@id\":\"https:\\\/\\\/www.ebihal.hu\\\/shop\\\/mucsali\\\/gumicsali\\\/saman\\\/lutka\\\/lutka-60\\\/siberian-shaman-lutka-szitakoto-larva-60mm-018\\\/#primaryimage\"},\"image\":{\"@id\":\"https:\\\/\\\/www.ebihal.hu\\\/shop\\\/mucsali\\\/gumicsali\\\/saman\\\/lutka\\\/lutka-60\\\/siberian-shaman-lutka-szitakoto-larva-60mm-018\\\/#primaryimage\"},\"thumbnailUrl\":\"https:\\\/\\\/www.ebihal.hu\\\/wp-content\\\/uploads\\\/2023\\\/10\\\/018_60mm.png\",\"datePublished\":\"2023-10-13T15:51:36+00:00\",\"dateModified\":\"2025-03-30T09:35:44+00:00\",\"description\":\"Nagyon sz\u00edv\u00f3s, ugyanakkor rugalmas szilikon, l\u00e9nyegesen t\u00f6bb j\u00e1t\u00e9koss\u00e1g van a gumiban, mint m\u00e1s szitak\u00f6t\u0151 l\u00e1rv\u00e1kban. Siberian Shaman Lutka 018 sz\u00edn, 60 mm.\",\"breadcrumb\":{\"@id\":\"https:\\\/\\\/www.ebihal.hu\\\/shop\\\/mucsali\\\/gumicsali\\\/saman\\\/lutka\\\/lutka-60\\\/siberian-shaman-lutka-szitakoto-larva-60mm-018\\\/#breadcrumb\"},\"inLanguage\":\"en-GB\",\"potentialAction\":[{\"@type\":\"ReadAction\",\"target\":[\"https:\\\/\\\/www.ebihal.hu\\\/shop\\\/mucsali\\\/gumicsali\\\/saman\\\/lutka\\\/lutka-60\\\/siberian-shaman-lutka-szitakoto-larva-60mm-018\\\/\"]}]},{\"@type\":\"ImageObject\",\"inLanguage\":\"en-GB\",\"@id\":\"https:\\\/\\\/www.ebihal.hu\\\/shop\\\/mucsali\\\/gumicsali\\\/saman\\\/lutka\\\/lutka-60\\\/siberian-shaman-lutka-szitakoto-larva-60mm-018\\\/#primaryimage\",\"url\":\"https:\\\/\\\/www.ebihal.hu\\\/wp-content\\\/uploads\\\/2023\\\/10\\\/018_60mm.png\",\"contentUrl\":\"https:\\\/\\\/www.ebihal.hu\\\/wp-content\\\/uploads\\\/2023\\\/10\\\/018_60mm.png\",\"width\":720,\"height\":720,\"caption\":\"Siberian Shaman Lutka 60 mm 018\"},{\"@type\":\"BreadcrumbList\",\"@id\":\"https:\\\/\\\/www.ebihal.hu\\\/shop\\\/mucsali\\\/gumicsali\\\/saman\\\/lutka\\\/lutka-60\\\/siberian-shaman-lutka-szitakoto-larva-60mm-018\\\/#breadcrumb\",\"itemListElement\":[{\"@type\":\"ListItem\",\"position\":1,\"name\":\"Kezd\u0151lap\",\"item\":\"https:\\\/\\\/www.ebihal.hu\\\/\"},{\"@type\":\"ListItem\",\"position\":2,\"name\":\"M\u0171csali \u00e1ruh\u00e1z\",\"item\":\"https:\\\/\\\/www.ebihal.hu\\\/\"},{\"@type\":\"ListItem\",\"position\":3,\"name\":\"Siberian Shaman Lutka szitak\u00f6t\u0151 l\u00e1rva 60mm 018\"}]},{\"@type\":\"WebSite\",\"@id\":\"https:\\\/\\\/www.ebihal.hu\\\/#website\",\"url\":\"https:\\\/\\\/www.ebihal.hu\\\/\",\"name\":\"Ebihal\",\"description\":\"Fish &amp; Jigs\",\"publisher\":{\"@id\":\"https:\\\/\\\/www.ebihal.hu\\\/#organization\"},\"potentialAction\":[{\"@type\":\"SearchAction\",\"target\":{\"@type\":\"EntryPoint\",\"urlTemplate\":\"https:\\\/\\\/www.ebihal.hu\\\/?s={search_term_string}\"},\"query-input\":{\"@type\":\"PropertyValueSpecification\",\"valueRequired\":true,\"valueName\":\"search_term_string\"}}],\"inLanguage\":\"en-GB\"},{\"@type\":\"Organization\",\"@id\":\"https:\\\/\\\/www.ebihal.hu\\\/#organization\",\"name\":\"Bir\u00f3 Csaba egy\u00e9ni v\u00e1llalkoz\u00f3\",\"url\":\"https:\\\/\\\/www.ebihal.hu\\\/\",\"logo\":{\"@type\":\"ImageObject\",\"inLanguage\":\"en-GB\",\"@id\":\"https:\\\/\\\/www.ebihal.hu\\\/#\\\/schema\\\/logo\\\/image\\\/\",\"url\":\"https:\\\/\\\/www.ebihal.hu\\\/wp-content\\\/uploads\\\/2021\\\/02\\\/brand_logo_mini.png\",\"contentUrl\":\"https:\\\/\\\/www.ebihal.hu\\\/wp-content\\\/uploads\\\/2021\\\/02\\\/brand_logo_mini.png\",\"width\":300,\"height\":300,\"caption\":\"Bir\u00f3 Csaba egy\u00e9ni v\u00e1llalkoz\u00f3\"},\"image\":{\"@id\":\"https:\\\/\\\/www.ebihal.hu\\\/#\\\/schema\\\/logo\\\/image\\\/\"},\"sameAs\":[\"https:\\\/\\\/www.facebook.com\\\/ebihal\"]}]}<\/script>\n<!-- \/ Yoast SEO plugin. -->","yoast_head_json":{"title":"Siberian Shaman Lutka szitak\u00f6t\u0151 l\u00e1rva 60mm 018 - Ebihal","description":"Nagyon sz\u00edv\u00f3s, ugyanakkor rugalmas szilikon, l\u00e9nyegesen t\u00f6bb j\u00e1t\u00e9koss\u00e1g van a gumiban, mint m\u00e1s szitak\u00f6t\u0151 l\u00e1rv\u00e1kban. Siberian Shaman Lutka 018 sz\u00edn, 60 mm.","robots":{"index":"index","follow":"follow","max-snippet":"max-snippet:-1","max-image-preview":"max-image-preview:large","max-video-preview":"max-video-preview:-1"},"canonical":"https:\/\/www.ebihal.hu\/en\/shop\/mucsali\/gumicsali\/saman\/lutka\/lutka-60\/siberian-shaman-lutka-szitakoto-larva-60mm-018\/","og_locale":"en_GB","og_type":"article","og_title":"Siberian Shaman Lutka szitak\u00f6t\u0151 l\u00e1rva 60mm 018 - Ebihal","og_description":"Nagyon sz\u00edv\u00f3s, ugyanakkor rugalmas szilikon, l\u00e9nyegesen t\u00f6bb j\u00e1t\u00e9koss\u00e1g van a gumiban, mint m\u00e1s szitak\u00f6t\u0151 l\u00e1rv\u00e1kban. Siberian Shaman Lutka 018 sz\u00edn, 60 mm.","og_url":"https:\/\/www.ebihal.hu\/en\/shop\/mucsali\/gumicsali\/saman\/lutka\/lutka-60\/siberian-shaman-lutka-szitakoto-larva-60mm-018\/","og_site_name":"Ebihal","article_publisher":"https:\/\/www.facebook.com\/ebihal","article_modified_time":"2025-03-30T09:35:44+00:00","og_image":[{"width":720,"height":720,"url":"https:\/\/www.ebihal.hu\/wp-content\/uploads\/2023\/10\/018_60mm.png","type":"image\/png"}],"twitter_card":"summary_large_image","twitter_misc":{"Estimated reading time":"1 minute"},"schema":{"@context":"https:\/\/schema.org","@graph":[{"@type":"WebPage","@id":"https:\/\/www.ebihal.hu\/shop\/mucsali\/gumicsali\/saman\/lutka\/lutka-60\/siberian-shaman-lutka-szitakoto-larva-60mm-018\/","url":"https:\/\/www.ebihal.hu\/shop\/mucsali\/gumicsali\/saman\/lutka\/lutka-60\/siberian-shaman-lutka-szitakoto-larva-60mm-018\/","name":"Siberian Shaman Lutka szitak\u00f6t\u0151 l\u00e1rva 60mm 018 - Ebihal","isPartOf":{"@id":"https:\/\/www.ebihal.hu\/#website"},"primaryImageOfPage":{"@id":"https:\/\/www.ebihal.hu\/shop\/mucsali\/gumicsali\/saman\/lutka\/lutka-60\/siberian-shaman-lutka-szitakoto-larva-60mm-018\/#primaryimage"},"image":{"@id":"https:\/\/www.ebihal.hu\/shop\/mucsali\/gumicsali\/saman\/lutka\/lutka-60\/siberian-shaman-lutka-szitakoto-larva-60mm-018\/#primaryimage"},"thumbnailUrl":"https:\/\/www.ebihal.hu\/wp-content\/uploads\/2023\/10\/018_60mm.png","datePublished":"2023-10-13T15:51:36+00:00","dateModified":"2025-03-30T09:35:44+00:00","description":"Nagyon sz\u00edv\u00f3s, ugyanakkor rugalmas szilikon, l\u00e9nyegesen t\u00f6bb j\u00e1t\u00e9koss\u00e1g van a gumiban, mint m\u00e1s szitak\u00f6t\u0151 l\u00e1rv\u00e1kban. Siberian Shaman Lutka 018 sz\u00edn, 60 mm.","breadcrumb":{"@id":"https:\/\/www.ebihal.hu\/shop\/mucsali\/gumicsali\/saman\/lutka\/lutka-60\/siberian-shaman-lutka-szitakoto-larva-60mm-018\/#breadcrumb"},"inLanguage":"en-GB","potentialAction":[{"@type":"ReadAction","target":["https:\/\/www.ebihal.hu\/shop\/mucsali\/gumicsali\/saman\/lutka\/lutka-60\/siberian-shaman-lutka-szitakoto-larva-60mm-018\/"]}]},{"@type":"ImageObject","inLanguage":"en-GB","@id":"https:\/\/www.ebihal.hu\/shop\/mucsali\/gumicsali\/saman\/lutka\/lutka-60\/siberian-shaman-lutka-szitakoto-larva-60mm-018\/#primaryimage","url":"https:\/\/www.ebihal.hu\/wp-content\/uploads\/2023\/10\/018_60mm.png","contentUrl":"https:\/\/www.ebihal.hu\/wp-content\/uploads\/2023\/10\/018_60mm.png","width":720,"height":720,"caption":"Siberian Shaman Lutka 60 mm 018"},{"@type":"BreadcrumbList","@id":"https:\/\/www.ebihal.hu\/shop\/mucsali\/gumicsali\/saman\/lutka\/lutka-60\/siberian-shaman-lutka-szitakoto-larva-60mm-018\/#breadcrumb","itemListElement":[{"@type":"ListItem","position":1,"name":"Kezd\u0151lap","item":"https:\/\/www.ebihal.hu\/"},{"@type":"ListItem","position":2,"name":"M\u0171csali \u00e1ruh\u00e1z","item":"https:\/\/www.ebihal.hu\/"},{"@type":"ListItem","position":3,"name":"Siberian Shaman Lutka szitak\u00f6t\u0151 l\u00e1rva 60mm 018"}]},{"@type":"WebSite","@id":"https:\/\/www.ebihal.hu\/#website","url":"https:\/\/www.ebihal.hu\/","name":"Ebihal","description":"Fish &amp; Jigs","publisher":{"@id":"https:\/\/www.ebihal.hu\/#organization"},"potentialAction":[{"@type":"SearchAction","target":{"@type":"EntryPoint","urlTemplate":"https:\/\/www.ebihal.hu\/?s={search_term_string}"},"query-input":{"@type":"PropertyValueSpecification","valueRequired":true,"valueName":"search_term_string"}}],"inLanguage":"en-GB"},{"@type":"Organization","@id":"https:\/\/www.ebihal.hu\/#organization","name":"Bir\u00f3 Csaba egy\u00e9ni v\u00e1llalkoz\u00f3","url":"https:\/\/www.ebihal.hu\/","logo":{"@type":"ImageObject","inLanguage":"en-GB","@id":"https:\/\/www.ebihal.hu\/#\/schema\/logo\/image\/","url":"https:\/\/www.ebihal.hu\/wp-content\/uploads\/2021\/02\/brand_logo_mini.png","contentUrl":"https:\/\/www.ebihal.hu\/wp-content\/uploads\/2021\/02\/brand_logo_mini.png","width":300,"height":300,"caption":"Bir\u00f3 Csaba egy\u00e9ni v\u00e1llalkoz\u00f3"},"image":{"@id":"https:\/\/www.ebihal.hu\/#\/schema\/logo\/image\/"},"sameAs":["https:\/\/www.facebook.com\/ebihal"]}]}},"_links":{"self":[{"href":"https:\/\/www.ebihal.hu\/en\/wp-json\/wp\/v2\/product\/10367","targetHints":{"allow":["GET"]}}],"collection":[{"href":"https:\/\/www.ebihal.hu\/en\/wp-json\/wp\/v2\/product"}],"about":[{"href":"https:\/\/www.ebihal.hu\/en\/wp-json\/wp\/v2\/types\/product"}],"replies":[{"embeddable":true,"href":"https:\/\/www.ebihal.hu\/en\/wp-json\/wp\/v2\/comments?post=10367"}],"wp:featuredmedia":[{"embeddable":true,"href":"https:\/\/www.ebihal.hu\/en\/wp-json\/wp\/v2\/media\/10369"}],"wp:attachment":[{"href":"https:\/\/www.ebihal.hu\/en\/wp-json\/wp\/v2\/media?parent=10367"}],"wp:term":[{"taxonomy":"product_cat","embeddable":true,"href":"https:\/\/www.ebihal.hu\/en\/wp-json\/wp\/v2\/product_cat?post=10367"},{"taxonomy":"product_tag","embeddable":true,"href":"https:\/\/www.ebihal.hu\/en\/wp-json\/wp\/v2\/product_tag?post=10367"}],"curies":[{"name":"wp","href":"https:\/\/api.w.org\/{rel}","templated":true}]}}