{"id":692,"date":"2021-01-22T17:30:20","date_gmt":"2021-01-22T17:30:20","guid":{"rendered":""},"modified":"2025-04-09T06:45:15","modified_gmt":"2025-04-09T05:45:15","slug":"fizetes","status":"publish","type":"page","link":"https:\/\/www.ebihal.hu\/en\/fizetes\/","title":{"rendered":"Payment"},"content":{"rendered":"<p>Weboldalunkon a fizet\u00e9si megold\u00e1sok szinte teljes v\u00e1laszt\u00e9ka el\u00e9rhet\u0151. Magyarorsz\u00e1gi v\u00e1s\u00e1rl\u00f3ink sz\u00e1m\u00e1ra mindannyi hozz\u00e1f\u00e9rhet\u0151, k\u00fclf\u00f6ldi rendel\u00e9sek eset\u00e9n a lehet\u0151s\u00e9gek &#8211; a f\u00f6ldrajzi t\u00e1vols\u00e1g \u00e9s az elt\u00e9r\u0151 fizet\u00e9si szok\u00e1sok ok\u00e1n &#8211; korl\u00e1tozottak.<\/p>\r\n\r\n\r\n<!--<p><strong>K\u00e9szp\u00e9nz<\/strong><br \/>Azon v\u00e1s\u00e1rl\u00f3inknak aj\u00e1nljuk ezt a k\u00f6lts\u00e9gk\u00edm\u00e9l\u0151 megold\u00e1st, akik szem\u00e9lyesen be tudnak f\u00e1radni a sz\u00e9khely\u00fcnkre a rendel\u00e9s\u00fck\u00e9rt. P\u00e9nzv\u00e1lt\u00e1sra nincs m\u00f3dunk, mivel \u00fczletet nem tartunk fenn, k\u00e9rj\u00fck, hogy viszonylag pontos \u00f6sszeggel  \u00e9rkezzenek.<\/p>-->\r\n\r\n<hr \/>\r\n\r\n\r\n<p><strong>Bank Transfer<\/strong><br \/>It is also possible to pay the purchase price by direct money transfer. By choosing this option the buyer undertakes to pay any fees charged by his account holder bank. The data required for the bank transfer will be published in the confirmation of the order and in the FEE REQUEST issued and attached thereafter, as well as here:<\/p>\r\n\r\n\r\n\r\n<p>Beneficiary's account number:<\/p>\r\n\r\n\r\n\r\n<p>Bir\u00f3 Csaba <strong>10409015-50505654-50571008<\/strong><\/p>\r\n\r\n\r\n\r\n<p>After the amount specified in the fee request has been received, we will ensure that the order is delivered to the recipient's delivery address as soon as possible.<\/p>\r\n\r\n\r\n<hr \/>\r\n\r\n\r\n<p><strong>C.O.D.<\/strong><br \/>Only available in Hungary.<\/p>\r\n\r\n\r\n<hr \/>\r\n<p><strong>Payment by credit card<\/strong><\/p>\r\n<p>Credit card payment option means maximum security for our customers, as we process payments through one of the largest service providers in Hungary. Credit card payment is free of charge for the customer!<\/p>\r\n<!-- \/wp:post-content -->\r\n\r\n<!-- wp:image {\"id\":693,\"sizeSlug\":\"large\",\"linkDestination\":\"media\"} -->\r\n<figure class=\"wp-block-image size-large\"><a href=\"https:\/\/www.ebihal.hu\/wp-content\/uploads\/2021\/01\/barion-card-payment.png\"><img loading=\"lazy\" decoding=\"async\" width=\"1024\" height=\"124\" class=\"wp-image-693\" src=\"https:\/\/www.ebihal.hu\/wp-content\/uploads\/2021\/01\/barion-card-payment-1024x124.png\" alt=\"\" srcset=\"https:\/\/www.ebihal.hu\/wp-content\/uploads\/2021\/01\/barion-card-payment-1024x124.png 1024w, https:\/\/www.ebihal.hu\/wp-content\/uploads\/2021\/01\/barion-card-payment-600x73.png 600w, https:\/\/www.ebihal.hu\/wp-content\/uploads\/2021\/01\/barion-card-payment-64x8.png 64w, https:\/\/www.ebihal.hu\/wp-content\/uploads\/2021\/01\/barion-card-payment-300x36.png 300w, https:\/\/www.ebihal.hu\/wp-content\/uploads\/2021\/01\/barion-card-payment-768x93.png 768w, https:\/\/www.ebihal.hu\/wp-content\/uploads\/2021\/01\/barion-card-payment-16x2.png 16w, https:\/\/www.ebihal.hu\/wp-content\/uploads\/2021\/01\/barion-card-payment.png 1198w\" sizes=\"auto, (max-width: 1024px) 100vw, 1024px\" \/><\/a><\/figure>\r\n<!-- \/wp:image -->\r\n\r\n<!-- wp:html --><hr \/><!-- \/wp:html -->\r\n\r\n<!-- wp:paragraph -->\r\n<p><strong>Paypal<\/strong><\/p>\r\n<!-- \/wp:paragraph -->\r\n\r\n<!-- wp:media-text {\"mediaId\":694,\"mediaType\":\"image\",\"mediaWidth\":16,\"verticalAlignment\":\"top\"} -->\r\n<div class=\"wp-block-media-text alignwide is-stacked-on-mobile is-vertically-aligned-top\" style=\"grid-template-columns: 16% auto;\">\r\n<figure class=\"wp-block-media-text__media\"><a href=\"https:\/\/www.paypal.com\"><img loading=\"lazy\" decoding=\"async\" width=\"1024\" height=\"1024\" class=\"wp-image-694 size-full\" src=\"https:\/\/www.ebihal.hu\/wp-content\/uploads\/2021\/01\/paypal-1024x1024.png\" alt=\"Paypal\" srcset=\"https:\/\/www.ebihal.hu\/wp-content\/uploads\/2021\/01\/paypal-1024x1024.png 1024w, https:\/\/www.ebihal.hu\/wp-content\/uploads\/2021\/01\/paypal-300x300.png 300w, https:\/\/www.ebihal.hu\/wp-content\/uploads\/2021\/01\/paypal-100x100.png 100w, https:\/\/www.ebihal.hu\/wp-content\/uploads\/2021\/01\/paypal-600x600.png 600w, https:\/\/www.ebihal.hu\/wp-content\/uploads\/2021\/01\/paypal-64x64.png 64w, https:\/\/www.ebihal.hu\/wp-content\/uploads\/2021\/01\/paypal-150x150.png 150w, https:\/\/www.ebihal.hu\/wp-content\/uploads\/2021\/01\/paypal-768x768.png 768w, https:\/\/www.ebihal.hu\/wp-content\/uploads\/2021\/01\/paypal-12x12.png 12w, https:\/\/www.ebihal.hu\/wp-content\/uploads\/2021\/01\/paypal-512x512.png 512w, https:\/\/www.ebihal.hu\/wp-content\/uploads\/2021\/01\/paypal-420x420.png 420w, https:\/\/www.ebihal.hu\/wp-content\/uploads\/2021\/01\/paypal-75x75.png 75w, https:\/\/www.ebihal.hu\/wp-content\/uploads\/2021\/01\/paypal-460x460.png 460w, https:\/\/www.ebihal.hu\/wp-content\/uploads\/2021\/01\/paypal.png 1200w\" sizes=\"auto, (max-width: 1024px) 100vw, 1024px\" \/><\/a><\/figure>\r\n<div class=\"wp-block-media-text__content\"><!-- wp:paragraph {\"placeholder\":\"Content\u2026\"} -->\r\n<p>K\u00fclf\u00f6ldi v\u00e1s\u00e1rl\u00f3ink k\u00e9nyelme \u00e9rdek\u00e9ben biztos\u00edtjuk a Paypal fizet\u00e9si megold\u00e1st. Mivel a Paypalon kereszt\u00fcli nemzetk\u00f6zi utal\u00e1sok d\u00edjmentesek a vev\u0151k r\u00e9sz\u00e9re, illetve a vev\u0151v\u00e9delme is rendk\u00edv\u00fcl er\u0151s, ez\u00e9rt is lehet a Paypal a legn\u00e9pszer\u0171bb fizet\u00e9si rendszer szerte a vil\u00e1gon.<\/p>\r\n<\/div>\r\n<\/div>\r\n<!-- \/wp:paragraph -->","protected":false},"excerpt":{"rendered":"<p>Weboldalunkon a fizet\u00e9si megold\u00e1sok szinte teljes v\u00e1laszt\u00e9ka el\u00e9rhet\u0151. Magyarorsz\u00e1gi v\u00e1s\u00e1rl\u00f3ink sz\u00e1m\u00e1ra mindannyi hozz\u00e1f\u00e9rhet\u0151, k\u00fclf\u00f6ldi rendel\u00e9sek eset\u00e9n a lehet\u0151s\u00e9gek &#8211; a f\u00f6ldrajzi t\u00e1vols\u00e1g \u00e9s az elt\u00e9r\u0151 fizet\u00e9si szok\u00e1sok ok\u00e1n &#8211; korl\u00e1tozottak. Banki \u00e1tutal\u00e1sLehet\u0151s\u00e9g van k\u00f6zvetlen p\u00e9nz\u00e1tutal\u00e1ssal is megfizetni a v\u00e9tel\u00e1rat. Ezen lehet\u0151s\u00e9g v\u00e1laszt\u00e1sa sor\u00e1n a v\u00e1s\u00e1rl\u00f3 v\u00e1llalja az esetlegesen keletkez\u0151 sz\u00e1mlavezet\u0151&hellip; <\/p>","protected":false},"author":1,"featured_media":0,"parent":0,"menu_order":0,"comment_status":"closed","ping_status":"closed","template":"","meta":{"footnotes":""},"class_list":["post-692","page","type-page","status-publish","hentry"],"yoast_head":"<!-- This site is optimized with the Yoast SEO plugin v27.4 - https:\/\/yoast.com\/product\/yoast-seo-wordpress\/ -->\n<title>Fizet\u00e9s - Ebihal<\/title>\n<meta name=\"robots\" content=\"index, follow, max-snippet:-1, max-image-preview:large, max-video-preview:-1\" \/>\n<link rel=\"canonical\" href=\"https:\/\/www.ebihal.hu\/en\/fizetes\/\" \/>\n<meta property=\"og:locale\" content=\"en_GB\" \/>\n<meta property=\"og:type\" content=\"article\" \/>\n<meta property=\"og:title\" content=\"Fizet\u00e9s - Ebihal\" \/>\n<meta property=\"og:description\" content=\"Weboldalunkon a fizet\u00e9si megold\u00e1sok szinte teljes v\u00e1laszt\u00e9ka el\u00e9rhet\u0151. Magyarorsz\u00e1gi v\u00e1s\u00e1rl\u00f3ink sz\u00e1m\u00e1ra mindannyi hozz\u00e1f\u00e9rhet\u0151, k\u00fclf\u00f6ldi rendel\u00e9sek eset\u00e9n a lehet\u0151s\u00e9gek &#8211; a f\u00f6ldrajzi t\u00e1vols\u00e1g \u00e9s az elt\u00e9r\u0151 fizet\u00e9si szok\u00e1sok ok\u00e1n &#8211; korl\u00e1tozottak. Banki \u00e1tutal\u00e1sLehet\u0151s\u00e9g van k\u00f6zvetlen p\u00e9nz\u00e1tutal\u00e1ssal is megfizetni a v\u00e9tel\u00e1rat. Ezen lehet\u0151s\u00e9g v\u00e1laszt\u00e1sa sor\u00e1n a v\u00e1s\u00e1rl\u00f3 v\u00e1llalja az esetlegesen keletkez\u0151 sz\u00e1mlavezet\u0151&hellip;\" \/>\n<meta property=\"og:url\" content=\"https:\/\/www.ebihal.hu\/en\/fizetes\/\" \/>\n<meta property=\"og:site_name\" content=\"Ebihal\" \/>\n<meta property=\"article:publisher\" content=\"https:\/\/www.facebook.com\/ebihal\" \/>\n<meta property=\"article:modified_time\" content=\"2025-04-09T05:45:15+00:00\" \/>\n<meta property=\"og:image\" content=\"https:\/\/www.ebihal.hu\/wp-content\/uploads\/2021\/01\/barion-card-payment.png\" \/>\n\t<meta property=\"og:image:width\" content=\"1198\" \/>\n\t<meta property=\"og:image:height\" content=\"145\" \/>\n\t<meta property=\"og:image:type\" content=\"image\/png\" \/>\n<meta name=\"twitter:card\" content=\"summary_large_image\" \/>\n<meta name=\"twitter:label1\" content=\"Estimated reading time\" \/>\n\t<meta name=\"twitter:data1\" content=\"2 minutes\" \/>\n<script type=\"application\/ld+json\" class=\"yoast-schema-graph\">{\"@context\":\"https:\\\/\\\/schema.org\",\"@graph\":[{\"@type\":\"WebPage\",\"@id\":\"https:\\\/\\\/www.ebihal.hu\\\/fizetes\\\/\",\"url\":\"https:\\\/\\\/www.ebihal.hu\\\/fizetes\\\/\",\"name\":\"Fizet\u00e9s - Ebihal\",\"isPartOf\":{\"@id\":\"https:\\\/\\\/www.ebihal.hu\\\/#website\"},\"primaryImageOfPage\":{\"@id\":\"https:\\\/\\\/www.ebihal.hu\\\/fizetes\\\/#primaryimage\"},\"image\":{\"@id\":\"https:\\\/\\\/www.ebihal.hu\\\/fizetes\\\/#primaryimage\"},\"thumbnailUrl\":\"https:\\\/\\\/www.ebihal.hu\\\/wp-content\\\/uploads\\\/2021\\\/01\\\/barion-card-payment-1024x124.png\",\"datePublished\":\"2021-01-22T17:30:20+00:00\",\"dateModified\":\"2025-04-09T05:45:15+00:00\",\"breadcrumb\":{\"@id\":\"https:\\\/\\\/www.ebihal.hu\\\/fizetes\\\/#breadcrumb\"},\"inLanguage\":\"en-GB\",\"potentialAction\":[{\"@type\":\"ReadAction\",\"target\":[\"https:\\\/\\\/www.ebihal.hu\\\/fizetes\\\/\"]}]},{\"@type\":\"ImageObject\",\"inLanguage\":\"en-GB\",\"@id\":\"https:\\\/\\\/www.ebihal.hu\\\/fizetes\\\/#primaryimage\",\"url\":\"https:\\\/\\\/www.ebihal.hu\\\/wp-content\\\/uploads\\\/2021\\\/01\\\/barion-card-payment-1024x124.png\",\"contentUrl\":\"https:\\\/\\\/www.ebihal.hu\\\/wp-content\\\/uploads\\\/2021\\\/01\\\/barion-card-payment-1024x124.png\"},{\"@type\":\"BreadcrumbList\",\"@id\":\"https:\\\/\\\/www.ebihal.hu\\\/fizetes\\\/#breadcrumb\",\"itemListElement\":[{\"@type\":\"ListItem\",\"position\":1,\"name\":\"Kezd\u0151lap\",\"item\":\"https:\\\/\\\/www.ebihal.hu\\\/\"},{\"@type\":\"ListItem\",\"position\":2,\"name\":\"Fizet\u00e9s\"}]},{\"@type\":\"WebSite\",\"@id\":\"https:\\\/\\\/www.ebihal.hu\\\/#website\",\"url\":\"https:\\\/\\\/www.ebihal.hu\\\/\",\"name\":\"Ebihal\",\"description\":\"Fish &amp; Jigs\",\"publisher\":{\"@id\":\"https:\\\/\\\/www.ebihal.hu\\\/#organization\"},\"potentialAction\":[{\"@type\":\"SearchAction\",\"target\":{\"@type\":\"EntryPoint\",\"urlTemplate\":\"https:\\\/\\\/www.ebihal.hu\\\/?s={search_term_string}\"},\"query-input\":{\"@type\":\"PropertyValueSpecification\",\"valueRequired\":true,\"valueName\":\"search_term_string\"}}],\"inLanguage\":\"en-GB\"},{\"@type\":\"Organization\",\"@id\":\"https:\\\/\\\/www.ebihal.hu\\\/#organization\",\"name\":\"Bir\u00f3 Csaba egy\u00e9ni v\u00e1llalkoz\u00f3\",\"url\":\"https:\\\/\\\/www.ebihal.hu\\\/\",\"logo\":{\"@type\":\"ImageObject\",\"inLanguage\":\"en-GB\",\"@id\":\"https:\\\/\\\/www.ebihal.hu\\\/#\\\/schema\\\/logo\\\/image\\\/\",\"url\":\"https:\\\/\\\/www.ebihal.hu\\\/wp-content\\\/uploads\\\/2021\\\/02\\\/brand_logo_mini.png\",\"contentUrl\":\"https:\\\/\\\/www.ebihal.hu\\\/wp-content\\\/uploads\\\/2021\\\/02\\\/brand_logo_mini.png\",\"width\":300,\"height\":300,\"caption\":\"Bir\u00f3 Csaba egy\u00e9ni v\u00e1llalkoz\u00f3\"},\"image\":{\"@id\":\"https:\\\/\\\/www.ebihal.hu\\\/#\\\/schema\\\/logo\\\/image\\\/\"},\"sameAs\":[\"https:\\\/\\\/www.facebook.com\\\/ebihal\"]}]}<\/script>\n<!-- \/ Yoast SEO plugin. -->","yoast_head_json":{"title":"Fizet\u00e9s - Ebihal","robots":{"index":"index","follow":"follow","max-snippet":"max-snippet:-1","max-image-preview":"max-image-preview:large","max-video-preview":"max-video-preview:-1"},"canonical":"https:\/\/www.ebihal.hu\/en\/fizetes\/","og_locale":"en_GB","og_type":"article","og_title":"Fizet\u00e9s - Ebihal","og_description":"Weboldalunkon a fizet\u00e9si megold\u00e1sok szinte teljes v\u00e1laszt\u00e9ka el\u00e9rhet\u0151. Magyarorsz\u00e1gi v\u00e1s\u00e1rl\u00f3ink sz\u00e1m\u00e1ra mindannyi hozz\u00e1f\u00e9rhet\u0151, k\u00fclf\u00f6ldi rendel\u00e9sek eset\u00e9n a lehet\u0151s\u00e9gek &#8211; a f\u00f6ldrajzi t\u00e1vols\u00e1g \u00e9s az elt\u00e9r\u0151 fizet\u00e9si szok\u00e1sok ok\u00e1n &#8211; korl\u00e1tozottak. Banki \u00e1tutal\u00e1sLehet\u0151s\u00e9g van k\u00f6zvetlen p\u00e9nz\u00e1tutal\u00e1ssal is megfizetni a v\u00e9tel\u00e1rat. Ezen lehet\u0151s\u00e9g v\u00e1laszt\u00e1sa sor\u00e1n a v\u00e1s\u00e1rl\u00f3 v\u00e1llalja az esetlegesen keletkez\u0151 sz\u00e1mlavezet\u0151&hellip;","og_url":"https:\/\/www.ebihal.hu\/en\/fizetes\/","og_site_name":"Ebihal","article_publisher":"https:\/\/www.facebook.com\/ebihal","article_modified_time":"2025-04-09T05:45:15+00:00","og_image":[{"width":1198,"height":145,"url":"https:\/\/www.ebihal.hu\/wp-content\/uploads\/2021\/01\/barion-card-payment.png","type":"image\/png"}],"twitter_card":"summary_large_image","twitter_misc":{"Estimated reading time":"2 minutes"},"schema":{"@context":"https:\/\/schema.org","@graph":[{"@type":"WebPage","@id":"https:\/\/www.ebihal.hu\/fizetes\/","url":"https:\/\/www.ebihal.hu\/fizetes\/","name":"Fizet\u00e9s - Ebihal","isPartOf":{"@id":"https:\/\/www.ebihal.hu\/#website"},"primaryImageOfPage":{"@id":"https:\/\/www.ebihal.hu\/fizetes\/#primaryimage"},"image":{"@id":"https:\/\/www.ebihal.hu\/fizetes\/#primaryimage"},"thumbnailUrl":"https:\/\/www.ebihal.hu\/wp-content\/uploads\/2021\/01\/barion-card-payment-1024x124.png","datePublished":"2021-01-22T17:30:20+00:00","dateModified":"2025-04-09T05:45:15+00:00","breadcrumb":{"@id":"https:\/\/www.ebihal.hu\/fizetes\/#breadcrumb"},"inLanguage":"en-GB","potentialAction":[{"@type":"ReadAction","target":["https:\/\/www.ebihal.hu\/fizetes\/"]}]},{"@type":"ImageObject","inLanguage":"en-GB","@id":"https:\/\/www.ebihal.hu\/fizetes\/#primaryimage","url":"https:\/\/www.ebihal.hu\/wp-content\/uploads\/2021\/01\/barion-card-payment-1024x124.png","contentUrl":"https:\/\/www.ebihal.hu\/wp-content\/uploads\/2021\/01\/barion-card-payment-1024x124.png"},{"@type":"BreadcrumbList","@id":"https:\/\/www.ebihal.hu\/fizetes\/#breadcrumb","itemListElement":[{"@type":"ListItem","position":1,"name":"Kezd\u0151lap","item":"https:\/\/www.ebihal.hu\/"},{"@type":"ListItem","position":2,"name":"Fizet\u00e9s"}]},{"@type":"WebSite","@id":"https:\/\/www.ebihal.hu\/#website","url":"https:\/\/www.ebihal.hu\/","name":"Ebihal","description":"Fish &amp; Jigs","publisher":{"@id":"https:\/\/www.ebihal.hu\/#organization"},"potentialAction":[{"@type":"SearchAction","target":{"@type":"EntryPoint","urlTemplate":"https:\/\/www.ebihal.hu\/?s={search_term_string}"},"query-input":{"@type":"PropertyValueSpecification","valueRequired":true,"valueName":"search_term_string"}}],"inLanguage":"en-GB"},{"@type":"Organization","@id":"https:\/\/www.ebihal.hu\/#organization","name":"Bir\u00f3 Csaba egy\u00e9ni v\u00e1llalkoz\u00f3","url":"https:\/\/www.ebihal.hu\/","logo":{"@type":"ImageObject","inLanguage":"en-GB","@id":"https:\/\/www.ebihal.hu\/#\/schema\/logo\/image\/","url":"https:\/\/www.ebihal.hu\/wp-content\/uploads\/2021\/02\/brand_logo_mini.png","contentUrl":"https:\/\/www.ebihal.hu\/wp-content\/uploads\/2021\/02\/brand_logo_mini.png","width":300,"height":300,"caption":"Bir\u00f3 Csaba egy\u00e9ni v\u00e1llalkoz\u00f3"},"image":{"@id":"https:\/\/www.ebihal.hu\/#\/schema\/logo\/image\/"},"sameAs":["https:\/\/www.facebook.com\/ebihal"]}]}},"_links":{"self":[{"href":"https:\/\/www.ebihal.hu\/en\/wp-json\/wp\/v2\/pages\/692","targetHints":{"allow":["GET"]}}],"collection":[{"href":"https:\/\/www.ebihal.hu\/en\/wp-json\/wp\/v2\/pages"}],"about":[{"href":"https:\/\/www.ebihal.hu\/en\/wp-json\/wp\/v2\/types\/page"}],"author":[{"embeddable":true,"href":"https:\/\/www.ebihal.hu\/en\/wp-json\/wp\/v2\/users\/1"}],"replies":[{"embeddable":true,"href":"https:\/\/www.ebihal.hu\/en\/wp-json\/wp\/v2\/comments?post=692"}],"version-history":[{"count":6,"href":"https:\/\/www.ebihal.hu\/en\/wp-json\/wp\/v2\/pages\/692\/revisions"}],"predecessor-version":[{"id":12812,"href":"https:\/\/www.ebihal.hu\/en\/wp-json\/wp\/v2\/pages\/692\/revisions\/12812"}],"wp:attachment":[{"href":"https:\/\/www.ebihal.hu\/en\/wp-json\/wp\/v2\/media?parent=692"}],"curies":[{"name":"wp","href":"https:\/\/api.w.org\/{rel}","templated":true}]}}