{"id":681,"date":"2021-01-22T15:59:00","date_gmt":"2021-01-22T15:59:00","guid":{"rendered":""},"modified":"2022-11-01T08:07:59","modified_gmt":"2022-11-01T07:07:59","slug":"vasarlasi_infok","status":"publish","type":"page","link":"https:\/\/www.ebihal.hu\/en\/vasarlasi_infok\/","title":{"rendered":"How to buy?"},"content":{"rendered":"<p>Thank you for your interest in our products.<br>Webshopunkban nem csak regisztr\u00e1lt felhaszn\u00e1l\u00f3k v\u00e1s\u00e1rolhatnak, vend\u00e9g v\u00e1s\u00e1rl\u00f3kat is fogadunk.<br>Please type your personal details correctly when ordering so that we can fulfil your order accurately!<br>Please order the product only if you need it and you can pay the purchase price.<\/p>\n\n\n\n<p><strong>Browse and select products<\/strong><\/p>\n\n\n\n<p>Customers can choose and order products from the web store. Click on the selected product to view its detailed description and parameters. If you intend to buy it, you can place the product you want to buy or its variant in a virtual BASKET by pressing the CART button. On the CART page you can check your order, the price and quantity of the selected products. You can change the latter as required by rewriting the ordered quantity and then click on the UPDATE CART button. The CART automatically calculates the amount of the order, but the delivery fee will only be added to the final amount after entering the CHECKOUT.<\/p>\n\n\n\n<p>The stock information of the products is reliable, however, technical and data recording errors may occur. In case of products ordered but not in stock, we will send a modified summary.  In case of ordered and paid products, we will refund the price of the unfulfilled item and at the same time we will send a modified invoice.<\/p>\n\n\n\n<p>You can suspend your order at any time, delete the products one by one. Products that have not been paid for but remain in the cart will remain there as long as your browser retains the web shop data or you empty your cart.<\/p>\n\n\n\n<p><strong>Pricing<\/strong><br>Our prices are list prices valid at the time of the order, which you can find in the web store on the products page clearly displayed.<\/p>\n\n\n\n<p class=\"translation-block\">The prices are gross prices in HUF (HUF) and do not include VAT, as our enterprise is not registered for VAT.<\/p>\n\n\n\n<p><strong>Product ordering process<\/strong><br>Once you have completed the ordering process, checked the total amount and type of products and decided that you would like to purchase them, you can express your intent by clicking the PAY button. After that, the system guides you through the purchase process, during which the buyer provides his personal data, the delivery address and selects the method of delivery and payment.<\/p>\n\n\n<p><strong>Registration<\/strong><br>A rendel\u00e9si folyamat sikeres lez\u00e1rult\u00e1val, email-c\u00edme visszaigazol\u00e1sa ut\u00e1n,&nbsp; \u00d6n regisztr\u00e1lt felhaszn\u00e1l\u00f3j\u00e1v\u00e1 v\u00e1lik webshopunknak, vagy vend\u00e9g st\u00e1tuszba l\u00e9p. Regisztr\u00e1ci\u00f3j\u00e1t b\u00e1rmikor t\u00f6r\u00f6lheti. Regisztr\u00e1ci\u00f3j\u00e1t v\u00e1s\u00e1rl\u00e1si k\u00e9nyszer n\u00e9lk\u00fcl is b\u00e1rmikor megteheti.<\/p>\n\n\n<p><strong>Confirmation of the order<\/strong><br>We will send an automatic confirmation of your order to your e-mail address informing you about the status of your order, listing the details of the products you have ordered and informing you about any further action. Depending on the payment and delivery method, the ordering process will continue or end with the confirmation of the order.<\/p>\n\n\n\n<p><strong>Fulfillment of the order<\/strong><br>If all the ordered products are in stock, we will deliver them to you in the appropriate way and on time, depending on the chosen method of payment and delivery.<\/p>\n\n\n\n<p><strong>Login<\/strong><br>N\/<br>In case your order requires clarification or some products are not in stock, our staff will contact you by e-mail about the order.<\/p>\n\n\n\n<p><strong>Profile<\/strong><br>In case you want to modify your personal data or you would like to see the earlier orders or you wish to use the comfort functions offered for our members, you can administrate your data on the PROFILE page.<\/p>","protected":false},"excerpt":{"rendered":"<p>K\u00f6sz\u00f6nj\u00fck, hogy \u00e9rdekl\u0151dik term\u00e9keink ir\u00e1nt.Webshopunkban nem csak regisztr\u00e1lt felhaszn\u00e1l\u00f3k v\u00e1s\u00e1rolhatnak, vend\u00e9g v\u00e1s\u00e1rl\u00f3kat is fogadunk.K\u00e9rj\u00fck, hogy a rendel\u00e9s sor\u00e1n adatait pontosan adja meg, hogy mi is pontosan teljes\u00edthess\u00fck megrendel\u00e9s\u00e9t!Csak abban az esetben rendelje meg a k\u00edv\u00e1nt term\u00e9ket, amennyiben sz\u00fcks\u00e9ge van r\u00e1, \u00e9s ki tudja fizetni annak v\u00e9tel\u00e1r\u00e1t. Term\u00e9kek b\u00f6ng\u00e9sz\u00e9se, kiv\u00e1laszt\u00e1sa A&hellip; <\/p>","protected":false},"author":1,"featured_media":0,"parent":0,"menu_order":0,"comment_status":"closed","ping_status":"closed","template":"","meta":{"footnotes":""},"class_list":["post-681","page","type-page","status-publish","hentry"],"yoast_head":"<!-- This site is optimized with the Yoast SEO plugin v27.4 - https:\/\/yoast.com\/product\/yoast-seo-wordpress\/ -->\n<title>V\u00e1s\u00e1rl\u00e1s - Ebihal<\/title>\n<meta name=\"robots\" content=\"index, follow, max-snippet:-1, max-image-preview:large, max-video-preview:-1\" \/>\n<link rel=\"canonical\" href=\"https:\/\/www.ebihal.hu\/en\/vasarlasi_infok\/\" \/>\n<meta property=\"og:locale\" content=\"en_GB\" \/>\n<meta property=\"og:type\" content=\"article\" \/>\n<meta property=\"og:title\" content=\"V\u00e1s\u00e1rl\u00e1s - Ebihal\" \/>\n<meta property=\"og:description\" content=\"K\u00f6sz\u00f6nj\u00fck, hogy \u00e9rdekl\u0151dik term\u00e9keink ir\u00e1nt.Webshopunkban nem csak regisztr\u00e1lt felhaszn\u00e1l\u00f3k v\u00e1s\u00e1rolhatnak, vend\u00e9g v\u00e1s\u00e1rl\u00f3kat is fogadunk.K\u00e9rj\u00fck, hogy a rendel\u00e9s sor\u00e1n adatait pontosan adja meg, hogy mi is pontosan teljes\u00edthess\u00fck megrendel\u00e9s\u00e9t!Csak abban az esetben rendelje meg a k\u00edv\u00e1nt term\u00e9ket, amennyiben sz\u00fcks\u00e9ge van r\u00e1, \u00e9s ki tudja fizetni annak v\u00e9tel\u00e1r\u00e1t. Term\u00e9kek b\u00f6ng\u00e9sz\u00e9se, kiv\u00e1laszt\u00e1sa A&hellip;\" \/>\n<meta property=\"og:url\" content=\"https:\/\/www.ebihal.hu\/en\/vasarlasi_infok\/\" \/>\n<meta property=\"og:site_name\" content=\"Ebihal\" \/>\n<meta property=\"article:publisher\" content=\"https:\/\/www.facebook.com\/ebihal\" \/>\n<meta property=\"article:modified_time\" content=\"2022-11-01T07:07:59+00:00\" \/>\n<meta name=\"twitter:card\" content=\"summary_large_image\" \/>\n<meta name=\"twitter:label1\" content=\"Estimated reading time\" \/>\n\t<meta name=\"twitter:data1\" content=\"4 minutes\" \/>\n<script type=\"application\/ld+json\" class=\"yoast-schema-graph\">{\"@context\":\"https:\\\/\\\/schema.org\",\"@graph\":[{\"@type\":\"WebPage\",\"@id\":\"https:\\\/\\\/www.ebihal.hu\\\/vasarlasi_infok\\\/\",\"url\":\"https:\\\/\\\/www.ebihal.hu\\\/vasarlasi_infok\\\/\",\"name\":\"V\u00e1s\u00e1rl\u00e1s - Ebihal\",\"isPartOf\":{\"@id\":\"https:\\\/\\\/www.ebihal.hu\\\/#website\"},\"datePublished\":\"2021-01-22T15:59:00+00:00\",\"dateModified\":\"2022-11-01T07:07:59+00:00\",\"breadcrumb\":{\"@id\":\"https:\\\/\\\/www.ebihal.hu\\\/vasarlasi_infok\\\/#breadcrumb\"},\"inLanguage\":\"en-GB\",\"potentialAction\":[{\"@type\":\"ReadAction\",\"target\":[\"https:\\\/\\\/www.ebihal.hu\\\/vasarlasi_infok\\\/\"]}]},{\"@type\":\"BreadcrumbList\",\"@id\":\"https:\\\/\\\/www.ebihal.hu\\\/vasarlasi_infok\\\/#breadcrumb\",\"itemListElement\":[{\"@type\":\"ListItem\",\"position\":1,\"name\":\"Kezd\u0151lap\",\"item\":\"https:\\\/\\\/www.ebihal.hu\\\/\"},{\"@type\":\"ListItem\",\"position\":2,\"name\":\"V\u00e1s\u00e1rl\u00e1s\"}]},{\"@type\":\"WebSite\",\"@id\":\"https:\\\/\\\/www.ebihal.hu\\\/#website\",\"url\":\"https:\\\/\\\/www.ebihal.hu\\\/\",\"name\":\"Ebihal\",\"description\":\"Fish &amp; Jigs\",\"publisher\":{\"@id\":\"https:\\\/\\\/www.ebihal.hu\\\/#organization\"},\"potentialAction\":[{\"@type\":\"SearchAction\",\"target\":{\"@type\":\"EntryPoint\",\"urlTemplate\":\"https:\\\/\\\/www.ebihal.hu\\\/?s={search_term_string}\"},\"query-input\":{\"@type\":\"PropertyValueSpecification\",\"valueRequired\":true,\"valueName\":\"search_term_string\"}}],\"inLanguage\":\"en-GB\"},{\"@type\":\"Organization\",\"@id\":\"https:\\\/\\\/www.ebihal.hu\\\/#organization\",\"name\":\"Bir\u00f3 Csaba egy\u00e9ni v\u00e1llalkoz\u00f3\",\"url\":\"https:\\\/\\\/www.ebihal.hu\\\/\",\"logo\":{\"@type\":\"ImageObject\",\"inLanguage\":\"en-GB\",\"@id\":\"https:\\\/\\\/www.ebihal.hu\\\/#\\\/schema\\\/logo\\\/image\\\/\",\"url\":\"https:\\\/\\\/www.ebihal.hu\\\/wp-content\\\/uploads\\\/2021\\\/02\\\/brand_logo_mini.png\",\"contentUrl\":\"https:\\\/\\\/www.ebihal.hu\\\/wp-content\\\/uploads\\\/2021\\\/02\\\/brand_logo_mini.png\",\"width\":300,\"height\":300,\"caption\":\"Bir\u00f3 Csaba egy\u00e9ni v\u00e1llalkoz\u00f3\"},\"image\":{\"@id\":\"https:\\\/\\\/www.ebihal.hu\\\/#\\\/schema\\\/logo\\\/image\\\/\"},\"sameAs\":[\"https:\\\/\\\/www.facebook.com\\\/ebihal\"]}]}<\/script>\n<!-- \/ Yoast SEO plugin. -->","yoast_head_json":{"title":"V\u00e1s\u00e1rl\u00e1s - Ebihal","robots":{"index":"index","follow":"follow","max-snippet":"max-snippet:-1","max-image-preview":"max-image-preview:large","max-video-preview":"max-video-preview:-1"},"canonical":"https:\/\/www.ebihal.hu\/en\/vasarlasi_infok\/","og_locale":"en_GB","og_type":"article","og_title":"V\u00e1s\u00e1rl\u00e1s - Ebihal","og_description":"K\u00f6sz\u00f6nj\u00fck, hogy \u00e9rdekl\u0151dik term\u00e9keink ir\u00e1nt.Webshopunkban nem csak regisztr\u00e1lt felhaszn\u00e1l\u00f3k v\u00e1s\u00e1rolhatnak, vend\u00e9g v\u00e1s\u00e1rl\u00f3kat is fogadunk.K\u00e9rj\u00fck, hogy a rendel\u00e9s sor\u00e1n adatait pontosan adja meg, hogy mi is pontosan teljes\u00edthess\u00fck megrendel\u00e9s\u00e9t!Csak abban az esetben rendelje meg a k\u00edv\u00e1nt term\u00e9ket, amennyiben sz\u00fcks\u00e9ge van r\u00e1, \u00e9s ki tudja fizetni annak v\u00e9tel\u00e1r\u00e1t. Term\u00e9kek b\u00f6ng\u00e9sz\u00e9se, kiv\u00e1laszt\u00e1sa A&hellip;","og_url":"https:\/\/www.ebihal.hu\/en\/vasarlasi_infok\/","og_site_name":"Ebihal","article_publisher":"https:\/\/www.facebook.com\/ebihal","article_modified_time":"2022-11-01T07:07:59+00:00","twitter_card":"summary_large_image","twitter_misc":{"Estimated reading time":"4 minutes"},"schema":{"@context":"https:\/\/schema.org","@graph":[{"@type":"WebPage","@id":"https:\/\/www.ebihal.hu\/vasarlasi_infok\/","url":"https:\/\/www.ebihal.hu\/vasarlasi_infok\/","name":"V\u00e1s\u00e1rl\u00e1s - Ebihal","isPartOf":{"@id":"https:\/\/www.ebihal.hu\/#website"},"datePublished":"2021-01-22T15:59:00+00:00","dateModified":"2022-11-01T07:07:59+00:00","breadcrumb":{"@id":"https:\/\/www.ebihal.hu\/vasarlasi_infok\/#breadcrumb"},"inLanguage":"en-GB","potentialAction":[{"@type":"ReadAction","target":["https:\/\/www.ebihal.hu\/vasarlasi_infok\/"]}]},{"@type":"BreadcrumbList","@id":"https:\/\/www.ebihal.hu\/vasarlasi_infok\/#breadcrumb","itemListElement":[{"@type":"ListItem","position":1,"name":"Kezd\u0151lap","item":"https:\/\/www.ebihal.hu\/"},{"@type":"ListItem","position":2,"name":"V\u00e1s\u00e1rl\u00e1s"}]},{"@type":"WebSite","@id":"https:\/\/www.ebihal.hu\/#website","url":"https:\/\/www.ebihal.hu\/","name":"Ebihal","description":"Fish &amp; Jigs","publisher":{"@id":"https:\/\/www.ebihal.hu\/#organization"},"potentialAction":[{"@type":"SearchAction","target":{"@type":"EntryPoint","urlTemplate":"https:\/\/www.ebihal.hu\/?s={search_term_string}"},"query-input":{"@type":"PropertyValueSpecification","valueRequired":true,"valueName":"search_term_string"}}],"inLanguage":"en-GB"},{"@type":"Organization","@id":"https:\/\/www.ebihal.hu\/#organization","name":"Bir\u00f3 Csaba egy\u00e9ni v\u00e1llalkoz\u00f3","url":"https:\/\/www.ebihal.hu\/","logo":{"@type":"ImageObject","inLanguage":"en-GB","@id":"https:\/\/www.ebihal.hu\/#\/schema\/logo\/image\/","url":"https:\/\/www.ebihal.hu\/wp-content\/uploads\/2021\/02\/brand_logo_mini.png","contentUrl":"https:\/\/www.ebihal.hu\/wp-content\/uploads\/2021\/02\/brand_logo_mini.png","width":300,"height":300,"caption":"Bir\u00f3 Csaba egy\u00e9ni v\u00e1llalkoz\u00f3"},"image":{"@id":"https:\/\/www.ebihal.hu\/#\/schema\/logo\/image\/"},"sameAs":["https:\/\/www.facebook.com\/ebihal"]}]}},"_links":{"self":[{"href":"https:\/\/www.ebihal.hu\/en\/wp-json\/wp\/v2\/pages\/681","targetHints":{"allow":["GET"]}}],"collection":[{"href":"https:\/\/www.ebihal.hu\/en\/wp-json\/wp\/v2\/pages"}],"about":[{"href":"https:\/\/www.ebihal.hu\/en\/wp-json\/wp\/v2\/types\/page"}],"author":[{"embeddable":true,"href":"https:\/\/www.ebihal.hu\/en\/wp-json\/wp\/v2\/users\/1"}],"replies":[{"embeddable":true,"href":"https:\/\/www.ebihal.hu\/en\/wp-json\/wp\/v2\/comments?post=681"}],"version-history":[{"count":1,"href":"https:\/\/www.ebihal.hu\/en\/wp-json\/wp\/v2\/pages\/681\/revisions"}],"predecessor-version":[{"id":8195,"href":"https:\/\/www.ebihal.hu\/en\/wp-json\/wp\/v2\/pages\/681\/revisions\/8195"}],"wp:attachment":[{"href":"https:\/\/www.ebihal.hu\/en\/wp-json\/wp\/v2\/media?parent=681"}],"curies":[{"name":"wp","href":"https:\/\/api.w.org\/{rel}","templated":true}]}}