{"id":53,"date":"2019-04-18T11:16:34","date_gmt":"2019-04-18T11:16:34","guid":{"rendered":"<h3>Az Ebihal sz\u00fclet\u00e9se<\/h3>\n<p><a href=\"https:\/\/www.ebihal.hu\/wp-content\/uploads\/2021\/02\/kivagyok.jpg\"><img class=\" wp-image-1837 alignleft\" style=\"margin-top: 0;\" src=\"https:\/\/www.ebihal.hu\/wp-content\/uploads\/2021\/02\/kivagyok-275x300.jpg\" alt=\"\u00c9n vo"},"modified":"2021-03-09T14:26:32","modified_gmt":"2021-03-09T13:26:32","slug":"about-us","status":"publish","type":"page","link":"https:\/\/www.ebihal.hu\/en\/about-us\/","title":{"rendered":"About us"},"content":{"rendered":"<h3>The birth of Ebihal<\/h3>\n<p><a href=\"https:\/\/www.ebihal.hu\/wp-content\/uploads\/2021\/02\/kivagyok.jpg\"><img loading=\"lazy\" decoding=\"async\" class=\"wp-image-1837 alignleft\" style=\"margin-top: 0;\" src=\"https:\/\/www.ebihal.hu\/wp-content\/uploads\/2021\/02\/kivagyok-275x300.jpg\" alt=\"\u00c9n voln\u00e9k meg a balint\" width=\"270\" height=\"294\" \/><\/a>I have been fishing since I was 4 years old. At the age of 8 I fell in love with spinning, then came two decades of fly fishing and I got back to my favourite passion again a few years ago.<\/p>\n<p>In the evenings I put my bait boxes on my lap and look at the soft lures and hard baits one by one. Every week I order some exotic lures from some exotic countries and I am always waiting excitedly to throw with them.<\/p>\n<p>Many of them are barely or not at all known in Hungary. I have decided to show them to my fellow anglers.<\/p>\n<p>So I opened the Ebihal web shop and placed the focus of procurement to east of us but not the Far East (!) <strong>Ebihalat<\/strong>.<\/p>\n<p>This world is particularly attractive for me in a cultural sense - I studied at a university in Poland and became a lover of Kiev a few years ago. The melancholy of the Ukrainian and Russian people makes me feel strangely nostalgic, maybe my childhood feelings come to life when I am among them. And among their rubber boots.<\/p>\n<p>It is a strange feeling that with no exception all my products are brought from the countries of the former Soviet era. I recall my teenage years when we were daydreaming about Western stuff but at least Germina. Now I am looking at east and live and die for Russian, Bulgarian, Romanian stuff. I wouldn\u2019t have thought 40 years ago that my life would take such turns.<\/p>\n<p>My family\u2019s forgiving love accompanies me on my journey.<\/p>\n<h4>It pulls my heart home<\/h4>\n<p>So, I became committed to the East but of course I consider important to get to know and represent the flourishing Hungarian handicraft culture. <strong>Therefore, hopefully Hungarian baits and spinning accessories will be present in increasing numbers on Ebihal<\/strong> .<\/p>\n<p>Moreover, my dream is that one day the shelves of Ebihal will have ONLY and exclusively products from Hungarian manufacturers.<\/p>\n<p>To reach this I am waiting for the application of Hungarian craftsmen. I will happily make room for their products.<\/p>\n<p>Thanks for reading it!<\/p>\n\n\n<figure class=\"wp-block-image size-large is-resized\"><a href=\"https:\/\/www.ebihal.hu\/wp-content\/uploads\/2021\/03\/ebi_signo.png\"><img loading=\"lazy\" decoding=\"async\" src=\"https:\/\/www.ebihal.hu\/wp-content\/uploads\/2021\/03\/ebi_signo.png\" alt=\"Bir\u00f3 Csaba\" class=\"wp-image-2682\" width=\"211\" height=\"104\" srcset=\"https:\/\/www.ebihal.hu\/wp-content\/uploads\/2021\/03\/ebi_signo.png 340w, https:\/\/www.ebihal.hu\/wp-content\/uploads\/2021\/03\/ebi_signo-300x147.png 300w, https:\/\/www.ebihal.hu\/wp-content\/uploads\/2021\/03\/ebi_signo-16x8.png 16w\" sizes=\"auto, (max-width: 211px) 100vw, 211px\" \/><\/a><\/figure>","protected":false},"excerpt":{"rendered":"<p>Az Ebihal sz\u00fclet\u00e9se 4 \u00e9ves korom \u00f3ta \u00e1lland\u00f3an csak horg\u00e1szom. 8 \u00e9vesen beleszerettem a perget\u00e9sbe, majd j\u00f6tt k\u00e9t \u00e9vtized elvakult legyez\u00e9s, \u00e9s n\u00e9h\u00e1ny \u00e9ve visszatal\u00e1ltam legkedvesebb szenved\u00e9lyemhez. Est\u00e9nk\u00e9nt az \u00f6lembe veszem a csalis dobozaimat, \u00e9s egyes\u00e9vel szem\u00fcgyre veszem a gumikat, a wobikat. Minden h\u00e9ten rendelek valami egzotikus m\u0171csalit valamely egzotikus&hellip; <\/p>","protected":false},"author":1,"featured_media":0,"parent":0,"menu_order":0,"comment_status":"closed","ping_status":"closed","template":"","meta":{"footnotes":""},"class_list":["post-53","page","type-page","status-publish","hentry"],"yoast_head":"<!-- This site is optimized with the Yoast SEO plugin v27.4 - https:\/\/yoast.com\/product\/yoast-seo-wordpress\/ -->\n<title>Kik vagyunk? - Ebihal<\/title>\n<meta name=\"description\" content=\"Elk\u00f6telezett\u00a0 vagyok keletre, de nem utols\u00f3 sorban sz\u00edv\u00fcgyemnek tekintem a vir\u00e1gz\u00f3 hazai m\u0171csali-k\u00e9sz\u00edt\u0151 k\u00e9zm\u0171ves kult\u00fara k\u00e9pviselet\u00e9t is.\" \/>\n<meta name=\"robots\" content=\"index, follow, max-snippet:-1, max-image-preview:large, max-video-preview:-1\" \/>\n<link rel=\"canonical\" href=\"https:\/\/www.ebihal.hu\/en\/about-us\/\" \/>\n<meta property=\"og:locale\" content=\"en_GB\" \/>\n<meta property=\"og:type\" content=\"article\" \/>\n<meta property=\"og:title\" content=\"Kik vagyunk? - Ebihal\" \/>\n<meta property=\"og:description\" content=\"Elk\u00f6telezett\u00a0 vagyok keletre, de nem utols\u00f3 sorban sz\u00edv\u00fcgyemnek tekintem a vir\u00e1gz\u00f3 hazai m\u0171csali-k\u00e9sz\u00edt\u0151 k\u00e9zm\u0171ves kult\u00fara k\u00e9pviselet\u00e9t is.\" \/>\n<meta property=\"og:url\" content=\"https:\/\/www.ebihal.hu\/en\/about-us\/\" \/>\n<meta property=\"og:site_name\" content=\"Ebihal\" \/>\n<meta property=\"article:publisher\" content=\"https:\/\/www.facebook.com\/ebihal\" \/>\n<meta property=\"article:modified_time\" content=\"2021-03-09T13:26:32+00:00\" \/>\n<meta property=\"og:image\" content=\"https:\/\/www.ebihal.hu\/wp-content\/uploads\/2021\/02\/kivagyok-275x300.jpg\" \/>\n<meta name=\"twitter:card\" content=\"summary_large_image\" \/>\n<meta name=\"twitter:label1\" content=\"Estimated reading time\" \/>\n\t<meta name=\"twitter:data1\" content=\"2 minutes\" \/>\n<script type=\"application\/ld+json\" class=\"yoast-schema-graph\">{\"@context\":\"https:\\\/\\\/schema.org\",\"@graph\":[{\"@type\":\"WebPage\",\"@id\":\"https:\\\/\\\/www.ebihal.hu\\\/about-us\\\/\",\"url\":\"https:\\\/\\\/www.ebihal.hu\\\/about-us\\\/\",\"name\":\"Kik vagyunk? - Ebihal\",\"isPartOf\":{\"@id\":\"https:\\\/\\\/www.ebihal.hu\\\/#website\"},\"primaryImageOfPage\":{\"@id\":\"https:\\\/\\\/www.ebihal.hu\\\/about-us\\\/#primaryimage\"},\"image\":{\"@id\":\"https:\\\/\\\/www.ebihal.hu\\\/about-us\\\/#primaryimage\"},\"thumbnailUrl\":\"https:\\\/\\\/www.ebihal.hu\\\/wp-content\\\/uploads\\\/2021\\\/02\\\/kivagyok-275x300.jpg\",\"datePublished\":\"2019-04-18T11:16:34+00:00\",\"dateModified\":\"2021-03-09T13:26:32+00:00\",\"description\":\"Elk\u00f6telezett\u00a0 vagyok keletre, de nem utols\u00f3 sorban sz\u00edv\u00fcgyemnek tekintem a vir\u00e1gz\u00f3 hazai m\u0171csali-k\u00e9sz\u00edt\u0151 k\u00e9zm\u0171ves kult\u00fara k\u00e9pviselet\u00e9t is.\",\"breadcrumb\":{\"@id\":\"https:\\\/\\\/www.ebihal.hu\\\/about-us\\\/#breadcrumb\"},\"inLanguage\":\"en-GB\",\"potentialAction\":[{\"@type\":\"ReadAction\",\"target\":[\"https:\\\/\\\/www.ebihal.hu\\\/about-us\\\/\"]}]},{\"@type\":\"ImageObject\",\"inLanguage\":\"en-GB\",\"@id\":\"https:\\\/\\\/www.ebihal.hu\\\/about-us\\\/#primaryimage\",\"url\":\"https:\\\/\\\/www.ebihal.hu\\\/wp-content\\\/uploads\\\/2021\\\/02\\\/kivagyok-275x300.jpg\",\"contentUrl\":\"https:\\\/\\\/www.ebihal.hu\\\/wp-content\\\/uploads\\\/2021\\\/02\\\/kivagyok-275x300.jpg\"},{\"@type\":\"BreadcrumbList\",\"@id\":\"https:\\\/\\\/www.ebihal.hu\\\/about-us\\\/#breadcrumb\",\"itemListElement\":[{\"@type\":\"ListItem\",\"position\":1,\"name\":\"Kezd\u0151lap\",\"item\":\"https:\\\/\\\/www.ebihal.hu\\\/\"},{\"@type\":\"ListItem\",\"position\":2,\"name\":\"Kik vagyunk?\"}]},{\"@type\":\"WebSite\",\"@id\":\"https:\\\/\\\/www.ebihal.hu\\\/#website\",\"url\":\"https:\\\/\\\/www.ebihal.hu\\\/\",\"name\":\"Ebihal\",\"description\":\"Fish &amp; Jigs\",\"publisher\":{\"@id\":\"https:\\\/\\\/www.ebihal.hu\\\/#organization\"},\"potentialAction\":[{\"@type\":\"SearchAction\",\"target\":{\"@type\":\"EntryPoint\",\"urlTemplate\":\"https:\\\/\\\/www.ebihal.hu\\\/?s={search_term_string}\"},\"query-input\":{\"@type\":\"PropertyValueSpecification\",\"valueRequired\":true,\"valueName\":\"search_term_string\"}}],\"inLanguage\":\"en-GB\"},{\"@type\":\"Organization\",\"@id\":\"https:\\\/\\\/www.ebihal.hu\\\/#organization\",\"name\":\"Bir\u00f3 Csaba egy\u00e9ni v\u00e1llalkoz\u00f3\",\"url\":\"https:\\\/\\\/www.ebihal.hu\\\/\",\"logo\":{\"@type\":\"ImageObject\",\"inLanguage\":\"en-GB\",\"@id\":\"https:\\\/\\\/www.ebihal.hu\\\/#\\\/schema\\\/logo\\\/image\\\/\",\"url\":\"https:\\\/\\\/www.ebihal.hu\\\/wp-content\\\/uploads\\\/2021\\\/02\\\/brand_logo_mini.png\",\"contentUrl\":\"https:\\\/\\\/www.ebihal.hu\\\/wp-content\\\/uploads\\\/2021\\\/02\\\/brand_logo_mini.png\",\"width\":300,\"height\":300,\"caption\":\"Bir\u00f3 Csaba egy\u00e9ni v\u00e1llalkoz\u00f3\"},\"image\":{\"@id\":\"https:\\\/\\\/www.ebihal.hu\\\/#\\\/schema\\\/logo\\\/image\\\/\"},\"sameAs\":[\"https:\\\/\\\/www.facebook.com\\\/ebihal\"]}]}<\/script>\n<!-- \/ Yoast SEO plugin. -->","yoast_head_json":{"title":"Kik vagyunk? - Ebihal","description":"Elk\u00f6telezett\u00a0 vagyok keletre, de nem utols\u00f3 sorban sz\u00edv\u00fcgyemnek tekintem a vir\u00e1gz\u00f3 hazai m\u0171csali-k\u00e9sz\u00edt\u0151 k\u00e9zm\u0171ves kult\u00fara k\u00e9pviselet\u00e9t is.","robots":{"index":"index","follow":"follow","max-snippet":"max-snippet:-1","max-image-preview":"max-image-preview:large","max-video-preview":"max-video-preview:-1"},"canonical":"https:\/\/www.ebihal.hu\/en\/about-us\/","og_locale":"en_GB","og_type":"article","og_title":"Kik vagyunk? - Ebihal","og_description":"Elk\u00f6telezett\u00a0 vagyok keletre, de nem utols\u00f3 sorban sz\u00edv\u00fcgyemnek tekintem a vir\u00e1gz\u00f3 hazai m\u0171csali-k\u00e9sz\u00edt\u0151 k\u00e9zm\u0171ves kult\u00fara k\u00e9pviselet\u00e9t is.","og_url":"https:\/\/www.ebihal.hu\/en\/about-us\/","og_site_name":"Ebihal","article_publisher":"https:\/\/www.facebook.com\/ebihal","article_modified_time":"2021-03-09T13:26:32+00:00","og_image":[{"url":"https:\/\/www.ebihal.hu\/wp-content\/uploads\/2021\/02\/kivagyok-275x300.jpg","type":"","width":"","height":""}],"twitter_card":"summary_large_image","twitter_misc":{"Estimated reading time":"2 minutes"},"schema":{"@context":"https:\/\/schema.org","@graph":[{"@type":"WebPage","@id":"https:\/\/www.ebihal.hu\/about-us\/","url":"https:\/\/www.ebihal.hu\/about-us\/","name":"Kik vagyunk? - Ebihal","isPartOf":{"@id":"https:\/\/www.ebihal.hu\/#website"},"primaryImageOfPage":{"@id":"https:\/\/www.ebihal.hu\/about-us\/#primaryimage"},"image":{"@id":"https:\/\/www.ebihal.hu\/about-us\/#primaryimage"},"thumbnailUrl":"https:\/\/www.ebihal.hu\/wp-content\/uploads\/2021\/02\/kivagyok-275x300.jpg","datePublished":"2019-04-18T11:16:34+00:00","dateModified":"2021-03-09T13:26:32+00:00","description":"Elk\u00f6telezett\u00a0 vagyok keletre, de nem utols\u00f3 sorban sz\u00edv\u00fcgyemnek tekintem a vir\u00e1gz\u00f3 hazai m\u0171csali-k\u00e9sz\u00edt\u0151 k\u00e9zm\u0171ves kult\u00fara k\u00e9pviselet\u00e9t is.","breadcrumb":{"@id":"https:\/\/www.ebihal.hu\/about-us\/#breadcrumb"},"inLanguage":"en-GB","potentialAction":[{"@type":"ReadAction","target":["https:\/\/www.ebihal.hu\/about-us\/"]}]},{"@type":"ImageObject","inLanguage":"en-GB","@id":"https:\/\/www.ebihal.hu\/about-us\/#primaryimage","url":"https:\/\/www.ebihal.hu\/wp-content\/uploads\/2021\/02\/kivagyok-275x300.jpg","contentUrl":"https:\/\/www.ebihal.hu\/wp-content\/uploads\/2021\/02\/kivagyok-275x300.jpg"},{"@type":"BreadcrumbList","@id":"https:\/\/www.ebihal.hu\/about-us\/#breadcrumb","itemListElement":[{"@type":"ListItem","position":1,"name":"Kezd\u0151lap","item":"https:\/\/www.ebihal.hu\/"},{"@type":"ListItem","position":2,"name":"Kik vagyunk?"}]},{"@type":"WebSite","@id":"https:\/\/www.ebihal.hu\/#website","url":"https:\/\/www.ebihal.hu\/","name":"Ebihal","description":"Fish &amp; Jigs","publisher":{"@id":"https:\/\/www.ebihal.hu\/#organization"},"potentialAction":[{"@type":"SearchAction","target":{"@type":"EntryPoint","urlTemplate":"https:\/\/www.ebihal.hu\/?s={search_term_string}"},"query-input":{"@type":"PropertyValueSpecification","valueRequired":true,"valueName":"search_term_string"}}],"inLanguage":"en-GB"},{"@type":"Organization","@id":"https:\/\/www.ebihal.hu\/#organization","name":"Bir\u00f3 Csaba egy\u00e9ni v\u00e1llalkoz\u00f3","url":"https:\/\/www.ebihal.hu\/","logo":{"@type":"ImageObject","inLanguage":"en-GB","@id":"https:\/\/www.ebihal.hu\/#\/schema\/logo\/image\/","url":"https:\/\/www.ebihal.hu\/wp-content\/uploads\/2021\/02\/brand_logo_mini.png","contentUrl":"https:\/\/www.ebihal.hu\/wp-content\/uploads\/2021\/02\/brand_logo_mini.png","width":300,"height":300,"caption":"Bir\u00f3 Csaba egy\u00e9ni v\u00e1llalkoz\u00f3"},"image":{"@id":"https:\/\/www.ebihal.hu\/#\/schema\/logo\/image\/"},"sameAs":["https:\/\/www.facebook.com\/ebihal"]}]}},"_links":{"self":[{"href":"https:\/\/www.ebihal.hu\/en\/wp-json\/wp\/v2\/pages\/53","targetHints":{"allow":["GET"]}}],"collection":[{"href":"https:\/\/www.ebihal.hu\/en\/wp-json\/wp\/v2\/pages"}],"about":[{"href":"https:\/\/www.ebihal.hu\/en\/wp-json\/wp\/v2\/types\/page"}],"author":[{"embeddable":true,"href":"https:\/\/www.ebihal.hu\/en\/wp-json\/wp\/v2\/users\/1"}],"replies":[{"embeddable":true,"href":"https:\/\/www.ebihal.hu\/en\/wp-json\/wp\/v2\/comments?post=53"}],"version-history":[{"count":0,"href":"https:\/\/www.ebihal.hu\/en\/wp-json\/wp\/v2\/pages\/53\/revisions"}],"wp:attachment":[{"href":"https:\/\/www.ebihal.hu\/en\/wp-json\/wp\/v2\/media?parent=53"}],"curies":[{"name":"wp","href":"https:\/\/api.w.org\/{rel}","templated":true}]}}