{"id":3364,"date":"2021-03-29T17:55:07","date_gmt":"2021-03-29T16:55:07","guid":{"rendered":"https:\/\/www.ebihal.hu\/?page_id=3364"},"modified":"2021-03-29T18:19:09","modified_gmt":"2021-03-29T17:19:09","slug":"gumihal-plasztik-csali","status":"publish","type":"page","link":"https:\/\/www.ebihal.hu\/en\/gumihal-plasztik-csali\/","title":{"rendered":"Gumihal, plasztik csali"},"content":{"rendered":"\n<h2 class=\"wp-block-heading\">A gumihal dics\u00e9rete<\/h2>\n\n\n\n<p>Hihetetlen n\u00e9pszer\u0171s\u00e9gnek \u00f6rvendenek a szilikon csalik a perget\u0151 horg\u00e1szok k\u00f6r\u00e9ben. Gumihal, plasztik csali minden valamire val\u00f3 horg\u00e1szbolt k\u00edn\u00e1lat\u00e1ban szerepel, mint ahogy az Ebihalon is. S\u0151t, n\u00e1lunk a gumi csali a vezet\u0151 term\u00e9kk\u00f6r, m\u0171csalijaink nagy r\u00e9sze gumihal, twister \u00e9s egy\u00e9b szilikon kreat\u00fara.<\/p>\n\n\n<div data-block-name=\"woocommerce\/handpicked-products\" data-columns=\"4\" data-content-visibility=\"{&quot;title&quot;:true,&quot;price&quot;:false,&quot;rating&quot;:false,&quot;button&quot;:false}\" data-edit-mode=\"false\" data-products=\"[1184,1291,2849,1644]\" class=\"wc-block-grid wp-block-handpicked-products wp-block-woocommerce-handpicked-products wc-block-handpicked-products has-4-columns has-multiple-rows\"><ul class=\"wc-block-grid__products\"><li class=\"wc-block-grid__product\">\n\t\t\t\t<a href=\"https:\/\/www.ebihal.hu\/en\/shop\/mucsali\/gumicsali\/narval\/choppy-tail\/choppy-tail-8cm\/narval-choppy-tail-pepper-lemon-8cm\/\" class=\"wc-block-grid__product-link\">\n\t\t\t\t\t\n\t\t\t\t\t<div class=\"wc-block-grid__product-image\"><img loading=\"lazy\" decoding=\"async\" width=\"300\" height=\"300\" src=\"https:\/\/www.ebihal.hu\/wp-content\/uploads\/2021\/02\/015-300x300.jpg\" class=\"attachment-woocommerce_thumbnail size-woocommerce_thumbnail\" alt=\"Narval Choppy Tail Pepper\/Lemon 12 cm\" srcset=\"https:\/\/www.ebihal.hu\/wp-content\/uploads\/2021\/02\/015-300x300.jpg 300w, https:\/\/www.ebihal.hu\/wp-content\/uploads\/2021\/02\/015-100x100.jpg 100w, https:\/\/www.ebihal.hu\/wp-content\/uploads\/2021\/02\/015-150x150.jpg 150w, https:\/\/www.ebihal.hu\/wp-content\/uploads\/2021\/02\/015-12x12.jpg 12w, https:\/\/www.ebihal.hu\/wp-content\/uploads\/2021\/02\/015-75x75.jpg 75w, https:\/\/www.ebihal.hu\/wp-content\/uploads\/2021\/02\/015.jpg 400w\" sizes=\"auto, (max-width: 300px) 100vw, 300px\" \/><\/div>\n\t\t\t\t\t<div class=\"wc-block-grid__product-title\">Narval Choppy Tail Pepper\/Lemon 8 cm<\/div>\n\t\t\t\t<\/a>\n\t\t\t\t\n\t\t\t\t\n\t\t\t\t\n\t\t\t<\/li><li class=\"wc-block-grid__product\">\n\t\t\t\t<a href=\"https:\/\/www.ebihal.hu\/en\/shop\/mucsali\/gumicsali\/iam-format\/iam-pioneer\/pioneer-74mm\/iam-format-pioneer-74mm-f06\/\" class=\"wc-block-grid__product-link\">\n\t\t\t\t\t\n\t\t\t\t\t<div class=\"wc-block-grid__product-image\"><img loading=\"lazy\" decoding=\"async\" width=\"300\" height=\"300\" src=\"https:\/\/www.ebihal.hu\/wp-content\/uploads\/2021\/03\/f06-300x300.jpg\" class=\"attachment-woocommerce_thumbnail size-woocommerce_thumbnail\" alt=\"IAM Format Pioneer #F06\" srcset=\"https:\/\/www.ebihal.hu\/wp-content\/uploads\/2021\/03\/f06-300x300.jpg 300w, https:\/\/www.ebihal.hu\/wp-content\/uploads\/2021\/03\/f06-150x150.jpg 150w, https:\/\/www.ebihal.hu\/wp-content\/uploads\/2021\/03\/f06-12x12.jpg 12w, https:\/\/www.ebihal.hu\/wp-content\/uploads\/2021\/03\/f06-75x75.jpg 75w, https:\/\/www.ebihal.hu\/wp-content\/uploads\/2021\/03\/f06-100x100.jpg 100w, https:\/\/www.ebihal.hu\/wp-content\/uploads\/2021\/03\/f06.jpg 400w\" sizes=\"auto, (max-width: 300px) 100vw, 300px\" \/><\/div>\n\t\t\t\t\t<div class=\"wc-block-grid__product-title\">IAM Format Pioneer 74mm #F06<\/div>\n\t\t\t\t<\/a>\n\t\t\t\t\n\t\t\t\t\n\t\t\t\t\n\t\t\t<\/li><\/ul><\/div>\n\n\n<h2 class=\"wp-block-heading\"> Gumihal<\/h2>\n\n\n\n<p>A <strong>gumihal<\/strong>,  a hagyom\u00e1nyos shad t\u00edpus\u00fa szilikonok magyar gy\u0171jt\u0151neve. Els\u0151sorban azokat a gumi m\u0171csalikat nevezz\u00fck gumihalnak, amelyek testform\u00e1ja \u00e9s farokkik\u00e9pz\u00e9se hasonl\u00edt a t\u00e1pl\u00e1l\u00e9khalak\u00e9ra, els\u0151sorban a k\u00fcsz, bodorka, v\u00f6r\u00f6ssz\u00e1rny\u00fa keszeg, s\u00fcg\u00e9r, \u00f6kle, g\u00e9b halainkra. De nem ritka, hogy eredm\u00e9nyesen horg\u00e1szhatunk a ragadoz\u00f3 kisebb egyedeit imit\u00e1l\u00f3 gumihalakkal is: \u00edgy kaphat\u00f3 a piacon angolna, csuka, harcsa, s\u00fcll\u0151 form\u00e1j\u00fa-mint\u00e1zat\u00fa gumihal is.<\/p>\n\n\n\n<p>A gumihalak faroklap\u00e1tj\u00e1nak kik\u00e9pz\u00e9se lehet korong alak\u00fa \u00e9s fecskesz\u00e1rny\u00fa. Ez ut\u00f3bbiak els\u0151sorban <a href=\"https:\/\/www.bassmaster.com\/tips\/5-must-know-drop-shot-tactics\" target=\"_blank\" rel=\"noreferrer noopener\">drop-shotoz\u00e1sra<\/a> haszn\u00e1latosak. A gumihal 3-20 cm-es m\u00e9rettartom\u00e1nyban a legelterjedtebb, a hazai horg\u00e1szok &#8211; elad\u00e1si statisztik\u00e1ink szerint &#8211; els\u0151sorban a 7-8 cm-es gumihalakat keresik.<\/p>\n\n\n\n<p>A gumihalak sz\u00ednez\u00e9se nem ismer hat\u00e1rokat. Ma m\u00e1r nem csak egysz\u00edn\u0171 gumihal kaphat\u00f3 a boltokban, mint egykoron, a boldog b\u00e9keid\u0151kben &#8211; t\u00f6bbsz\u00edn\u0171, festett, UV akt\u00edv, gliterezett gumihalak sz\u00e1zai kelletik magukat. Ne legyen k\u00e9ts\u00e9g\u00fcnk afel\u0151l, hogy ez a fajta v\u00e1laszt\u00e9k els\u0151sorban a horg\u00e1szok \u00edzl\u00e9s\u00e9re hivatott hatni, nem a fog\u00e1s eredm\u00e9nyess\u00e9g\u00e9re. Egyik kedvenc gumihalam, a Narval s\u00fcg\u00e9rimit\u00e1ci\u00f3ja vitrinbe k\u00edv\u00e1nkozik, olyan sz\u00e9p: <\/p>\n\n\n\n\n\n<p>A gumihal n\u00e9pszer\u0171s\u00e9g\u00e9nek egyik oka minden bizonnyal &#8211; fog\u00f3ss\u00e1ga mellett &#8211; az \u00e1ra. M\u00edg egy gumihalat \u00e1tlagosan 100-500 Ft-\u00e9rt megvehet\u00fcnk, addig egy hasonl\u00f3 kvalit\u00e1s\u00fa wobbler \u00e1ra 2000-6000 Ft k\u00f6z\u00f6tt alakul. Igaz ugyan, hogy a wobbler hal-\u00e1ll\u00f3bb, de k\u00f6nnyebben is bent marad a v\u00edzben horgoz\u00e1sa miatt.<\/p>\n\n\n\n<p>A gumihal haszn\u00e1lata mellett sz\u00f3l a fentebb eml\u00edtett horgoz\u00e1sbeli saj\u00e1toss\u00e1ga is. Lesz\u00e1m\u00edtva a teny\u00e9rnyi, megpatkolt gumisz\u00f6rnyeket, az \u00e1tlag gumihal 1 darab egy \u00e1g\u00fa horoggal szerelt, \u00edgy sokkal k\u00edm\u00e9letesebben akad, \u00e9s k\u00f6nnyebben is szabad\u00edthat\u00f3, mint a wobblerre szerelt k\u00e9t-h\u00e1rom darab h\u00e1rmashorog.<\/p>\n\n\n\n<p>Ne feledj\u00fck ugyanakkor, hogy a gumihal nem \u00e9pp a kezd\u0151k fegyvere. Wobblert vezetni k\u00f6nnyebben tanulhat\u00f3, mint a plasztikkal val\u00f3 horg\u00e1szat. De mint minden, ez a m\u00f3dszer is hamar elsaj\u00e1t\u00edthat\u00f3, \u00e9s meghozza a v\u00e1gyott sikert haszn\u00e1l\u00f3j\u00e1nak, ha kell\u0151 kitart\u00e1ssal \u00e9s szakmai al\u00e1zattal \u00e1ll a perget\u0151 horg\u00e1szathoz.<\/p>\n\n\n\n<h2 class=\"wp-block-heading\">Twister<\/h2>\n\n\n\n<p>A m\u00falt sz\u00e1zadban, a Mister Twister m\u00e1rkan\u00e9v alatt sikerre vitt twister forma lett a n\u00e9vad\u00f3ja minden olyan gumicsalinak, amelynek ak\u00e1r f\u00e9reg, ak\u00e1r hal alak\u00fa teste nagy, \u00edves farokban v\u00e9gz\u0151dik.<\/p>\n\n\n\n\n\n<p>A twisterek farka rendk\u00edv\u00fcl v\u00e9kony gumib\u00f3l k\u00e9sz\u00fcl, hogy bevontat\u00e1skor akt\u00edvan veressen. Ide\u00e1lis csali minden ragadoz\u00f3ra. B\u00e1r m\u00e1ra m\u00e1r kiss\u00e9 kiment a divatb\u00f3l, sokan m\u00e9gis jobban szeretik, mint a gumihalakat. UL horg\u00e1szok el\u0151nyben r\u00e9szes\u00edtik a 2-5 cm-es hossz\u00fas\u00e1g\u00fa twistereket. Csuk\u00e1z\u00e1sra nem ritka a 20 cm-es monstrum sem.<\/p>\n\n\n\n<h2 class=\"wp-block-heading\">Egy\u00e9b kreat\u00far\u00e1k<\/h2>\n\n\n\n<p>Els\u0151sorban a patakpeca n\u00e9pszer\u0171s\u00e9ge ok\u00e1n, a legyez\u0151 horg\u00e1szat m\u0171csali k\u00edn\u00e1lata \u00e1tsziv\u00e1rgott az elm\u00falt \u00e9vtizedekben a plasztik horg\u00e1szatba is. Egyre finomabb felszerel\u00e9seket tudunk a nanotechnika t\u00e9rh\u00f3d\u00edt\u00e1sa ok\u00e1n \u00f6ssze\u00e1ll\u00edtani, \u00edgy egyre kisebb, egyre \u00f3vatosabb halakat tudunk horogra akasztani. A hagyom\u00e1nyos gumicsalik (gumihal, twister) mellett megjelentek a f\u00e9rgek, a l\u00e1rv\u00e1k \u00e9s a r\u00e1kok is a m\u0171csaligy\u00e1rt\u00f3k k\u00edn\u00e1lat\u00e1ban. Eg\u00e9szen a mormisk\u00e1z\u00f3 1 cm-es mikrobaitekt\u0151l az 5-6 cm-es r\u00e1kokig.<\/p>\n\n\n\n<p> <\/p>\n\n\n<div data-block-name=\"woocommerce\/handpicked-products\" data-columns=\"4\" data-content-visibility=\"{&quot;title&quot;:true,&quot;price&quot;:false,&quot;rating&quot;:false,&quot;button&quot;:false}\" data-edit-mode=\"false\" data-products=\"[2484,2350,3214,2557]\" class=\"wc-block-grid wp-block-handpicked-products wp-block-woocommerce-handpicked-products wc-block-handpicked-products has-4-columns has-multiple-rows\"><ul class=\"wc-block-grid__products\"><li class=\"wc-block-grid__product\">\n\t\t\t\t<a href=\"https:\/\/www.ebihal.hu\/en\/shop\/mucsali\/gumicsali\/prime\/prime-mushy-worms\/prime-mushy-worms-35mm-bubble-gum\/\" class=\"wc-block-grid__product-link\">\n\t\t\t\t\t\n\t\t\t\t\t<div class=\"wc-block-grid__product-image\"><img loading=\"lazy\" decoding=\"async\" width=\"300\" height=\"300\" src=\"https:\/\/www.ebihal.hu\/wp-content\/uploads\/2021\/03\/Bubble-Gum-300x300.jpg\" class=\"attachment-woocommerce_thumbnail size-woocommerce_thumbnail\" alt=\"Prime Mushy worms\" srcset=\"https:\/\/www.ebihal.hu\/wp-content\/uploads\/2021\/03\/Bubble-Gum-300x300.jpg 300w, https:\/\/www.ebihal.hu\/wp-content\/uploads\/2021\/03\/Bubble-Gum-150x150.jpg 150w, https:\/\/www.ebihal.hu\/wp-content\/uploads\/2021\/03\/Bubble-Gum-12x12.jpg 12w, https:\/\/www.ebihal.hu\/wp-content\/uploads\/2021\/03\/Bubble-Gum-512x512.jpg 512w, https:\/\/www.ebihal.hu\/wp-content\/uploads\/2021\/03\/Bubble-Gum-420x420.jpg 420w, https:\/\/www.ebihal.hu\/wp-content\/uploads\/2021\/03\/Bubble-Gum-75x75.jpg 75w, https:\/\/www.ebihal.hu\/wp-content\/uploads\/2021\/03\/Bubble-Gum-100x100.jpg 100w, https:\/\/www.ebihal.hu\/wp-content\/uploads\/2021\/03\/Bubble-Gum.jpg 600w\" sizes=\"auto, (max-width: 300px) 100vw, 300px\" \/><\/div>\n\t\t\t\t\t<div class=\"wc-block-grid__product-title\">PRIME Mushy worms 35mm Bubble Gum<\/div>\n\t\t\t\t<\/a>\n\t\t\t\t\n\t\t\t\t\n\t\t\t\t\n\t\t\t<\/li><\/ul><\/div>\n\n\n<h2 class=\"wp-block-heading\">Gumihal vagy wobbler?<\/h2>\n\n\n\n<p>\u00d6sszegez\u00e9s\u00fcl, summ\u00e1zva a fent le\u00edrtakat: mindkett\u0151nek ott a helye a m\u0171csalis dobozban. Nincs olyan m\u0171csali, sem gumihal, sem wobbler, ami mindenesk\u00e9nt, b\u00e1rmely id\u0151szakban, b\u00e1rmilyen v\u00edzter\u00fcleten, b\u00e1rmely  halfajra eredm\u00e9nyesen haszn\u00e1lhat\u00f3 lenne. K\u00eds\u00e9rletezni \u00e9s dob\u00e1lni kell rend\u00fcletlen\u00fcl!<\/p>\n\n\n\n<p>Hogy megk\u00f6ny\u00edtsem a kezd\u0151k \u00e9let\u00e9t, \u00f6ssze\u00e1ll\u00edtottam saj\u00e1t k\u00edn\u00e1latunkb\u00f3l egy kezd\u0151 szettet, amelynek birtok\u00e1ban a legt\u00f6bb ragadoz\u00f3halra tudunk csalit felk\u00edn\u00e1lni az \u00e9v b\u00e1rmely szak\u00e1ban. Csemeg\u00e9zzetek bel\u0151le:<\/p>\n\n\n\n\n\n<p>Sok \u00f6r\u00f6met k\u00edv\u00e1nok a horg\u00e1szathoz!<\/p>\n","protected":false},"excerpt":{"rendered":"<p>A gumihal dics\u00e9rete Hihetetlen n\u00e9pszer\u0171s\u00e9gnek \u00f6rvendenek a szilikon csalik a perget\u0151 horg\u00e1szok k\u00f6r\u00e9ben. Gumihal, plasztik csali minden valamire val\u00f3 horg\u00e1szbolt k\u00edn\u00e1lat\u00e1ban szerepel, mint ahogy az Ebihalon is. S\u0151t, n\u00e1lunk a gumi csali a vezet\u0151 term\u00e9kk\u00f6r, m\u0171csalijaink nagy r\u00e9sze gumihal, twister \u00e9s egy\u00e9b szilikon kreat\u00fara. Gumihal A gumihal, a hagyom\u00e1nyos shad&hellip; <\/p>","protected":false},"author":1,"featured_media":0,"parent":0,"menu_order":0,"comment_status":"closed","ping_status":"closed","template":"","meta":{"footnotes":""},"class_list":["post-3364","page","type-page","status-publish","hentry"],"yoast_head":"<!-- This site is optimized with the Yoast SEO plugin v27.4 - https:\/\/yoast.com\/product\/yoast-seo-wordpress\/ -->\n<title>Gumihal, plasztik csali - Ebihal<\/title>\n<meta name=\"description\" content=\"A gumihal, a twister \u00e9s a t\u00f6bbi plasztik napjaink legn\u00e9pszer\u0171bb m\u0171csalijai. Milyen t\u00edpus\u00fa gumicsalik vannak, mik a tulajdons\u00e1gaik?\" \/>\n<meta name=\"robots\" content=\"index, follow, max-snippet:-1, max-image-preview:large, max-video-preview:-1\" \/>\n<link rel=\"canonical\" href=\"https:\/\/www.ebihal.hu\/en\/gumihal-plasztik-csali\/\" \/>\n<meta property=\"og:locale\" content=\"en_GB\" \/>\n<meta property=\"og:type\" content=\"article\" \/>\n<meta property=\"og:title\" content=\"Gumihal, plasztik csali - Ebihal\" \/>\n<meta property=\"og:description\" content=\"A gumihal, a twister \u00e9s a t\u00f6bbi plasztik napjaink legn\u00e9pszer\u0171bb m\u0171csalijai. Milyen t\u00edpus\u00fa gumicsalik vannak, mik a tulajdons\u00e1gaik?\" \/>\n<meta property=\"og:url\" content=\"https:\/\/www.ebihal.hu\/en\/gumihal-plasztik-csali\/\" \/>\n<meta property=\"og:site_name\" content=\"Ebihal\" \/>\n<meta property=\"article:publisher\" content=\"https:\/\/www.facebook.com\/ebihal\" \/>\n<meta property=\"article:modified_time\" content=\"2021-03-29T17:19:09+00:00\" \/>\n<meta name=\"twitter:card\" content=\"summary_large_image\" \/>\n<meta name=\"twitter:label1\" content=\"Estimated reading time\" \/>\n\t<meta name=\"twitter:data1\" content=\"3 minutes\" \/>\n<script type=\"application\/ld+json\" class=\"yoast-schema-graph\">{\"@context\":\"https:\\\/\\\/schema.org\",\"@graph\":[{\"@type\":\"WebPage\",\"@id\":\"https:\\\/\\\/www.ebihal.hu\\\/gumihal-plasztik-csali\\\/\",\"url\":\"https:\\\/\\\/www.ebihal.hu\\\/gumihal-plasztik-csali\\\/\",\"name\":\"Gumihal, plasztik csali - Ebihal\",\"isPartOf\":{\"@id\":\"https:\\\/\\\/www.ebihal.hu\\\/#website\"},\"datePublished\":\"2021-03-29T16:55:07+00:00\",\"dateModified\":\"2021-03-29T17:19:09+00:00\",\"description\":\"A gumihal, a twister \u00e9s a t\u00f6bbi plasztik napjaink legn\u00e9pszer\u0171bb m\u0171csalijai. Milyen t\u00edpus\u00fa gumicsalik vannak, mik a tulajdons\u00e1gaik?\",\"breadcrumb\":{\"@id\":\"https:\\\/\\\/www.ebihal.hu\\\/gumihal-plasztik-csali\\\/#breadcrumb\"},\"inLanguage\":\"en-GB\",\"potentialAction\":[{\"@type\":\"ReadAction\",\"target\":[\"https:\\\/\\\/www.ebihal.hu\\\/gumihal-plasztik-csali\\\/\"]}]},{\"@type\":\"BreadcrumbList\",\"@id\":\"https:\\\/\\\/www.ebihal.hu\\\/gumihal-plasztik-csali\\\/#breadcrumb\",\"itemListElement\":[{\"@type\":\"ListItem\",\"position\":1,\"name\":\"Kezd\u0151lap\",\"item\":\"https:\\\/\\\/www.ebihal.hu\\\/\"},{\"@type\":\"ListItem\",\"position\":2,\"name\":\"Gumihal, plasztik csali\"}]},{\"@type\":\"WebSite\",\"@id\":\"https:\\\/\\\/www.ebihal.hu\\\/#website\",\"url\":\"https:\\\/\\\/www.ebihal.hu\\\/\",\"name\":\"Ebihal\",\"description\":\"Fish &amp; Jigs\",\"publisher\":{\"@id\":\"https:\\\/\\\/www.ebihal.hu\\\/#organization\"},\"potentialAction\":[{\"@type\":\"SearchAction\",\"target\":{\"@type\":\"EntryPoint\",\"urlTemplate\":\"https:\\\/\\\/www.ebihal.hu\\\/?s={search_term_string}\"},\"query-input\":{\"@type\":\"PropertyValueSpecification\",\"valueRequired\":true,\"valueName\":\"search_term_string\"}}],\"inLanguage\":\"en-GB\"},{\"@type\":\"Organization\",\"@id\":\"https:\\\/\\\/www.ebihal.hu\\\/#organization\",\"name\":\"Bir\u00f3 Csaba egy\u00e9ni v\u00e1llalkoz\u00f3\",\"url\":\"https:\\\/\\\/www.ebihal.hu\\\/\",\"logo\":{\"@type\":\"ImageObject\",\"inLanguage\":\"en-GB\",\"@id\":\"https:\\\/\\\/www.ebihal.hu\\\/#\\\/schema\\\/logo\\\/image\\\/\",\"url\":\"https:\\\/\\\/www.ebihal.hu\\\/wp-content\\\/uploads\\\/2021\\\/02\\\/brand_logo_mini.png\",\"contentUrl\":\"https:\\\/\\\/www.ebihal.hu\\\/wp-content\\\/uploads\\\/2021\\\/02\\\/brand_logo_mini.png\",\"width\":300,\"height\":300,\"caption\":\"Bir\u00f3 Csaba egy\u00e9ni v\u00e1llalkoz\u00f3\"},\"image\":{\"@id\":\"https:\\\/\\\/www.ebihal.hu\\\/#\\\/schema\\\/logo\\\/image\\\/\"},\"sameAs\":[\"https:\\\/\\\/www.facebook.com\\\/ebihal\"]}]}<\/script>\n<!-- \/ Yoast SEO plugin. -->","yoast_head_json":{"title":"Gumihal, plasztik csali - Ebihal","description":"A gumihal, a twister \u00e9s a t\u00f6bbi plasztik napjaink legn\u00e9pszer\u0171bb m\u0171csalijai. Milyen t\u00edpus\u00fa gumicsalik vannak, mik a tulajdons\u00e1gaik?","robots":{"index":"index","follow":"follow","max-snippet":"max-snippet:-1","max-image-preview":"max-image-preview:large","max-video-preview":"max-video-preview:-1"},"canonical":"https:\/\/www.ebihal.hu\/en\/gumihal-plasztik-csali\/","og_locale":"en_GB","og_type":"article","og_title":"Gumihal, plasztik csali - Ebihal","og_description":"A gumihal, a twister \u00e9s a t\u00f6bbi plasztik napjaink legn\u00e9pszer\u0171bb m\u0171csalijai. Milyen t\u00edpus\u00fa gumicsalik vannak, mik a tulajdons\u00e1gaik?","og_url":"https:\/\/www.ebihal.hu\/en\/gumihal-plasztik-csali\/","og_site_name":"Ebihal","article_publisher":"https:\/\/www.facebook.com\/ebihal","article_modified_time":"2021-03-29T17:19:09+00:00","twitter_card":"summary_large_image","twitter_misc":{"Estimated reading time":"3 minutes"},"schema":{"@context":"https:\/\/schema.org","@graph":[{"@type":"WebPage","@id":"https:\/\/www.ebihal.hu\/gumihal-plasztik-csali\/","url":"https:\/\/www.ebihal.hu\/gumihal-plasztik-csali\/","name":"Gumihal, plasztik csali - Ebihal","isPartOf":{"@id":"https:\/\/www.ebihal.hu\/#website"},"datePublished":"2021-03-29T16:55:07+00:00","dateModified":"2021-03-29T17:19:09+00:00","description":"A gumihal, a twister \u00e9s a t\u00f6bbi plasztik napjaink legn\u00e9pszer\u0171bb m\u0171csalijai. Milyen t\u00edpus\u00fa gumicsalik vannak, mik a tulajdons\u00e1gaik?","breadcrumb":{"@id":"https:\/\/www.ebihal.hu\/gumihal-plasztik-csali\/#breadcrumb"},"inLanguage":"en-GB","potentialAction":[{"@type":"ReadAction","target":["https:\/\/www.ebihal.hu\/gumihal-plasztik-csali\/"]}]},{"@type":"BreadcrumbList","@id":"https:\/\/www.ebihal.hu\/gumihal-plasztik-csali\/#breadcrumb","itemListElement":[{"@type":"ListItem","position":1,"name":"Kezd\u0151lap","item":"https:\/\/www.ebihal.hu\/"},{"@type":"ListItem","position":2,"name":"Gumihal, plasztik csali"}]},{"@type":"WebSite","@id":"https:\/\/www.ebihal.hu\/#website","url":"https:\/\/www.ebihal.hu\/","name":"Ebihal","description":"Fish &amp; Jigs","publisher":{"@id":"https:\/\/www.ebihal.hu\/#organization"},"potentialAction":[{"@type":"SearchAction","target":{"@type":"EntryPoint","urlTemplate":"https:\/\/www.ebihal.hu\/?s={search_term_string}"},"query-input":{"@type":"PropertyValueSpecification","valueRequired":true,"valueName":"search_term_string"}}],"inLanguage":"en-GB"},{"@type":"Organization","@id":"https:\/\/www.ebihal.hu\/#organization","name":"Bir\u00f3 Csaba egy\u00e9ni v\u00e1llalkoz\u00f3","url":"https:\/\/www.ebihal.hu\/","logo":{"@type":"ImageObject","inLanguage":"en-GB","@id":"https:\/\/www.ebihal.hu\/#\/schema\/logo\/image\/","url":"https:\/\/www.ebihal.hu\/wp-content\/uploads\/2021\/02\/brand_logo_mini.png","contentUrl":"https:\/\/www.ebihal.hu\/wp-content\/uploads\/2021\/02\/brand_logo_mini.png","width":300,"height":300,"caption":"Bir\u00f3 Csaba egy\u00e9ni v\u00e1llalkoz\u00f3"},"image":{"@id":"https:\/\/www.ebihal.hu\/#\/schema\/logo\/image\/"},"sameAs":["https:\/\/www.facebook.com\/ebihal"]}]}},"_links":{"self":[{"href":"https:\/\/www.ebihal.hu\/en\/wp-json\/wp\/v2\/pages\/3364","targetHints":{"allow":["GET"]}}],"collection":[{"href":"https:\/\/www.ebihal.hu\/en\/wp-json\/wp\/v2\/pages"}],"about":[{"href":"https:\/\/www.ebihal.hu\/en\/wp-json\/wp\/v2\/types\/page"}],"author":[{"embeddable":true,"href":"https:\/\/www.ebihal.hu\/en\/wp-json\/wp\/v2\/users\/1"}],"replies":[{"embeddable":true,"href":"https:\/\/www.ebihal.hu\/en\/wp-json\/wp\/v2\/comments?post=3364"}],"version-history":[{"count":15,"href":"https:\/\/www.ebihal.hu\/en\/wp-json\/wp\/v2\/pages\/3364\/revisions"}],"predecessor-version":[{"id":3383,"href":"https:\/\/www.ebihal.hu\/en\/wp-json\/wp\/v2\/pages\/3364\/revisions\/3383"}],"wp:attachment":[{"href":"https:\/\/www.ebihal.hu\/en\/wp-json\/wp\/v2\/media?parent=3364"}],"curies":[{"name":"wp","href":"https:\/\/api.w.org\/{rel}","templated":true}]}}